{"id":58143,"date":"2026-04-03T00:46:50","date_gmt":"2026-04-02T21:46:50","guid":{"rendered":"http:\/\/new.ceasuri.md\/shop\/uncategorized\/seiko-presage-style60s-ssa461j1\/"},"modified":"2026-04-20T01:48:05","modified_gmt":"2026-04-19T22:48:05","slug":"seiko-presage-style60s-ssa461j1","status":"publish","type":"product","link":"https:\/\/ceasuri.md\/ru\/shop\/branduri\/seiko\/seiko-presage-style60s-ssa461j1\/","title":{"rendered":"\u0427\u0430\u0441\u044b SEIKO PRESAGE Style60&#8217;s SSA461J1"},"content":{"rendered":"<p>Cu Presage Style60&#8217;s, marca revine la designul vintage al anilor &#8217;60, utiliz\u00e2nd liniile de design tipice acelui deceniu, dar opt\u00e2nd pentru o calitate \u0219i un nivel de finisare foarte moderne.<\/p>\n<p>Ceasul eman\u0103 pur \u0219i simplu stil \u0219i clas\u0103, datorit\u0103 cristalului mineral convex Hardlex \u00een stil vintage, lunetei fixe \u0219i cadranului interesant semi-scheletat.<\/p>\n<p>Diametrul carcasei este modest, de 39,5 mm.<\/p>\n<p>Ceasul este propulsat de un calibru mecanic automat de \u00eencredere, care este vizibil prin spatele carcasei din sticl\u0103. Desigur, aceasta este mi\u0219carea proprie Seiko, care este \u00een concordan\u021b\u0103 cu istoria bogat\u0103 a m\u0103rcii.<\/p>\n<p>Acesta este un ceas excelent pentru purtarea de zi cu zi, cu un aspect elegant care va completa orice look. Iese \u00een eviden\u021b\u0103, dar nu strig\u0103 &#8211; \u00een adev\u0103ratul stil Seiko.<\/p>","protected":false},"excerpt":{"rendered":"<p>Cu Presage Style60&#8217;s, marca revine la designul vintage al anilor &#8217;60, utiliz\u00e2nd liniile de design tipice acelui deceniu, dar opt\u00e2nd pentru o calitate \u0219i un nivel de finisare foarte moderne. Ceasul eman\u0103 pur \u0219i simplu stil \u0219i clas\u0103, datorit\u0103 cristalului mineral convex Hardlex \u00een stil vintage, lunetei fixe \u0219i cadranului interesant semi-scheletat. Diametrul carcasei este [&hellip;]<\/p>\n","protected":false},"featured_media":58144,"comment_status":"closed","ping_status":"open","template":"","meta":{"_acf_changed":false},"product_brand":[],"product_cat":[20,588],"product_tag":[],"class_list":{"0":"post-58143","1":"product","2":"type-product","3":"status-publish","4":"has-post-thumbnail","6":"product_cat-ceasuri-barbati","7":"product_cat-seiko","8":"pa_brand-seiko","9":"pa_braslet-piele","10":"pa_corpus-40mm","11":"pa_forma-rotund","12":"pa_funcii-schelet","13":"pa_garatia-24-luni","14":"pa_korpus-argintiu","15":"pa_material-otel-inoxidabil","16":"pa_mehanizm-mecanic","17":"pa_mehanizm-mecanism-automatic","18":"pa_remeshok-maro","19":"pa_steklo-hardlex-crystal","20":"pa_strana-japonia","21":"pa_voda-5-atm","23":"first","24":"instock","25":"purchasable","26":"product-type-simple"},"acf":[],"_links":{"self":[{"href":"https:\/\/ceasuri.md\/ru\/wp-json\/wp\/v2\/product\/58143","targetHints":{"allow":["GET"]}}],"collection":[{"href":"https:\/\/ceasuri.md\/ru\/wp-json\/wp\/v2\/product"}],"about":[{"href":"https:\/\/ceasuri.md\/ru\/wp-json\/wp\/v2\/types\/product"}],"replies":[{"embeddable":true,"href":"https:\/\/ceasuri.md\/ru\/wp-json\/wp\/v2\/comments?post=58143"}],"wp:featuredmedia":[{"embeddable":true,"href":"https:\/\/ceasuri.md\/ru\/wp-json\/wp\/v2\/media\/58144"}],"wp:attachment":[{"href":"https:\/\/ceasuri.md\/ru\/wp-json\/wp\/v2\/media?parent=58143"}],"wp:term":[{"taxonomy":"product_brand","embeddable":true,"href":"https:\/\/ceasuri.md\/ru\/wp-json\/wp\/v2\/product_brand?post=58143"},{"taxonomy":"product_cat","embeddable":true,"href":"https:\/\/ceasuri.md\/ru\/wp-json\/wp\/v2\/product_cat?post=58143"},{"taxonomy":"product_tag","embeddable":true,"href":"https:\/\/ceasuri.md\/ru\/wp-json\/wp\/v2\/product_tag?post=58143"}],"curies":[{"name":"wp","href":"https:\/\/api.w.org\/{rel}","templated":true}]}}