{"id":58137,"date":"2026-04-03T00:46:50","date_gmt":"2026-04-02T21:46:50","guid":{"rendered":"http:\/\/new.ceasuri.md\/shop\/uncategorized\/seiko-prospex-speedtimer-solar-ssc947p1\/"},"modified":"2026-04-07T04:59:59","modified_gmt":"2026-04-07T01:59:59","slug":"seiko-prospex-speedtimer-solar-ssc947p1","status":"publish","type":"product","link":"https:\/\/ceasuri.md\/ru\/shop\/branduri\/seiko\/seiko-prospex-speedtimer-solar-ssc947p1\/","title":{"rendered":"Ceas SEIKO PROSPEX SPEEDTIMER SOLAR SSC947P1"},"content":{"rendered":"<p>\u00cen 1969, Seiko a lansat primul cronograf automat din lume echipat at\u00e2t cu ambreiaj vertical, c\u00e2t \u0219i cu roat\u0103 cu coloan\u0103, cunoscut sub numele de Seiko Speedtimer. O pies\u0103 din prima serie 6139 Speedtimer a devenit celebr\u0103 ca primul cronograf automat care a c\u0103l\u0103torit \u00een spa\u021biu: \u00een anii &#8217;70, colonelul William Pogue, astronaut NASA, a luat cronograful original \u00eentr-o misiune la Skylab &#8211; prima sta\u021bie spa\u021bial\u0103 american\u0103. Ceasul a devenit poreclit \u201ePogue\u201d, dup\u0103 purt\u0103torul s\u0103u explorator stelar.<\/p>\n<p>Aceast\u0103 reinterpretare modern\u0103 este echipat\u0103 cu o sticl\u0103 curbat\u0103 din safir ultrarezistent\u0103 la zg\u00e2rieturi, cu un strat antireflex pe suprafa\u021ba interioar\u0103, care confer\u0103 utilizatorului o claritate superioar\u0103 a cadranului \u0219i pune \u00een eviden\u021b\u0103 cadranul galben viu, caracteristic originalului 6139.<\/p>\n<p>Ceasul este, de asemenea, etan\u0219at la o rezisten\u021b\u0103 la ap\u0103 de 100 m \u0219i, ca atare, este perfect pentru utilizarea general\u0103 \u00een sporturi de ap\u0103.<\/p>\n<p>Recre\u00e2nd cu acurate\u021be \u201ePogue\u201d, m\u00e2na secund\u0103 \u0219i subcadranul pentru minute de la ora 6 sunt de un ro\u0219u aprins. Cu 12 pete de Lumibrite pe fiecare dintre indicii largi \u00een stil vintage, acest Speedtimer este proiectat pentru a fi lizibil \u00een condi\u021bii de \u00eentuneric.<\/p>\n<p>\u00cen stilul originalului, aceast\u0103 pies\u0103 are un luneta din aluminiu albastru \u0219i ro\u0219u cu o func\u021bie tahimetric\u0103. Br\u0103\u021bara este conic\u0103 de la urechi p\u00e2n\u0103 la cataram\u0103 \u0219i este fixat\u0103 cu o \u00eencuietoare tripl\u0103 cu buton.<\/p>\n<p>Echipat cu calibrul Seiko V192 cu cuar\u021b alimentat cu energie solar\u0103, acesta nu este doar o alegere ecologic\u0103, aceast\u0103 func\u021bionalitate v\u0103 va economisi \u0219i bani pe termen lung. \u00cen mod convenabil, acest ceas se \u00eencarc\u0103 at\u00e2t de la lumina natural\u0103, c\u00e2t \u0219i de la lumina electric\u0103 \u0219i va continua s\u0103 se re\u00eencarce la capacitate maxim\u0103 \u00een timp ce este expus la orice lumin\u0103. Cu o precizie de +\/- 15 secunde pe lun\u0103, acesta are o rezerv\u0103 de energie de 6 luni la \u00eenc\u0103rcare complet\u0103.<\/p>\n<p>Calibrul V192 are o func\u021bie de cronograf de 60 de minute cu o precizie de 1\/5 de secund\u0103 \u0219i un cadran secundar separat de 24 de ore \u00een pozi\u021bia orei 3. Un indicator al rezervei de energie este, de asemenea, pozi\u021bionat pe cadranul secundar la ora 6. O fereastr\u0103 pentru data lunii este pozi\u021bionat\u0103 chiar sub marcajul de la ora 4.<\/p>\n<p>Prospex este o combina\u021bie a cuvintelor \u201eProfessional\u201d \u0219i \u201eSpecifications\u201d. Ceasurile Seiko Prospex sunt concepute pentru a fi practice, fiabile \u0219i durabile; pentru a \u00eendeplini standardele ridicate cerute \u00een medii extreme pentru iubitorii de sport \u0219i aventurieri deopotriv\u0103.<\/p>","protected":false},"excerpt":{"rendered":"<p>\u00cen 1969, Seiko a lansat primul cronograf automat din lume echipat at\u00e2t cu ambreiaj vertical, c\u00e2t \u0219i cu roat\u0103 cu coloan\u0103, cunoscut sub numele de Seiko Speedtimer. O pies\u0103 din prima serie 6139 Speedtimer a devenit celebr\u0103 ca primul cronograf automat care a c\u0103l\u0103torit \u00een spa\u021biu: \u00een anii &#8217;70, colonelul William Pogue, astronaut NASA, a [&hellip;]<\/p>\n","protected":false},"featured_media":58138,"comment_status":"closed","ping_status":"open","template":"","meta":{"_acf_changed":false},"product_brand":[],"product_cat":[20,588],"product_tag":[],"class_list":{"0":"post-58137","1":"product","2":"type-product","3":"status-publish","4":"has-post-thumbnail","6":"product_cat-ceasuri-barbati","7":"product_cat-seiko","8":"pa_brand-seiko","9":"pa_braslet-otel-inoxidabil","10":"pa_corpus-41-mm","11":"pa_forma-rotund","12":"pa_funcii-cronograf","13":"pa_funcii-data","14":"pa_funcii-rezerva-de-energie","15":"pa_funcii-tahimetru","16":"pa_garatia-24-luni","17":"pa_korpus-argintiu","18":"pa_korpus-multicolor","19":"pa_material-aluminiu","20":"pa_material-otel-inoxidabil","21":"pa_mehanizm-baterie-solara","22":"pa_remeshok-argintiu","23":"pa_steklo-cristal-safir","24":"pa_strana-japonia","25":"pa_voda-10-atm","27":"first","28":"instock","29":"purchasable","30":"product-type-simple"},"acf":[],"_links":{"self":[{"href":"https:\/\/ceasuri.md\/ru\/wp-json\/wp\/v2\/product\/58137","targetHints":{"allow":["GET"]}}],"collection":[{"href":"https:\/\/ceasuri.md\/ru\/wp-json\/wp\/v2\/product"}],"about":[{"href":"https:\/\/ceasuri.md\/ru\/wp-json\/wp\/v2\/types\/product"}],"replies":[{"embeddable":true,"href":"https:\/\/ceasuri.md\/ru\/wp-json\/wp\/v2\/comments?post=58137"}],"wp:featuredmedia":[{"embeddable":true,"href":"https:\/\/ceasuri.md\/ru\/wp-json\/wp\/v2\/media\/58138"}],"wp:attachment":[{"href":"https:\/\/ceasuri.md\/ru\/wp-json\/wp\/v2\/media?parent=58137"}],"wp:term":[{"taxonomy":"product_brand","embeddable":true,"href":"https:\/\/ceasuri.md\/ru\/wp-json\/wp\/v2\/product_brand?post=58137"},{"taxonomy":"product_cat","embeddable":true,"href":"https:\/\/ceasuri.md\/ru\/wp-json\/wp\/v2\/product_cat?post=58137"},{"taxonomy":"product_tag","embeddable":true,"href":"https:\/\/ceasuri.md\/ru\/wp-json\/wp\/v2\/product_tag?post=58137"}],"curies":[{"name":"wp","href":"https:\/\/api.w.org\/{rel}","templated":true}]}}