{"id":58113,"date":"2026-04-03T00:46:50","date_gmt":"2026-04-02T21:46:50","guid":{"rendered":"http:\/\/new.ceasuri.md\/shop\/uncategorized\/casio-collection-ae-1600h-1avef\/"},"modified":"2026-04-20T01:47:44","modified_gmt":"2026-04-19T22:47:44","slug":"casio-collection-ae-1600h-1avef","status":"publish","type":"product","link":"https:\/\/ceasuri.md\/ru\/shop\/branduri\/casio\/casio-collection-ae-1600h-1avef\/","title":{"rendered":"\u0427\u0430\u0441\u044b CASIO COLLECTION AE-1600H-1AVEF"},"content":{"rendered":"<p>Stil \u00eendr\u0103zne\u021b, func\u021bionalitate practic\u0103 &#8211; un ceas robust cu un afi\u0219aj LCD mare, u\u0219or de citit \u0219i confortabil \u0219i o carcas\u0103 mare.<\/p>\n<p>Accesul u\u0219or la lumina de fundal LED prin intermediul unui buton de pe partea din fa\u021b\u0103 a carcasei face utilizarea ceasului \u0219i mai convenabil\u0103.<\/p>\n<p>Cu o rezisten\u021b\u0103 la ap\u0103 de 100 de metri \u0219i o durat\u0103 de via\u021b\u0103 a bateriei de 10 ani, nu va trebui s\u0103 v\u0103 face\u021bi griji cu privire la acest ceas pentru o lung\u0103 perioad\u0103 de timp.<\/p>\n<p>Cu timp dual, cronometru, alarm\u0103 \u0219i alte func\u021bii, acest ceas v\u0103 va ajuta \u00een orice moment.<\/p>","protected":false},"excerpt":{"rendered":"<p>Stil \u00eendr\u0103zne\u021b, func\u021bionalitate practic\u0103 &#8211; un ceas robust cu un afi\u0219aj LCD mare, u\u0219or de citit \u0219i confortabil \u0219i o carcas\u0103 mare. Accesul u\u0219or la lumina de fundal LED prin intermediul unui buton de pe partea din fa\u021b\u0103 a carcasei face utilizarea ceasului \u0219i mai convenabil\u0103. Cu o rezisten\u021b\u0103 la ap\u0103 de 100 de metri [&hellip;]<\/p>\n","protected":false},"featured_media":58114,"comment_status":"closed","ping_status":"open","template":"","meta":{"_acf_changed":false},"product_brand":[],"product_cat":[27,20],"product_tag":[],"class_list":{"0":"post-58113","1":"product","2":"type-product","3":"status-publish","4":"has-post-thumbnail","6":"product_cat-casio","7":"product_cat-ceasuri-barbati","8":"pa_brand-casio","9":"pa_braslet-plastic","10":"pa_corpus-50x53mm","11":"pa_forma-octogonala","12":"pa_funcii-alarma","13":"pa_funcii-calendar","14":"pa_funcii-cronometru","15":"pa_funcii-dual-time","16":"pa_funcii-iluminare","17":"pa_garatia-24-luni","18":"pa_korpus-negru","19":"pa_kvarc-quartz","20":"pa_material-plastic","21":"pa_mehanizm-electronic","22":"pa_remeshok-negru","23":"pa_steklo-plastic","24":"pa_strana-japonia","25":"pa_voda-10-atm","27":"first","28":"instock","29":"purchasable","30":"product-type-simple"},"acf":[],"_links":{"self":[{"href":"https:\/\/ceasuri.md\/ru\/wp-json\/wp\/v2\/product\/58113","targetHints":{"allow":["GET"]}}],"collection":[{"href":"https:\/\/ceasuri.md\/ru\/wp-json\/wp\/v2\/product"}],"about":[{"href":"https:\/\/ceasuri.md\/ru\/wp-json\/wp\/v2\/types\/product"}],"replies":[{"embeddable":true,"href":"https:\/\/ceasuri.md\/ru\/wp-json\/wp\/v2\/comments?post=58113"}],"wp:featuredmedia":[{"embeddable":true,"href":"https:\/\/ceasuri.md\/ru\/wp-json\/wp\/v2\/media\/58114"}],"wp:attachment":[{"href":"https:\/\/ceasuri.md\/ru\/wp-json\/wp\/v2\/media?parent=58113"}],"wp:term":[{"taxonomy":"product_brand","embeddable":true,"href":"https:\/\/ceasuri.md\/ru\/wp-json\/wp\/v2\/product_brand?post=58113"},{"taxonomy":"product_cat","embeddable":true,"href":"https:\/\/ceasuri.md\/ru\/wp-json\/wp\/v2\/product_cat?post=58113"},{"taxonomy":"product_tag","embeddable":true,"href":"https:\/\/ceasuri.md\/ru\/wp-json\/wp\/v2\/product_tag?post=58113"}],"curies":[{"name":"wp","href":"https:\/\/api.w.org\/{rel}","templated":true}]}}