{"id":58096,"date":"2026-04-03T00:46:50","date_gmt":"2026-04-02T21:46:50","guid":{"rendered":"http:\/\/new.ceasuri.md\/shop\/uncategorized\/casio-g-shock-dwe-5600jb-1a9er\/"},"modified":"2026-04-15T21:05:06","modified_gmt":"2026-04-15T18:05:06","slug":"casio-g-shock-dwe-5600jb-1a9er","status":"publish","type":"product","link":"https:\/\/ceasuri.md\/ru\/shop\/branduri\/casio\/casio-g-shock-dwe-5600jb-1a9er\/","title":{"rendered":"Ceas CASIO G-SHOCK DWE-5600JB-1A9ER"},"content":{"rendered":"<p>Cresc\u00e2nd, J Balvin a gravitat \u00eentotdeauna \u00een jurul G-SHOCK, asociind ceasul cu un sentiment cald de \u00eemputernicire, \u0219i l-a ales ca accesoriu preferat \u00eenc\u0103 de c\u00e2nd era mai t\u00e2n\u0103r. Pentru prima dat\u0103, G-SHOCK \u0219i J Balvin se reunesc cu m\u00e2ndrie pentru a prezenta un design G-SHOCK de inspira\u021bie irezistibil\u0103 &#8211; marc\u00e2nd primul parteneriat al brandului global cu un artist latin.<\/p>\n<p>Artistul columbian \u0219i-a consolidat numele ca un superstar global, lans\u00e2nd nenum\u0103rate melodii de succes la nivel mondial.<\/p>\n<p>Pentru aceast\u0103 colaborare, designul \u00eencorporeaz\u0103 textul \u201eMA&#8217;G\u201d, expresia sa pentru cei apropia\u021bi, iar indicatorii de mod sunt scri\u0219i de m\u00e2n\u0103 \u00een spaniol\u0103 chiar de J Balvin, ad\u0103ug\u00e2nd astfel o not\u0103 personal\u0103 \u0219i f\u0103c\u00e2nd din MA G-SHOCK primul ceas care folose\u0219te text \u00een spaniol\u0103.<\/p>\n<p>Modelul vine cu luneta \u0219i banda interschimbabile \u00een dou\u0103 culori diferite &#8211; galben mat translucid \u0219i negru clasic, cu banda ceasului, spatele carcasei \u0219i lumina de fundal LED, toate av\u00e2nd un logo bazat pe semn\u0103tura sa Lightning Bolt.<\/p>\n<p>\u00cempreun\u0103 cu ambalajul negru translucid, acest ceas singular \u00eentruchipeaz\u0103 c\u0103utarea experien\u021bei supreme, pe care artistul muzical de clas\u0103 mondial\u0103 \u0219i G-SHOCK o \u00eemp\u0103rt\u0103\u0219esc.<\/p>\n<p>Ceasul se bazeaz\u0103 pe seria DWE-5600 \u0219i are o construc\u021bie Carbon Core Guard, rezisten\u021b\u0103 la ap\u0103 de 200 m, iluminare cu LED \u0219i o durat\u0103 de via\u021b\u0103 a bateriei de p\u00e2n\u0103 la cinci ani.<\/p>\n<p>Caracteristicile ceasului includ alarme multiple, un cronometru de 1\/100 de secund\u0103 \u0219i un cronometru cu num\u0103r\u0103toare invers\u0103.<\/p>","protected":false},"excerpt":{"rendered":"<p>Cresc\u00e2nd, J Balvin a gravitat \u00eentotdeauna \u00een jurul G-SHOCK, asociind ceasul cu un sentiment cald de \u00eemputernicire, \u0219i l-a ales ca accesoriu preferat \u00eenc\u0103 de c\u00e2nd era mai t\u00e2n\u0103r. Pentru prima dat\u0103, G-SHOCK \u0219i J Balvin se reunesc cu m\u00e2ndrie pentru a prezenta un design G-SHOCK de inspira\u021bie irezistibil\u0103 &#8211; marc\u00e2nd primul parteneriat al brandului [&hellip;]<\/p>\n","protected":false},"featured_media":58097,"comment_status":"closed","ping_status":"open","template":"","meta":{"_acf_changed":false},"product_brand":[],"product_cat":[27,20,419],"product_tag":[],"class_list":{"0":"post-58096","1":"product","2":"type-product","3":"status-publish","4":"has-post-thumbnail","6":"product_cat-casio","7":"product_cat-ceasuri-barbati","8":"product_cat-g-shock","9":"pa_brand-casio","10":"pa_brand-g-shock","11":"pa_braslet-plastic","12":"pa_corpus-44x49mm","13":"pa_forma-octogonala","14":"pa_funcii-alarma","15":"pa_funcii-calendar","16":"pa_funcii-cronometru","17":"pa_funcii-iluminare","18":"pa_funcii-set-cadou","19":"pa_funcii-special-edition","20":"pa_garatia-24-luni","21":"pa_korpus-galben","22":"pa_korpus-negru","23":"pa_korpus-transparent","24":"pa_kvarc-quartz","25":"pa_material-carbon","26":"pa_material-plastic","27":"pa_mehanizm-electronic","28":"pa_remeshok-galben","29":"pa_remeshok-negru","30":"pa_remeshok-transparent","31":"pa_steklo-cristal-mineral","32":"pa_strana-japonia","33":"pa_voda-20-atm","35":"first","36":"instock","37":"purchasable","38":"product-type-simple"},"acf":[],"_links":{"self":[{"href":"https:\/\/ceasuri.md\/ru\/wp-json\/wp\/v2\/product\/58096","targetHints":{"allow":["GET"]}}],"collection":[{"href":"https:\/\/ceasuri.md\/ru\/wp-json\/wp\/v2\/product"}],"about":[{"href":"https:\/\/ceasuri.md\/ru\/wp-json\/wp\/v2\/types\/product"}],"replies":[{"embeddable":true,"href":"https:\/\/ceasuri.md\/ru\/wp-json\/wp\/v2\/comments?post=58096"}],"wp:featuredmedia":[{"embeddable":true,"href":"https:\/\/ceasuri.md\/ru\/wp-json\/wp\/v2\/media\/58097"}],"wp:attachment":[{"href":"https:\/\/ceasuri.md\/ru\/wp-json\/wp\/v2\/media?parent=58096"}],"wp:term":[{"taxonomy":"product_brand","embeddable":true,"href":"https:\/\/ceasuri.md\/ru\/wp-json\/wp\/v2\/product_brand?post=58096"},{"taxonomy":"product_cat","embeddable":true,"href":"https:\/\/ceasuri.md\/ru\/wp-json\/wp\/v2\/product_cat?post=58096"},{"taxonomy":"product_tag","embeddable":true,"href":"https:\/\/ceasuri.md\/ru\/wp-json\/wp\/v2\/product_tag?post=58096"}],"curies":[{"name":"wp","href":"https:\/\/api.w.org\/{rel}","templated":true}]}}