{"id":58089,"date":"2026-04-03T00:46:50","date_gmt":"2026-04-02T21:46:50","guid":{"rendered":"http:\/\/new.ceasuri.md\/shop\/uncategorized\/casio-collection-f-91wpc-1aer\/"},"modified":"2026-04-07T04:59:55","modified_gmt":"2026-04-07T01:59:55","slug":"casio-collection-f-91wpc-1aer","status":"publish","type":"product","link":"https:\/\/ceasuri.md\/ru\/shop\/branduri\/casio\/casio-collection-f-91wpc-1aer\/","title":{"rendered":"Ceas CASIO COLLECTION F-91WPC-1AER"},"content":{"rendered":"<p>V\u0103 prezent\u0103m ceasurile Casio pentru cea de-a 45-a aniversare a jocului PAC-MAN \u00een 2025.<\/p>\n<p>Cu un design juc\u0103u\u0219 \u0219i atingeri nostalgice, aceast\u0103 gam\u0103 aduce la via\u021b\u0103 lumea lui PAC-MAN, jocul popular de la Namco Bandai Entertainment.<\/p>\n<p>Literele \u00eendr\u0103zne\u021be cu PAC-MAN \u0219i cele patru GHOSTS (Blinky, Pinky, Inky \u0219i Clyde) \u0219i o palet\u0103 de culori neon luminoase dau designului un aer plin de via\u021b\u0103. Bucla curelei este gravat\u0103 cu cuvintele \u201eWAKA WAKA\u201d &#8211; sunetul lui PAC-MAN m\u00e2nc\u00e2nd un biscuit. Partea din spate a ceasului este de asemenea gravat\u0103 cu personajul \u0219i logo-ul PAC-MAN.<\/p>\n<p>Cureaua este fabricat\u0103 din r\u0103\u0219in\u0103 bio, un material care se a\u0219teapt\u0103 s\u0103 contribuie la reducerea impactului asupra mediului.<\/p>\n<p>Ceasul este echipat cu un afi\u0219aj digital care arat\u0103 data, ziua s\u0103pt\u0103m\u00e2nii, cronometrul \u0219i alarma. Acesta vine \u00eentr-un ambalaj special cu un design neon.<\/p>","protected":false},"excerpt":{"rendered":"<p>V\u0103 prezent\u0103m ceasurile Casio pentru cea de-a 45-a aniversare a jocului PAC-MAN \u00een 2025. Cu un design juc\u0103u\u0219 \u0219i atingeri nostalgice, aceast\u0103 gam\u0103 aduce la via\u021b\u0103 lumea lui PAC-MAN, jocul popular de la Namco Bandai Entertainment. Literele \u00eendr\u0103zne\u021be cu PAC-MAN \u0219i cele patru GHOSTS (Blinky, Pinky, Inky \u0219i Clyde) \u0219i o palet\u0103 de culori neon [&hellip;]<\/p>\n","protected":false},"featured_media":58090,"comment_status":"closed","ping_status":"open","template":"","meta":{"_acf_changed":false},"product_brand":[],"product_cat":[27,20,25,566,565],"product_tag":[],"class_list":{"0":"post-58089","1":"product","2":"type-product","3":"status-publish","4":"has-post-thumbnail","6":"product_cat-casio","7":"product_cat-ceasuri-barbati","8":"product_cat-ceasuri-dama","9":"product_cat-pentru-barbati","10":"product_cat-pentru-fete","11":"pa_brand-casio","12":"pa_braslet-plastic","13":"pa_corpus-35x38mm","14":"pa_forma-octogonala","15":"pa_funcii-alarma","16":"pa_funcii-calendar","17":"pa_funcii-cronometru","18":"pa_funcii-iluminare","19":"pa_funcii-special-edition","20":"pa_garatia-24-luni","21":"pa_korpus-negru","22":"pa_material-plastic","23":"pa_mehanizm-electronic","24":"pa_remeshok-negru","25":"pa_steklo-plastic","26":"pa_strana-japonia","27":"pa_voda-3-atm","29":"first","30":"instock","31":"purchasable","32":"product-type-simple"},"acf":[],"_links":{"self":[{"href":"https:\/\/ceasuri.md\/ru\/wp-json\/wp\/v2\/product\/58089","targetHints":{"allow":["GET"]}}],"collection":[{"href":"https:\/\/ceasuri.md\/ru\/wp-json\/wp\/v2\/product"}],"about":[{"href":"https:\/\/ceasuri.md\/ru\/wp-json\/wp\/v2\/types\/product"}],"replies":[{"embeddable":true,"href":"https:\/\/ceasuri.md\/ru\/wp-json\/wp\/v2\/comments?post=58089"}],"wp:featuredmedia":[{"embeddable":true,"href":"https:\/\/ceasuri.md\/ru\/wp-json\/wp\/v2\/media\/58090"}],"wp:attachment":[{"href":"https:\/\/ceasuri.md\/ru\/wp-json\/wp\/v2\/media?parent=58089"}],"wp:term":[{"taxonomy":"product_brand","embeddable":true,"href":"https:\/\/ceasuri.md\/ru\/wp-json\/wp\/v2\/product_brand?post=58089"},{"taxonomy":"product_cat","embeddable":true,"href":"https:\/\/ceasuri.md\/ru\/wp-json\/wp\/v2\/product_cat?post=58089"},{"taxonomy":"product_tag","embeddable":true,"href":"https:\/\/ceasuri.md\/ru\/wp-json\/wp\/v2\/product_tag?post=58089"}],"curies":[{"name":"wp","href":"https:\/\/api.w.org\/{rel}","templated":true}]}}