{"id":58079,"date":"2026-04-03T00:46:50","date_gmt":"2026-04-02T21:46:50","guid":{"rendered":"http:\/\/new.ceasuri.md\/shop\/uncategorized\/casio-g-shock-gd-010-1a1er\/"},"modified":"2026-04-07T04:59:53","modified_gmt":"2026-04-07T01:59:53","slug":"casio-g-shock-gd-010-1a1er","status":"publish","type":"product","link":"https:\/\/ceasuri.md\/ru\/shop\/branduri\/casio\/casio-g-shock-gd-010-1a1er\/","title":{"rendered":"Ceas CASIO G-SHOCK GD-010-1A1ER"},"content":{"rendered":"<p>G-SHOCK cu o baterie de 10 ani, nu va trebui s\u0103 v\u0103 face\u021bi griji \u00een privin\u021ba lor pentru anii urm\u0103tori.<\/p>\n<p>Modelul ofer\u0103 func\u021bii practice precum ora mondial\u0103 \u0219i cronometru, cu un afi\u0219aj mare, u\u0219or de citit \u0219i carcas\u0103 mare.<\/p>\n<p>Butonul frontal faciliteaz\u0103 accesul la lumina LED de luminozitate ridicat\u0103, astfel \u00eenc\u00e2t s\u0103 pute\u021bi citi cu u\u0219urin\u021b\u0103 cadranul, chiar \u0219i \u00een \u00eentuneric.<\/p>\n<p>Fabricat cu r\u0103\u0219in\u0103 bio \u0219i echipat cu o baterie de 10 ani, acest este conceput pentru a fi bun pentru mediu.<\/p>\n<p>Acest design negru trece cu u\u0219urin\u021b\u0103 de la stilul casual la mediul de lucru.<\/p>","protected":false},"excerpt":{"rendered":"<p>G-SHOCK cu o baterie de 10 ani, nu va trebui s\u0103 v\u0103 face\u021bi griji \u00een privin\u021ba lor pentru anii urm\u0103tori. Modelul ofer\u0103 func\u021bii practice precum ora mondial\u0103 \u0219i cronometru, cu un afi\u0219aj mare, u\u0219or de citit \u0219i carcas\u0103 mare. Butonul frontal faciliteaz\u0103 accesul la lumina LED de luminozitate ridicat\u0103, astfel \u00eenc\u00e2t s\u0103 pute\u021bi citi cu [&hellip;]<\/p>\n","protected":false},"featured_media":58080,"comment_status":"closed","ping_status":"open","template":"","meta":{"_acf_changed":false},"product_brand":[],"product_cat":[27,20,419],"product_tag":[],"class_list":{"0":"post-58079","1":"product","2":"type-product","3":"status-publish","4":"has-post-thumbnail","6":"product_cat-casio","7":"product_cat-ceasuri-barbati","8":"product_cat-g-shock","9":"pa_brand-casio","10":"pa_brand-g-shock","11":"pa_braslet-plastic","12":"pa_corpus-52-mm","13":"pa_forma-rotund","14":"pa_funcii-alarma","15":"pa_funcii-calendar","16":"pa_funcii-cronometru","17":"pa_funcii-iluminare","18":"pa_funcii-timp-mondial","19":"pa_garatia-24-luni","20":"pa_korpus-negru","21":"pa_material-carbon","22":"pa_material-plastic","23":"pa_mehanizm-electronic","24":"pa_remeshok-negru","25":"pa_steklo-cristal-mineral","26":"pa_strana-japonia","27":"pa_voda-20-atm","29":"first","30":"instock","31":"purchasable","32":"product-type-simple"},"acf":[],"_links":{"self":[{"href":"https:\/\/ceasuri.md\/ru\/wp-json\/wp\/v2\/product\/58079","targetHints":{"allow":["GET"]}}],"collection":[{"href":"https:\/\/ceasuri.md\/ru\/wp-json\/wp\/v2\/product"}],"about":[{"href":"https:\/\/ceasuri.md\/ru\/wp-json\/wp\/v2\/types\/product"}],"replies":[{"embeddable":true,"href":"https:\/\/ceasuri.md\/ru\/wp-json\/wp\/v2\/comments?post=58079"}],"wp:featuredmedia":[{"embeddable":true,"href":"https:\/\/ceasuri.md\/ru\/wp-json\/wp\/v2\/media\/58080"}],"wp:attachment":[{"href":"https:\/\/ceasuri.md\/ru\/wp-json\/wp\/v2\/media?parent=58079"}],"wp:term":[{"taxonomy":"product_brand","embeddable":true,"href":"https:\/\/ceasuri.md\/ru\/wp-json\/wp\/v2\/product_brand?post=58079"},{"taxonomy":"product_cat","embeddable":true,"href":"https:\/\/ceasuri.md\/ru\/wp-json\/wp\/v2\/product_cat?post=58079"},{"taxonomy":"product_tag","embeddable":true,"href":"https:\/\/ceasuri.md\/ru\/wp-json\/wp\/v2\/product_tag?post=58079"}],"curies":[{"name":"wp","href":"https:\/\/api.w.org\/{rel}","templated":true}]}}