{"id":58074,"date":"2026-04-03T00:46:50","date_gmt":"2026-04-02T21:46:50","guid":{"rendered":"http:\/\/new.ceasuri.md\/shop\/uncategorized\/casio-g-shock-gm-2100ym-8aer\/"},"modified":"2026-04-15T21:05:02","modified_gmt":"2026-04-15T18:05:02","slug":"casio-g-shock-gm-2100ym-8aer","status":"publish","type":"product","link":"https:\/\/ceasuri.md\/ru\/shop\/branduri\/casio\/casio-g-shock-gm-2100ym-8aer\/","title":{"rendered":"Ceas CASIO G-SHOCK GM-2100YM-8AER"},"content":{"rendered":"<p>Estetica monocrom\u0103 asociaz\u0103 o lunet\u0103 metalic\u0103 de culoare argintie cu o br\u0103\u021bar\u0103 din silicon rezistent nou dezvoltat\u0103 \u00een aceea\u0219i culoare.<\/p>\n<p>Suprafa\u021ba benzii este protejat\u0103 cu o foaie de uretan finisat\u0103 cu depunere de vapori argintii pentru a ob\u021bine un luciu metalic \u00eentr-o band\u0103 care se simte minunat pe piele.<\/p>\n<p>Moale \u0219i confortabile la purtare, cu un aspect metalic str\u0103lucitor, aceste ceasuri sunt articole de mod\u0103 care v\u0103 duc oriunde dori\u021bi s\u0103 merge\u021bi.<\/p>\n<p>\u0218i, bine\u00een\u021beles, s\u0103 nu uit\u0103m de standardul G-SHOCK de rezisten\u021b\u0103 la ap\u0103 de 200 de metri, cronometru, cronometru, ora mondial\u0103, func\u021bia practic\u0103 de pliere pentru citirea informa\u021biilor de pe afi\u0219aj \u0219i iluminarea luminescent\u0103 dubl\u0103 pe cadran \u0219i afi\u0219aj.<\/p>","protected":false},"excerpt":{"rendered":"<p>Estetica monocrom\u0103 asociaz\u0103 o lunet\u0103 metalic\u0103 de culoare argintie cu o br\u0103\u021bar\u0103 din silicon rezistent nou dezvoltat\u0103 \u00een aceea\u0219i culoare. Suprafa\u021ba benzii este protejat\u0103 cu o foaie de uretan finisat\u0103 cu depunere de vapori argintii pentru a ob\u021bine un luciu metalic \u00eentr-o band\u0103 care se simte minunat pe piele. Moale \u0219i confortabile la purtare, cu [&hellip;]<\/p>\n","protected":false},"featured_media":58075,"comment_status":"closed","ping_status":"open","template":"","meta":{"_acf_changed":false},"product_brand":[],"product_cat":[27,20,25,419],"product_tag":[],"class_list":{"0":"post-58074","1":"product","2":"type-product","3":"status-publish","4":"has-post-thumbnail","6":"product_cat-casio","7":"product_cat-ceasuri-barbati","8":"product_cat-ceasuri-dama","9":"product_cat-g-shock","10":"pa_brand-casio","11":"pa_brand-g-shock","12":"pa_braslet-silicon","13":"pa_corpus-44-mm","14":"pa_forma-octogonala","15":"pa_funcii-alarma","16":"pa_funcii-calendar","17":"pa_funcii-cronometru","18":"pa_funcii-iluminare","19":"pa_funcii-timp-mondial","20":"pa_funcii-ziua-saptamanii","21":"pa_garatia-24-luni","22":"pa_korpus-argintiu","23":"pa_kvarc-quartz","24":"pa_material-otel-inoxidabil","25":"pa_material-plastic","26":"pa_mehanizm-electronic","27":"pa_mehanizm-quartz","28":"pa_remeshok-argintiu","29":"pa_steklo-cristal-mineral","30":"pa_strana-japonia","31":"pa_voda-20-atm","33":"first","34":"instock","35":"purchasable","36":"product-type-simple"},"acf":[],"_links":{"self":[{"href":"https:\/\/ceasuri.md\/ru\/wp-json\/wp\/v2\/product\/58074","targetHints":{"allow":["GET"]}}],"collection":[{"href":"https:\/\/ceasuri.md\/ru\/wp-json\/wp\/v2\/product"}],"about":[{"href":"https:\/\/ceasuri.md\/ru\/wp-json\/wp\/v2\/types\/product"}],"replies":[{"embeddable":true,"href":"https:\/\/ceasuri.md\/ru\/wp-json\/wp\/v2\/comments?post=58074"}],"wp:featuredmedia":[{"embeddable":true,"href":"https:\/\/ceasuri.md\/ru\/wp-json\/wp\/v2\/media\/58075"}],"wp:attachment":[{"href":"https:\/\/ceasuri.md\/ru\/wp-json\/wp\/v2\/media?parent=58074"}],"wp:term":[{"taxonomy":"product_brand","embeddable":true,"href":"https:\/\/ceasuri.md\/ru\/wp-json\/wp\/v2\/product_brand?post=58074"},{"taxonomy":"product_cat","embeddable":true,"href":"https:\/\/ceasuri.md\/ru\/wp-json\/wp\/v2\/product_cat?post=58074"},{"taxonomy":"product_tag","embeddable":true,"href":"https:\/\/ceasuri.md\/ru\/wp-json\/wp\/v2\/product_tag?post=58074"}],"curies":[{"name":"wp","href":"https:\/\/api.w.org\/{rel}","templated":true}]}}