{"id":58065,"date":"2026-04-03T00:46:50","date_gmt":"2026-04-02T21:46:50","guid":{"rendered":"http:\/\/new.ceasuri.md\/shop\/uncategorized\/casio-g-shock-gm-5600brw-1er\/"},"modified":"2026-04-17T15:13:41","modified_gmt":"2026-04-17T12:13:41","slug":"casio-g-shock-gm-5600brw-1er","status":"publish","type":"product","link":"https:\/\/ceasuri.md\/ru\/shop\/branduri\/casio\/casio-g-shock-gm-5600brw-1er\/","title":{"rendered":"Ceas CASIO G-SHOCK GM-5600BRW-1ER"},"content":{"rendered":"<p>Introducem modele \u00eendr\u0103zne\u021be cu sticl\u0103 de ceas sau cadran care prezint\u0103 modelul original al zidului de c\u0103r\u0103mid\u0103 al primului G-SHOCK \u00een culori vii.<\/p>\n<p>Depunerea de vapori Rainbow reproduce imaginea simbolic\u0103 a zidului de c\u0103r\u0103mid\u0103 \u00een nuan\u021be str\u0103lucitoare de curcubeu care se schimb\u0103 \u00een func\u021bie de lumin\u0103.<\/p>\n<p>Designul colorat r\u0103m\u00e2ne fidel originii G-SHOCK, cu spiritul de tenacitate de care este nevoie pentru a dep\u0103\u0219i barierele \u0219i a dep\u0103\u0219i constant limitele.<\/p>\n<p>Un accesoriu de mod\u0103 cool, colorat, cu un design dinamic care uime\u0219te din orice unghi.<\/p>\n<p>Ceasul este echipat cu un afi\u0219aj digital care arat\u0103 data, ziua s\u0103pt\u0103m\u00e2nii, cronometrul, alarma \u0219i alte func\u021bii.<\/p>\n<p>Ecranul este protejat de sticl\u0103 mineral\u0103 . Pentru o citire u\u0219oar\u0103 \u00een condi\u021bii de lumin\u0103 slab\u0103, ceasul este echipat cu o lumin\u0103 de fundal.<\/p>\n<p>Cu o rezisten\u021b\u0103 la ap\u0103 de 200 de metri, pute\u021bi \u00eenota \u0219i v\u0103 pute\u021bi bucura de alte sporturi acvatice f\u0103r\u0103 probleme.<\/p>","protected":false},"excerpt":{"rendered":"<p>Introducem modele \u00eendr\u0103zne\u021be cu sticl\u0103 de ceas sau cadran care prezint\u0103 modelul original al zidului de c\u0103r\u0103mid\u0103 al primului G-SHOCK \u00een culori vii. Depunerea de vapori Rainbow reproduce imaginea simbolic\u0103 a zidului de c\u0103r\u0103mid\u0103 \u00een nuan\u021be str\u0103lucitoare de curcubeu care se schimb\u0103 \u00een func\u021bie de lumin\u0103. Designul colorat r\u0103m\u00e2ne fidel originii G-SHOCK, cu spiritul de [&hellip;]<\/p>\n","protected":false},"featured_media":58066,"comment_status":"closed","ping_status":"open","template":"","meta":{"_acf_changed":false},"product_brand":[],"product_cat":[27,20,419],"product_tag":[],"class_list":{"0":"post-58065","1":"product","2":"type-product","3":"status-publish","4":"has-post-thumbnail","6":"product_cat-casio","7":"product_cat-ceasuri-barbati","8":"product_cat-g-shock","9":"pa_brand-casio","10":"pa_brand-g-shock","11":"pa_braslet-plastic","12":"pa_corpus-43x49mm","13":"pa_forma-octogonala","14":"pa_funcii-alarma","15":"pa_funcii-calendar","16":"pa_funcii-cronometru","17":"pa_funcii-iluminare","18":"pa_funcii-special-edition","19":"pa_garatia-24-luni","20":"pa_korpus-argintiu","21":"pa_kvarc-quartz","22":"pa_material-otel-inoxidabil","23":"pa_material-plastic","24":"pa_mehanizm-electronic","25":"pa_remeshok-negru","26":"pa_steklo-cristal-mineral","27":"pa_strana-japonia","28":"pa_voda-20-atm","30":"first","31":"instock","32":"purchasable","33":"product-type-simple"},"acf":[],"_links":{"self":[{"href":"https:\/\/ceasuri.md\/ru\/wp-json\/wp\/v2\/product\/58065","targetHints":{"allow":["GET"]}}],"collection":[{"href":"https:\/\/ceasuri.md\/ru\/wp-json\/wp\/v2\/product"}],"about":[{"href":"https:\/\/ceasuri.md\/ru\/wp-json\/wp\/v2\/types\/product"}],"replies":[{"embeddable":true,"href":"https:\/\/ceasuri.md\/ru\/wp-json\/wp\/v2\/comments?post=58065"}],"wp:featuredmedia":[{"embeddable":true,"href":"https:\/\/ceasuri.md\/ru\/wp-json\/wp\/v2\/media\/58066"}],"wp:attachment":[{"href":"https:\/\/ceasuri.md\/ru\/wp-json\/wp\/v2\/media?parent=58065"}],"wp:term":[{"taxonomy":"product_brand","embeddable":true,"href":"https:\/\/ceasuri.md\/ru\/wp-json\/wp\/v2\/product_brand?post=58065"},{"taxonomy":"product_cat","embeddable":true,"href":"https:\/\/ceasuri.md\/ru\/wp-json\/wp\/v2\/product_cat?post=58065"},{"taxonomy":"product_tag","embeddable":true,"href":"https:\/\/ceasuri.md\/ru\/wp-json\/wp\/v2\/product_tag?post=58065"}],"curies":[{"name":"wp","href":"https:\/\/api.w.org\/{rel}","templated":true}]}}