{"id":58058,"date":"2026-04-03T00:46:50","date_gmt":"2026-04-02T21:46:50","guid":{"rendered":"http:\/\/new.ceasuri.md\/shop\/uncategorized\/casio-g-shock-gm-5600ymg-9er\/"},"modified":"2026-04-07T04:59:50","modified_gmt":"2026-04-07T01:59:50","slug":"casio-g-shock-gm-5600ymg-9er","status":"publish","type":"product","link":"https:\/\/ceasuri.md\/ru\/shop\/branduri\/casio\/casio-g-shock-gm-5600ymg-9er\/","title":{"rendered":"Ceas CASIO G-SHOCK GM-5600YMG-9ER"},"content":{"rendered":"<p>Estetica monocrom\u0103 asociaz\u0103 o lunet\u0103 metalic\u0103 colorat\u0103 \u00een auriu cu o band\u0103 din silicon rezistent nou dezvoltat\u0103 \u00een aceea\u0219i culoare.<\/p>\n<p>Suprafa\u021ba benzii este protejat\u0103 cu o foaie de uretan finisat\u0103 cu depunere de vapori \u00een auriu pentru a ob\u021bine o str\u0103lucire metalic\u0103 \u00eentr-o band\u0103 care se simte minunat pe piele.<\/p>\n<p>Ceasul are un afi\u0219aj digital care arat\u0103 data, ziua s\u0103pt\u0103m\u00e2nii, cronometrul, alarma \u0219i alte func\u021bii.<\/p>\n<p>Ecranul este protejat de sticl\u0103 mineral\u0103 . Pentru o citire u\u0219oar\u0103 \u00een condi\u021bii de lumin\u0103 slab\u0103, ceasul este echipat cu o lumin\u0103 de fundal.<\/p>\n<p>Rezisten\u021ba la ap\u0103 a acestui model este de 200 de metri, astfel \u00eenc\u00e2t s\u0103 pute\u021bi \u00eenota \u0219i s\u0103 face\u021bi alte sporturi acvatice f\u0103r\u0103 probleme.<\/p>","protected":false},"excerpt":{"rendered":"<p>Estetica monocrom\u0103 asociaz\u0103 o lunet\u0103 metalic\u0103 colorat\u0103 \u00een auriu cu o band\u0103 din silicon rezistent nou dezvoltat\u0103 \u00een aceea\u0219i culoare. Suprafa\u021ba benzii este protejat\u0103 cu o foaie de uretan finisat\u0103 cu depunere de vapori \u00een auriu pentru a ob\u021bine o str\u0103lucire metalic\u0103 \u00eentr-o band\u0103 care se simte minunat pe piele. Ceasul are un afi\u0219aj digital [&hellip;]<\/p>\n","protected":false},"featured_media":58059,"comment_status":"closed","ping_status":"open","template":"","meta":{"_acf_changed":false},"product_brand":[],"product_cat":[27,20,419],"product_tag":[],"class_list":{"0":"post-58058","1":"product","2":"type-product","3":"status-publish","4":"has-post-thumbnail","6":"product_cat-casio","7":"product_cat-ceasuri-barbati","8":"product_cat-g-shock","9":"pa_brand-casio","10":"pa_brand-g-shock","11":"pa_braslet-silicon","12":"pa_corpus-43x49mm","13":"pa_forma-octogonala","14":"pa_funcii-alarma","15":"pa_funcii-calendar","16":"pa_funcii-cronometru","17":"pa_funcii-iluminare","18":"pa_garatia-24-luni","19":"pa_korpus-auriu","20":"pa_material-otel-inoxidabil","21":"pa_material-plastic","22":"pa_mehanizm-electronic","23":"pa_remeshok-auriu","24":"pa_steklo-cristal-mineral","25":"pa_strana-japonia","26":"pa_voda-20-atm","28":"first","29":"instock","30":"purchasable","31":"product-type-simple"},"acf":[],"_links":{"self":[{"href":"https:\/\/ceasuri.md\/ru\/wp-json\/wp\/v2\/product\/58058","targetHints":{"allow":["GET"]}}],"collection":[{"href":"https:\/\/ceasuri.md\/ru\/wp-json\/wp\/v2\/product"}],"about":[{"href":"https:\/\/ceasuri.md\/ru\/wp-json\/wp\/v2\/types\/product"}],"replies":[{"embeddable":true,"href":"https:\/\/ceasuri.md\/ru\/wp-json\/wp\/v2\/comments?post=58058"}],"wp:featuredmedia":[{"embeddable":true,"href":"https:\/\/ceasuri.md\/ru\/wp-json\/wp\/v2\/media\/58059"}],"wp:attachment":[{"href":"https:\/\/ceasuri.md\/ru\/wp-json\/wp\/v2\/media?parent=58058"}],"wp:term":[{"taxonomy":"product_brand","embeddable":true,"href":"https:\/\/ceasuri.md\/ru\/wp-json\/wp\/v2\/product_brand?post=58058"},{"taxonomy":"product_cat","embeddable":true,"href":"https:\/\/ceasuri.md\/ru\/wp-json\/wp\/v2\/product_cat?post=58058"},{"taxonomy":"product_tag","embeddable":true,"href":"https:\/\/ceasuri.md\/ru\/wp-json\/wp\/v2\/product_tag?post=58058"}],"curies":[{"name":"wp","href":"https:\/\/api.w.org\/{rel}","templated":true}]}}