{"id":58053,"date":"2026-04-03T00:45:50","date_gmt":"2026-04-02T21:45:50","guid":{"rendered":"http:\/\/new.ceasuri.md\/shop\/uncategorized\/casio-g-shock-gm-s110b-8aer\/"},"modified":"2026-04-07T04:59:49","modified_gmt":"2026-04-07T01:59:49","slug":"casio-g-shock-gm-s110b-8aer","status":"publish","type":"product","link":"https:\/\/ceasuri.md\/ru\/shop\/branduri\/casio\/casio-g-shock-gm-s110b-8aer\/","title":{"rendered":"Ceas CASIO G-SHOCK GM-S110B-8AER"},"content":{"rendered":"<p>Aceast\u0103 serie G-Shock unisex este o versiune mai mic\u0103 a modelelor GM-110 \u0219i este potrivit\u0103 chiar \u0219i pentru \u00eencheieturile delicate ale femeilor.<\/p>\n<p>\u00cen ciuda introducerii metalului, acest model cu carcas\u0103 din o\u021bel pe o curea din polimer gri \u00eenchis se m\u00e2ndre\u0219te cu o greutate redus\u0103 de 55 de grame, dimensiuni compacte \u0219i o grosime a carcasei de doar 13 mm.<\/p>\n<p>Ceasul vine \u00eentr-o nuan\u021b\u0103 \u00eentunecat\u0103 concis\u0103, cu un cadran elegant \u0219i discret sub o sticl\u0103 mineral\u0103 temperat\u0103.<\/p>\n<p>Ad\u00e2ncimea \u0219i dimensiunea uimitoare ale cadranului sunt realizate printr-un aranjament multistratificat de componente 3D fin detaliate.<\/p>\n<p>Componentele de culoare metalic\u0103 ale cadranului completeaz\u0103 luneta din o\u021bel inoxidabil, cre\u00e2nd un aspect elegant \u0219i cool.<\/p>\n<p>O alt\u0103 caracteristic\u0103 a ceasului este \u00eenchiderea actualizat\u0103 a curelei, acum v\u0103 va lua doar c\u00e2teva secunde s\u0103 o schimba\u021bi.<\/p>\n<p>Desigur, nu trebuie s\u0103 uit\u0103m de rezisten\u021ba la \u0219ocuri standard G-Shock, rezisten\u021ba la ap\u0103 de 200 de metri, func\u021biile de cronometru, cronometru, ora mondial\u0103, func\u021bia convenabil\u0103 de m\u00e2ini pliabile pentru citirea informa\u021biilor de pe afi\u0219aje, precum \u0219i iluminarea dubl\u0103 luminoas\u0103 a cadranului \u0219i a afi\u0219ajului.<\/p>","protected":false},"excerpt":{"rendered":"<p>Aceast\u0103 serie G-Shock unisex este o versiune mai mic\u0103 a modelelor GM-110 \u0219i este potrivit\u0103 chiar \u0219i pentru \u00eencheieturile delicate ale femeilor. \u00cen ciuda introducerii metalului, acest model cu carcas\u0103 din o\u021bel pe o curea din polimer gri \u00eenchis se m\u00e2ndre\u0219te cu o greutate redus\u0103 de 55 de grame, dimensiuni compacte \u0219i o grosime a [&hellip;]<\/p>\n","protected":false},"featured_media":58054,"comment_status":"closed","ping_status":"open","template":"","meta":{"_acf_changed":false},"product_brand":[],"product_cat":[27,20,25,419],"product_tag":[],"class_list":{"0":"post-58053","1":"product","2":"type-product","3":"status-publish","4":"has-post-thumbnail","6":"product_cat-casio","7":"product_cat-ceasuri-barbati","8":"product_cat-ceasuri-dama","9":"product_cat-g-shock","10":"pa_brand-casio","11":"pa_brand-g-shock","12":"pa_braslet-plastic","13":"pa_corpus-42-mm","14":"pa_forma-rotund","15":"pa_funcii-alarma","16":"pa_funcii-calendar","17":"pa_funcii-cronometru","18":"pa_funcii-iluminare","19":"pa_funcii-timp-mondial","20":"pa_garatia-24-luni","21":"pa_korpus-gri","22":"pa_material-otel-inoxidabil","23":"pa_material-plastic","24":"pa_mehanizm-electronic","25":"pa_mehanizm-quartz","26":"pa_remeshok-negru","27":"pa_steklo-cristal-mineral","28":"pa_strana-japonia","29":"pa_voda-20-atm","31":"first","32":"instock","33":"purchasable","34":"product-type-simple"},"acf":[],"_links":{"self":[{"href":"https:\/\/ceasuri.md\/ru\/wp-json\/wp\/v2\/product\/58053","targetHints":{"allow":["GET"]}}],"collection":[{"href":"https:\/\/ceasuri.md\/ru\/wp-json\/wp\/v2\/product"}],"about":[{"href":"https:\/\/ceasuri.md\/ru\/wp-json\/wp\/v2\/types\/product"}],"replies":[{"embeddable":true,"href":"https:\/\/ceasuri.md\/ru\/wp-json\/wp\/v2\/comments?post=58053"}],"wp:featuredmedia":[{"embeddable":true,"href":"https:\/\/ceasuri.md\/ru\/wp-json\/wp\/v2\/media\/58054"}],"wp:attachment":[{"href":"https:\/\/ceasuri.md\/ru\/wp-json\/wp\/v2\/media?parent=58053"}],"wp:term":[{"taxonomy":"product_brand","embeddable":true,"href":"https:\/\/ceasuri.md\/ru\/wp-json\/wp\/v2\/product_brand?post=58053"},{"taxonomy":"product_cat","embeddable":true,"href":"https:\/\/ceasuri.md\/ru\/wp-json\/wp\/v2\/product_cat?post=58053"},{"taxonomy":"product_tag","embeddable":true,"href":"https:\/\/ceasuri.md\/ru\/wp-json\/wp\/v2\/product_tag?post=58053"}],"curies":[{"name":"wp","href":"https:\/\/api.w.org\/{rel}","templated":true}]}}