{"id":58045,"date":"2026-04-03T00:45:50","date_gmt":"2026-04-02T21:45:50","guid":{"rendered":"http:\/\/new.ceasuri.md\/shop\/uncategorized\/casio-pro-trek-prj-b001b-2er\/"},"modified":"2026-04-20T01:47:50","modified_gmt":"2026-04-19T22:47:50","slug":"casio-pro-trek-prj-b001b-2er","status":"publish","type":"product","link":"https:\/\/ceasuri.md\/ru\/shop\/branduri\/casio\/casio-pro-trek-prj-b001b-2er\/","title":{"rendered":"\u0427\u0430\u0441\u044b CASIO PRO TREK PRJ-B001B-2ER"},"content":{"rendered":"<p>Ie\u0219i\u021bi din calea b\u0103t\u0103torit\u0103 \u0219i merge\u021bi mai departe, cu cel mai u\u0219or PRO TREK de p\u00e2n\u0103 acum, partenerul perfect pentru trasee lungi \u0219i drume\u021bii ultralight.<\/p>\n<p>Modelul trece la un nivel superior cu prima lunet\u0103 de protec\u021bie rotativ\u0103 din linia. Roti\u021bi luneta rotativ\u0103 pentru a comuta \u00eentre dou\u0103 stiluri distincte. Atunci c\u00e2nd este setat pentru a prezenta un design angular elegant care completeaz\u0103 moda de zi cu zi, luneta acoper\u0103 butoanele, \u00eempiedic\u00e2nd ap\u0103sarea accidental\u0103 a butoanelor \u00een timpul plimb\u0103rilor sau \u00een ora\u0219. Roti\u021bi luneta la 45 de grade pentru aspectul mai rotund \u0219i descoperi\u021bi butoanele pentru acces u\u0219or la func\u021bionalitate \u00een timpul drume\u021biilor sau antrenamentelor.<\/p>\n<p>Am dezvoltat un stil complet nou de br\u0103\u021bar\u0103 pentru acest ceas &#8211; br\u0103\u021bara de p\u00e2nz\u0103 cu cordon bungee, inspirat\u0103 de echipamentul de exterior. Combinarea unei benzi de p\u00e2nz\u0103 cu un cordon bungee ofer\u0103 o potrivire mai respirabil\u0103 \u0219i mai confortabil\u0103. Prinde\u021bi cordonul elastic pe c\u00e2rlig pentru a-l purta peste \u00eembr\u0103c\u0103minte exterioar\u0103 grea la fel de u\u0219or ca pe \u00eencheietura m\u00e2inii goale.<\/p>\n<p>\u00cen albastru pr\u0103fuit pentru a se coordona frumos cu natura, cu atingeri de culoare fluorescent\u0103 \u00een cifre \u0219i luneta, acest ceas este conceput pentru a completa moda de exterior.<\/p>\n<p>Dincolo de confort \u0219i stil, acest ceas ofer\u0103 \u0219i func\u021bionalitate superioar\u0103, cu \u00eenc\u0103rcare Tough Solar \u0219i Bluetooth\u00ae pentru asocierea cu un smartphone. Ap\u0103sa\u021bi un buton pe ceas pentru a \u00eenregistra data, ora \u0219i pozi\u021bia pe o hart\u0103 \u00een cadrul aplica\u021biei, o modalitate util\u0103 de a v\u0103 \u00eenregistra activitatea.<\/p>\n<p>Aminti\u021bi-v\u0103 de locurile uluitoare \u00een care a\u021bi fost \u0219i nota\u021bi locurile \u00een care dori\u021bi s\u0103 merge\u021bi din nou. Cel mai u\u0219or PRO TREK de p\u00e2n\u0103 acum \u00ee\u021bi traseaz\u0103 calea c\u0103tre noi moduri de a aprecia marea natur\u0103.<\/p>","protected":false},"excerpt":{"rendered":"<p>Ie\u0219i\u021bi din calea b\u0103t\u0103torit\u0103 \u0219i merge\u021bi mai departe, cu cel mai u\u0219or PRO TREK de p\u00e2n\u0103 acum, partenerul perfect pentru trasee lungi \u0219i drume\u021bii ultralight. Modelul trece la un nivel superior cu prima lunet\u0103 de protec\u021bie rotativ\u0103 din linia. Roti\u021bi luneta rotativ\u0103 pentru a comuta \u00eentre dou\u0103 stiluri distincte. Atunci c\u00e2nd este setat pentru a [&hellip;]<\/p>\n","protected":false},"featured_media":58046,"comment_status":"closed","ping_status":"open","template":"","meta":{"_acf_changed":false},"product_brand":[],"product_cat":[27,571,20],"product_tag":[],"class_list":{"0":"post-58045","1":"product","2":"type-product","3":"status-publish","4":"has-post-thumbnail","6":"product_cat-casio","7":"product_cat-casio-protrek","8":"product_cat-ceasuri-barbati","9":"pa_brand-casio","10":"pa_brand-casio-protrek","11":"pa_braslet-textile","12":"pa_corpus-46-mm","13":"pa_forma-octogonala","14":"pa_funcii-alarma","15":"pa_funcii-bluetooth-smart","16":"pa_funcii-calendar","17":"pa_funcii-cronometru","18":"pa_funcii-iluminare","19":"pa_funcii-rezerva-de-energie","20":"pa_funcii-timp-mondial","21":"pa_garatia-24-luni","22":"pa_korpus-albastru","23":"pa_kvarc-quartz","24":"pa_material-plastic","25":"pa_mehanizm-baterie-solara","26":"pa_mehanizm-electronic","27":"pa_mehanizm-quartz","28":"pa_remeshok-albastru","29":"pa_steklo-cristal-mineral","30":"pa_strana-japonia","31":"pa_voda-10-atm","33":"first","34":"instock","35":"purchasable","36":"product-type-simple"},"acf":[],"_links":{"self":[{"href":"https:\/\/ceasuri.md\/ru\/wp-json\/wp\/v2\/product\/58045","targetHints":{"allow":["GET"]}}],"collection":[{"href":"https:\/\/ceasuri.md\/ru\/wp-json\/wp\/v2\/product"}],"about":[{"href":"https:\/\/ceasuri.md\/ru\/wp-json\/wp\/v2\/types\/product"}],"replies":[{"embeddable":true,"href":"https:\/\/ceasuri.md\/ru\/wp-json\/wp\/v2\/comments?post=58045"}],"wp:featuredmedia":[{"embeddable":true,"href":"https:\/\/ceasuri.md\/ru\/wp-json\/wp\/v2\/media\/58046"}],"wp:attachment":[{"href":"https:\/\/ceasuri.md\/ru\/wp-json\/wp\/v2\/media?parent=58045"}],"wp:term":[{"taxonomy":"product_brand","embeddable":true,"href":"https:\/\/ceasuri.md\/ru\/wp-json\/wp\/v2\/product_brand?post=58045"},{"taxonomy":"product_cat","embeddable":true,"href":"https:\/\/ceasuri.md\/ru\/wp-json\/wp\/v2\/product_cat?post=58045"},{"taxonomy":"product_tag","embeddable":true,"href":"https:\/\/ceasuri.md\/ru\/wp-json\/wp\/v2\/product_tag?post=58045"}],"curies":[{"name":"wp","href":"https:\/\/api.w.org\/{rel}","templated":true}]}}