{"id":58041,"date":"2026-04-03T00:45:50","date_gmt":"2026-04-02T21:45:50","guid":{"rendered":"http:\/\/new.ceasuri.md\/shop\/uncategorized\/casio-collection-ws-1400h-2avef\/"},"modified":"2026-04-20T01:47:50","modified_gmt":"2026-04-19T22:47:50","slug":"casio-collection-ws-1400h-2avef","status":"publish","type":"product","link":"https:\/\/ceasuri.md\/ru\/shop\/branduri\/casio\/casio-collection-ws-1400h-2avef\/","title":{"rendered":"\u0427\u0430\u0441\u044b CASIO COLLECTION WS-1400H-2AVEF"},"content":{"rendered":"<p>Ob\u021bine\u021bi mai mult de la antrenamentele dvs. cu memoria de 60 de ture livrat\u0103 direct la \u00eencheietura m\u00e2inii.<\/p>\n<p>Profita\u021bi la maximum de un ecran LCD u\u0219or de citit chiar \u0219i \u00een timpul alerg\u0103rii, precum \u0219i de butonul de cronometru frontal la \u00eendem\u00e2n\u0103, toate \u00eenvelite \u00eentr-o carcas\u0103 unghiular\u0103 rezistent\u0103.<\/p>\n<p>Rezisten\u021b\u0103 la ap\u0103 de 100 de metri pentru a v\u0103 sc\u0103pa de griji atunci c\u00e2nd ie\u0219i\u021bi \u00een ploaie, o lumin\u0103 LED pentru o citire clar\u0103 \u0219i u\u0219oar\u0103 \u00een spa\u021bii iluminate \u0219i \u00eentunecate \u0219i o durat\u0103 de via\u021b\u0103 a bateriei de 10 ani &#8211; func\u021biile favorabile antrenamentelor v\u0103 permit s\u0103 v\u0103 concentra\u021bi asupra atingerii obiectivelor de alergare.<\/p>","protected":false},"excerpt":{"rendered":"<p>Ob\u021bine\u021bi mai mult de la antrenamentele dvs. cu memoria de 60 de ture livrat\u0103 direct la \u00eencheietura m\u00e2inii. Profita\u021bi la maximum de un ecran LCD u\u0219or de citit chiar \u0219i \u00een timpul alerg\u0103rii, precum \u0219i de butonul de cronometru frontal la \u00eendem\u00e2n\u0103, toate \u00eenvelite \u00eentr-o carcas\u0103 unghiular\u0103 rezistent\u0103. Rezisten\u021b\u0103 la ap\u0103 de 100 de metri [&hellip;]<\/p>\n","protected":false},"featured_media":58042,"comment_status":"closed","ping_status":"open","template":"","meta":{"_acf_changed":false},"product_brand":[],"product_cat":[27,20],"product_tag":[],"class_list":{"0":"post-58041","1":"product","2":"type-product","3":"status-publish","4":"has-post-thumbnail","6":"product_cat-casio","7":"product_cat-ceasuri-barbati","8":"pa_brand-casio","9":"pa_braslet-plastic","10":"pa_corpus-45x48mm","11":"pa_forma-octogonala","12":"pa_funcii-alarma","13":"pa_funcii-calendar","14":"pa_funcii-cronometru","15":"pa_funcii-dual-time","16":"pa_funcii-iluminare","17":"pa_garatia-24-luni","18":"pa_korpus-albastru","19":"pa_kvarc-quartz","20":"pa_material-plastic","21":"pa_mehanizm-electronic","22":"pa_remeshok-albastru","23":"pa_steklo-plastic","24":"pa_strana-japonia","25":"pa_voda-10-atm","27":"first","28":"instock","29":"purchasable","30":"product-type-simple"},"acf":[],"_links":{"self":[{"href":"https:\/\/ceasuri.md\/ru\/wp-json\/wp\/v2\/product\/58041","targetHints":{"allow":["GET"]}}],"collection":[{"href":"https:\/\/ceasuri.md\/ru\/wp-json\/wp\/v2\/product"}],"about":[{"href":"https:\/\/ceasuri.md\/ru\/wp-json\/wp\/v2\/types\/product"}],"replies":[{"embeddable":true,"href":"https:\/\/ceasuri.md\/ru\/wp-json\/wp\/v2\/comments?post=58041"}],"wp:featuredmedia":[{"embeddable":true,"href":"https:\/\/ceasuri.md\/ru\/wp-json\/wp\/v2\/media\/58042"}],"wp:attachment":[{"href":"https:\/\/ceasuri.md\/ru\/wp-json\/wp\/v2\/media?parent=58041"}],"wp:term":[{"taxonomy":"product_brand","embeddable":true,"href":"https:\/\/ceasuri.md\/ru\/wp-json\/wp\/v2\/product_brand?post=58041"},{"taxonomy":"product_cat","embeddable":true,"href":"https:\/\/ceasuri.md\/ru\/wp-json\/wp\/v2\/product_cat?post=58041"},{"taxonomy":"product_tag","embeddable":true,"href":"https:\/\/ceasuri.md\/ru\/wp-json\/wp\/v2\/product_tag?post=58041"}],"curies":[{"name":"wp","href":"https:\/\/api.w.org\/{rel}","templated":true}]}}