{"id":58033,"date":"2026-04-03T00:45:50","date_gmt":"2026-04-02T21:45:50","guid":{"rendered":"http:\/\/new.ceasuri.md\/shop\/uncategorized\/casio-baby-g-bgd-10kkm-1er\/"},"modified":"2026-04-20T01:47:40","modified_gmt":"2026-04-19T22:47:40","slug":"casio-baby-g-bgd-10kkm-1er","status":"publish","type":"product","link":"https:\/\/ceasuri.md\/ru\/shop\/branduri\/casio\/casio-baby-g-bgd-10kkm-1er\/","title":{"rendered":"Ceas CASIO BABY-G BGD-10KKM-1ER"},"content":{"rendered":"<p>Kuromi \u00ee\u0219i une\u0219te for\u021bele cu BGD-10K pentru a s\u0103rb\u0103tori cea de-a 30-a aniversare a BABY-G! Aceast\u0103 colaborare \u00eenc\u00e2nt\u0103toare introduce un design de ceas elegant, plin de detalii fermec\u0103toare, cu Kuromi \u00eentr-o \u021binut\u0103 exclusiv\u0103 inspirat\u0103 de BABY-G.<\/p>\n<p>Acest set de ceasuri \u00een edi\u021bie limitat\u0103 ofer\u0103 posibilit\u0103\u021bi nelimitate de personalizare pentru a-\u021bi pune \u00een valoare stilul. Acesta include un suport violet inspirat de Kuromi, trei bucle de curea interschimbabile \u00een culorile semn\u0103turii sale \u0219i autocolante originale pentru decorarea ceasului sau a accesoriilor.<\/p>\n<p>Designul \u00eencorporeaz\u0103 accente juc\u0103u\u0219e roz \u0219i violet pe o baz\u0103 neagr\u0103 elegant\u0103, completat\u0103 cu imaginea obraznic\u0103 a lui Kuromi \u0219i \u201eBG\u201d (prescurtarea de la BABY-G) pe capota ei. Activa\u021bi lumina pentru a-i descoperi fa\u021ba pe ecranul LCD, al\u0103turi de anima\u021bii pixel-art amuzante precum un surfer, un delfin \u0219i multe altele!<\/p>\n<p>Pentru o versatilitate sporit\u0103, luneta \u0219i banda pot fi \u00eendep\u0103rtate, permi\u021b\u00e2nd ca carcasa ceasului s\u0103 fie plasat\u0103 \u00een suportul personalizat \u0219i transformat\u0103 \u00eentr-un charm adorabil pentru geant\u0103 sau curea.<\/p>\n<p>Partea din spate a carcasei speciale prezint\u0103 o gravur\u0103 s\u0103rb\u0103toreasc\u0103 a lui Kuromi \u00eentr-un motiv inteligent de \u201ecadran de ceas\u201d cu detalii ale acelor de ceas, o aluzie la aniversarea de 30 de ani a BABY-G.<\/p>\n<p>Purtat la \u00eencheietura m\u00e2inii sau ca un accesoriu juc\u0103u\u0219, acest ceas durabil \u0219i versatil va fi un accesoriu elegant pentru fanii Kuromi.<\/p>","protected":false},"excerpt":{"rendered":"<p>Kuromi \u00ee\u0219i une\u0219te for\u021bele cu BGD-10K pentru a s\u0103rb\u0103tori cea de-a 30-a aniversare a BABY-G! Aceast\u0103 colaborare \u00eenc\u00e2nt\u0103toare introduce un design de ceas elegant, plin de detalii fermec\u0103toare, cu Kuromi \u00eentr-o \u021binut\u0103 exclusiv\u0103 inspirat\u0103 de BABY-G. Acest set de ceasuri \u00een edi\u021bie limitat\u0103 ofer\u0103 posibilit\u0103\u021bi nelimitate de personalizare pentru a-\u021bi pune \u00een valoare stilul. Acesta [&hellip;]<\/p>\n","protected":false},"featured_media":58034,"comment_status":"closed","ping_status":"open","template":"","meta":{"_acf_changed":false},"product_brand":[],"product_cat":[27,25,565],"product_tag":[],"class_list":{"0":"post-58033","1":"product","2":"type-product","3":"status-publish","4":"has-post-thumbnail","6":"product_cat-casio","7":"product_cat-ceasuri-dama","8":"product_cat-pentru-fete","9":"pa_brand-casio","10":"pa_braslet-plastic","11":"pa_braslet-silicon","12":"pa_corpus-39x43mm","13":"pa_forma-octogonala","14":"pa_funcii-alarma","15":"pa_funcii-calendar","16":"pa_funcii-cronometru","17":"pa_funcii-iluminare","18":"pa_funcii-set-cadou","19":"pa_funcii-special-edition","20":"pa_funcii-timp-mondial","21":"pa_garatia-24-luni","22":"pa_korpus-negru","23":"pa_korpus-roz","24":"pa_kvarc-quartz","25":"pa_material-plastic","26":"pa_mehanizm-electronic","27":"pa_remeshok-negru","28":"pa_steklo-cristal-mineral","29":"pa_strana-japonia","30":"pa_voda-10-atm","32":"first","33":"instock","34":"purchasable","35":"product-type-simple"},"acf":[],"_links":{"self":[{"href":"https:\/\/ceasuri.md\/ru\/wp-json\/wp\/v2\/product\/58033","targetHints":{"allow":["GET"]}}],"collection":[{"href":"https:\/\/ceasuri.md\/ru\/wp-json\/wp\/v2\/product"}],"about":[{"href":"https:\/\/ceasuri.md\/ru\/wp-json\/wp\/v2\/types\/product"}],"replies":[{"embeddable":true,"href":"https:\/\/ceasuri.md\/ru\/wp-json\/wp\/v2\/comments?post=58033"}],"wp:featuredmedia":[{"embeddable":true,"href":"https:\/\/ceasuri.md\/ru\/wp-json\/wp\/v2\/media\/58034"}],"wp:attachment":[{"href":"https:\/\/ceasuri.md\/ru\/wp-json\/wp\/v2\/media?parent=58033"}],"wp:term":[{"taxonomy":"product_brand","embeddable":true,"href":"https:\/\/ceasuri.md\/ru\/wp-json\/wp\/v2\/product_brand?post=58033"},{"taxonomy":"product_cat","embeddable":true,"href":"https:\/\/ceasuri.md\/ru\/wp-json\/wp\/v2\/product_cat?post=58033"},{"taxonomy":"product_tag","embeddable":true,"href":"https:\/\/ceasuri.md\/ru\/wp-json\/wp\/v2\/product_tag?post=58033"}],"curies":[{"name":"wp","href":"https:\/\/api.w.org\/{rel}","templated":true}]}}