{"id":58025,"date":"2026-04-03T00:45:50","date_gmt":"2026-04-02T21:45:50","guid":{"rendered":"http:\/\/new.ceasuri.md\/shop\/uncategorized\/casio-ring-watch-crw-001-1er\/"},"modified":"2026-04-16T21:32:17","modified_gmt":"2026-04-16T18:32:17","slug":"casio-ring-watch-crw-001-1er","status":"publish","type":"product","link":"https:\/\/ceasuri.md\/ru\/shop\/branduri\/casio\/casio-ring-watch-crw-001-1er\/","title":{"rendered":"Ceas CASIO CRW-001-1ER LE Ring Watch"},"content":{"rendered":"<p>V\u0103 prezent\u0103m primul ceas inelar, \u00een onoarea celei de-a 50-a anivers\u0103ri a Casio Watch.<\/p>\n<p>Un modul miniatural nou dezvoltat \u0219i o tehnologie avansat\u0103 de prelucrare a metalelor au produs un nou stil de ceas digital, at\u00e2t practic, c\u00e2t \u0219i juc\u0103u\u0219. Acest ceas absolut distinctiv exprim\u0103 unicitatea \u0219i originalitatea Casio \u0219i nu face niciodat\u0103 compromisuri nici m\u0103car la cele mai mici detalii. <\/p>\n<p>Ca pies\u0103 de ceas \u0219i ca bijuterie, acest ceas inelar adaug\u0103 o not\u0103 de frumuse\u021be fiec\u0103rui moment.<\/p>\n<p>Carcasa, spatele carcasei \u0219i inelul sunt turnate dintr-o singur\u0103 bucat\u0103 de metal, chiar \u0219i designul cu gropi\u021be de pe br\u0103\u021bar\u0103 fiind reprodus cu fidelitate.<\/p>\n<p>O tehnic\u0103 de lipire a sticlei asigur\u0103 o \u00eenchidere etan\u0219\u0103. Ceasul este construit pentru a fi rezistent la ap\u0103, permi\u021b\u00e2nd \u00een acela\u0219i timp \u00eenlocuirea bateriei.<\/p>\n<p>Inelul are un diametru interior de 20 mm \u0219i o circumferin\u021b\u0103 de 62,8 mm, potrivindu-se unui deget de m\u0103rimea 22 (US 10,5, EU U). Sunt incluse dou\u0103 distan\u021biere de reglare a m\u0103rimii \u00een m\u0103rimile 19 (19 mm diametru interior) \u0219i 16 (18 mm diametru interior).<\/p>\n<p>Modulul ceasului standard este redus cu un factor de 10 folosind un montaj optimizat, de \u00eenalt\u0103 densitate \u0219i o baterie mai mic\u0103 pentru a crea un ceas digital cu 3 butoane care \u00eencape pe deget.<\/p>\n<p>Ecranul LCD cu 6 cifre afi\u0219eaz\u0103 nu numai ora la secund\u0103, ci \u0219i func\u021bii de calendar, or\u0103 dubl\u0103 \u0219i cronometru.<\/p>\n<p>La orice or\u0103 prestabilit\u0103 la alegerea dvs., ceasul inel va emite o str\u0103lucire subtil\u0103, pulsatorie, un semn emo\u021bional pentru sclipirea fugar\u0103 a timpului.<\/p>","protected":false},"excerpt":{"rendered":"<p>V\u0103 prezent\u0103m primul ceas inelar, \u00een onoarea celei de-a 50-a anivers\u0103ri a Casio Watch. Un modul miniatural nou dezvoltat \u0219i o tehnologie avansat\u0103 de prelucrare a metalelor au produs un nou stil de ceas digital, at\u00e2t practic, c\u00e2t \u0219i juc\u0103u\u0219. Acest ceas absolut distinctiv exprim\u0103 unicitatea \u0219i originalitatea Casio \u0219i nu face niciodat\u0103 compromisuri nici [&hellip;]<\/p>\n","protected":false},"featured_media":58026,"comment_status":"closed","ping_status":"open","template":"","meta":{"_acf_changed":false},"product_brand":[],"product_cat":[27,20,25],"product_tag":[],"class_list":{"0":"post-58025","1":"product","2":"type-product","3":"status-publish","4":"has-post-thumbnail","6":"product_cat-casio","7":"product_cat-ceasuri-barbati","8":"product_cat-ceasuri-dama","9":"pa_brand-casio","10":"pa_braslet-otel-inoxidabil","11":"pa_corpus-20x25mm","12":"pa_forma-octogonala","13":"pa_funcii-calendar","14":"pa_funcii-cronometru","15":"pa_funcii-dual-time","16":"pa_funcii-iluminare","17":"pa_funcii-special-edition","18":"pa_garatia-24-luni","19":"pa_korpus-argintiu","20":"pa_kvarc-quartz","21":"pa_material-otel-inoxidabil","22":"pa_mehanizm-electronic","23":"pa_remeshok-argintiu","24":"pa_steklo-cristal-mineral","25":"pa_strana-japonia","26":"pa_voda-3-atm","28":"first","29":"instock","30":"purchasable","31":"product-type-simple"},"acf":[],"_links":{"self":[{"href":"https:\/\/ceasuri.md\/ru\/wp-json\/wp\/v2\/product\/58025","targetHints":{"allow":["GET"]}}],"collection":[{"href":"https:\/\/ceasuri.md\/ru\/wp-json\/wp\/v2\/product"}],"about":[{"href":"https:\/\/ceasuri.md\/ru\/wp-json\/wp\/v2\/types\/product"}],"replies":[{"embeddable":true,"href":"https:\/\/ceasuri.md\/ru\/wp-json\/wp\/v2\/comments?post=58025"}],"wp:featuredmedia":[{"embeddable":true,"href":"https:\/\/ceasuri.md\/ru\/wp-json\/wp\/v2\/media\/58026"}],"wp:attachment":[{"href":"https:\/\/ceasuri.md\/ru\/wp-json\/wp\/v2\/media?parent=58025"}],"wp:term":[{"taxonomy":"product_brand","embeddable":true,"href":"https:\/\/ceasuri.md\/ru\/wp-json\/wp\/v2\/product_brand?post=58025"},{"taxonomy":"product_cat","embeddable":true,"href":"https:\/\/ceasuri.md\/ru\/wp-json\/wp\/v2\/product_cat?post=58025"},{"taxonomy":"product_tag","embeddable":true,"href":"https:\/\/ceasuri.md\/ru\/wp-json\/wp\/v2\/product_tag?post=58025"}],"curies":[{"name":"wp","href":"https:\/\/api.w.org\/{rel}","templated":true}]}}