{"id":58019,"date":"2026-04-03T00:45:50","date_gmt":"2026-04-02T21:45:50","guid":{"rendered":"http:\/\/new.ceasuri.md\/shop\/uncategorized\/casio-g-shock-dw-5600rl-1er\/"},"modified":"2026-04-07T04:59:45","modified_gmt":"2026-04-07T01:59:45","slug":"casio-g-shock-dw-5600rl-1er","status":"publish","type":"product","link":"https:\/\/ceasuri.md\/ru\/shop\/branduri\/casio\/casio-g-shock-dw-5600rl-1er\/","title":{"rendered":"Ceas CASIO G-SHOCK DW-5600RL-1ER"},"content":{"rendered":"<p>O linie de patru stiluri iconice adorate de iubitorii de mod\u0103 \u0219i de sportivi din \u00eentreaga lume pentru capacitatea lor de a evolua odat\u0103 cu schimbarea tendin\u021belor.<\/p>\n<p>Noile ceasuri prezint\u0103 acum schema iconic\u0103 de culori a primului G-SHOCK. Paleta de culori original\u0103 a fost perfect p\u0103strat\u0103: ro\u0219ul iconic G-SHOCK reprezint\u0103 spiritul \u00eendr\u0103zne\u021b de sfidare, albastrul subliniaz\u0103 rezisten\u021ba excep\u021bional\u0103 la ap\u0103, iar galbenul simbolizeaz\u0103 protec\u021bia superioar\u0103 \u00eempotriva \u0219ocurilor.<\/p>\n<p>Ceasul este echipat cu func\u021bii precum cronometru, alarm\u0103 multifunc\u021bional\u0103, cronometru cu num\u0103r\u0103toare invers\u0103 \u0219i iluminare LED pe fundal.<\/p>\n<p>Fundul carcasei din o\u021bel este fixat cu 4 \u0219uruburi. <\/p>\n<p>Curea cu cataram\u0103 clasic\u0103.<\/p>","protected":false},"excerpt":{"rendered":"<p>O linie de patru stiluri iconice adorate de iubitorii de mod\u0103 \u0219i de sportivi din \u00eentreaga lume pentru capacitatea lor de a evolua odat\u0103 cu schimbarea tendin\u021belor. Noile ceasuri prezint\u0103 acum schema iconic\u0103 de culori a primului G-SHOCK. Paleta de culori original\u0103 a fost perfect p\u0103strat\u0103: ro\u0219ul iconic G-SHOCK reprezint\u0103 spiritul \u00eendr\u0103zne\u021b de sfidare, albastrul [&hellip;]<\/p>\n","protected":false},"featured_media":58020,"comment_status":"closed","ping_status":"open","template":"","meta":{"_acf_changed":false},"product_brand":[],"product_cat":[27,20,419],"product_tag":[],"class_list":{"0":"post-58019","1":"product","2":"type-product","3":"status-publish","4":"has-post-thumbnail","6":"product_cat-casio","7":"product_cat-ceasuri-barbati","8":"product_cat-g-shock","9":"pa_brand-casio","10":"pa_brand-g-shock","11":"pa_braslet-plastic","12":"pa_corpus-43x49mm","13":"pa_forma-octogonala","14":"pa_funcii-alarma","15":"pa_funcii-calendar","16":"pa_funcii-cronometru","17":"pa_funcii-iluminare","18":"pa_garatia-24-luni","19":"pa_korpus-negru","20":"pa_material-plastic","21":"pa_mehanizm-electronic","22":"pa_remeshok-negru","23":"pa_steklo-cristal-mineral","24":"pa_strana-japonia","25":"pa_voda-20-atm","27":"first","28":"instock","29":"purchasable","30":"product-type-simple"},"acf":[],"_links":{"self":[{"href":"https:\/\/ceasuri.md\/ru\/wp-json\/wp\/v2\/product\/58019","targetHints":{"allow":["GET"]}}],"collection":[{"href":"https:\/\/ceasuri.md\/ru\/wp-json\/wp\/v2\/product"}],"about":[{"href":"https:\/\/ceasuri.md\/ru\/wp-json\/wp\/v2\/types\/product"}],"replies":[{"embeddable":true,"href":"https:\/\/ceasuri.md\/ru\/wp-json\/wp\/v2\/comments?post=58019"}],"wp:featuredmedia":[{"embeddable":true,"href":"https:\/\/ceasuri.md\/ru\/wp-json\/wp\/v2\/media\/58020"}],"wp:attachment":[{"href":"https:\/\/ceasuri.md\/ru\/wp-json\/wp\/v2\/media?parent=58019"}],"wp:term":[{"taxonomy":"product_brand","embeddable":true,"href":"https:\/\/ceasuri.md\/ru\/wp-json\/wp\/v2\/product_brand?post=58019"},{"taxonomy":"product_cat","embeddable":true,"href":"https:\/\/ceasuri.md\/ru\/wp-json\/wp\/v2\/product_cat?post=58019"},{"taxonomy":"product_tag","embeddable":true,"href":"https:\/\/ceasuri.md\/ru\/wp-json\/wp\/v2\/product_tag?post=58019"}],"curies":[{"name":"wp","href":"https:\/\/api.w.org\/{rel}","templated":true}]}}