{"id":58007,"date":"2026-04-03T00:45:50","date_gmt":"2026-04-02T21:45:50","guid":{"rendered":"http:\/\/new.ceasuri.md\/shop\/uncategorized\/casio-g-shock-ga-2100fl-8aer\/"},"modified":"2026-04-20T01:47:42","modified_gmt":"2026-04-19T22:47:42","slug":"casio-g-shock-ga-2100fl-8aer","status":"publish","type":"product","link":"https:\/\/ceasuri.md\/ru\/shop\/branduri\/casio\/casio-g-shock-ga-2100fl-8aer\/","title":{"rendered":"\u0427\u0430\u0441\u044b CASIO G-SHOCK GA-2100FL-8AER"},"content":{"rendered":"<p>Seria de modele Casio G-Shock ofer\u0103 un ceas potrivit pentru oricine caut\u0103 o combina\u021bie de ceas durabil, sportiv, cu un design atractiv, combinat cu o gam\u0103 bogat\u0103 de func\u021bii. Toate modelele din aceast\u0103 gam\u0103 popular\u0103 la nivel mondial sunt mai rezistente la \u0219ocuri \u0219i impacturi dec\u00e2t ceasurile conven\u021bionale. De asemenea, acestea demonstreaz\u0103 o rezisten\u021b\u0103 sporit\u0103 la c\u00e2mpurile magnetice.<\/p>\n<p>Casio G-Shock GA-2100FL este o nou\u0103 adi\u021bie la seria Flame Inside. Fiecare ceas este unic \u00een schema sa de culori.<\/p>\n<p>Durabilitatea ridicat\u0103 a carcasei este asigurat\u0103 de noua construc\u021bie Carbon Core Guard. Aceasta este realizat\u0103 din r\u0103\u0219in\u0103, \u00eent\u0103rit\u0103 \u0219i consolidat\u0103 cu fibre de carbon, construc\u021bia butoanelor este, de asemenea, special\u0103, protej\u00e2nd modelul de p\u0103trunderea murd\u0103riei. Combina\u021bia men\u021bionat\u0103 mai sus permite crearea unei unit\u0103\u021bi mai compacte \u0219i mai u\u0219oare.<\/p>\n<p>Ceasul are un cadran combinat, analogic \u0219i digital, care afi\u0219eaz\u0103 data, ziua s\u0103pt\u0103m\u00e2nii, cronometrul, alarma \u0219i multe alte func\u021bii pe care le ve\u021bi utiliza \u00een timpul sportului \u0219i al timpului liber.<\/p>\n<p>Carcasa din plastic ranforsat cu fibr\u0103 de carbon a ceasului este completat\u0103 de o curea din r\u0103\u0219in\u0103 care exceleaz\u0103 \u00een ceea ce prive\u0219te durabilitatea \u0219i longevitatea.<\/p>","protected":false},"excerpt":{"rendered":"<p>Seria de modele Casio G-Shock ofer\u0103 un ceas potrivit pentru oricine caut\u0103 o combina\u021bie de ceas durabil, sportiv, cu un design atractiv, combinat cu o gam\u0103 bogat\u0103 de func\u021bii. Toate modelele din aceast\u0103 gam\u0103 popular\u0103 la nivel mondial sunt mai rezistente la \u0219ocuri \u0219i impacturi dec\u00e2t ceasurile conven\u021bionale. De asemenea, acestea demonstreaz\u0103 o rezisten\u021b\u0103 sporit\u0103 [&hellip;]<\/p>\n","protected":false},"featured_media":58008,"comment_status":"closed","ping_status":"open","template":"","meta":{"_acf_changed":false},"product_brand":[],"product_cat":[27,20,25,419],"product_tag":[],"class_list":{"0":"post-58007","1":"product","2":"type-product","3":"status-publish","4":"has-post-thumbnail","6":"product_cat-casio","7":"product_cat-ceasuri-barbati","8":"product_cat-ceasuri-dama","9":"product_cat-g-shock","10":"pa_brand-casio","11":"pa_brand-g-shock","12":"pa_braslet-plastic","13":"pa_corpus-45x49mm","14":"pa_forma-octogonala","15":"pa_funcii-alarma","16":"pa_funcii-calendar","17":"pa_funcii-cronometru","18":"pa_funcii-iluminare","19":"pa_funcii-special-edition","20":"pa_funcii-timp-mondial","21":"pa_funcii-ziua-saptamanii","22":"pa_garatia-24-luni","23":"pa_korpus-gri","24":"pa_kvarc-quartz","25":"pa_material-carbon","26":"pa_material-plastic","27":"pa_mehanizm-electronic","28":"pa_mehanizm-quartz","29":"pa_remeshok-gri","30":"pa_steklo-cristal-mineral","31":"pa_strana-japonia","32":"pa_voda-20-atm","34":"first","35":"instock","36":"purchasable","37":"product-type-simple"},"acf":[],"_links":{"self":[{"href":"https:\/\/ceasuri.md\/ru\/wp-json\/wp\/v2\/product\/58007","targetHints":{"allow":["GET"]}}],"collection":[{"href":"https:\/\/ceasuri.md\/ru\/wp-json\/wp\/v2\/product"}],"about":[{"href":"https:\/\/ceasuri.md\/ru\/wp-json\/wp\/v2\/types\/product"}],"replies":[{"embeddable":true,"href":"https:\/\/ceasuri.md\/ru\/wp-json\/wp\/v2\/comments?post=58007"}],"wp:featuredmedia":[{"embeddable":true,"href":"https:\/\/ceasuri.md\/ru\/wp-json\/wp\/v2\/media\/58008"}],"wp:attachment":[{"href":"https:\/\/ceasuri.md\/ru\/wp-json\/wp\/v2\/media?parent=58007"}],"wp:term":[{"taxonomy":"product_brand","embeddable":true,"href":"https:\/\/ceasuri.md\/ru\/wp-json\/wp\/v2\/product_brand?post=58007"},{"taxonomy":"product_cat","embeddable":true,"href":"https:\/\/ceasuri.md\/ru\/wp-json\/wp\/v2\/product_cat?post=58007"},{"taxonomy":"product_tag","embeddable":true,"href":"https:\/\/ceasuri.md\/ru\/wp-json\/wp\/v2\/product_tag?post=58007"}],"curies":[{"name":"wp","href":"https:\/\/api.w.org\/{rel}","templated":true}]}}