{"id":57999,"date":"2026-04-03T00:45:50","date_gmt":"2026-04-02T21:45:50","guid":{"rendered":"http:\/\/new.ceasuri.md\/shop\/uncategorized\/casio-g-shock-mtg-b2000yst-1aer\/"},"modified":"2026-04-20T01:47:42","modified_gmt":"2026-04-19T22:47:42","slug":"casio-g-shock-mtg-b2000yst-1aer","status":"publish","type":"product","link":"https:\/\/ceasuri.md\/ru\/shop\/branduri\/casio\/casio-g-shock-mtg-b2000yst-1aer\/","title":{"rendered":"\u0427\u0430\u0441\u044b CASIO G-SHOCK MTG-B2000YST-1AER"},"content":{"rendered":"<p>Noul ceas din colec\u021bia G-SHOCK poart\u0103 numele de cod \u201eStorm Chaser\u201d, referindu-se la una dintre activit\u0103\u021bile preferate ale fanilor elementelor aeriene distructive &#8211; furtuni, tornade, tornade \u0219i fulgere.<\/p>\n<p>Luneta este acoperit\u0103 cu IP cu o tranzi\u021bie lin\u0103 de la portocaliu la albastru &#8211; o referire la culorile cerului \u00een timpul unei furtuni cu fulgere. Placarea ionic\u0103 este o protec\u021bie excelent\u0103 \u00eempotriva zg\u00e2rieturilor, astfel \u00eenc\u00e2t v\u0103 ve\u021bi putea bucura de gradientul frumos pentru o lung\u0103 perioad\u0103 de timp. Toate elementele metalice ale carcasei sunt, de asemenea, rezistente la zg\u00e2rieturi: butoane, \u0219uruburi, coroan\u0103, fixare curea \u0219i \u00eenchidere.<\/p>\n<p>MTG-B2000 este una dintre pu\u021binele carcase G-SHOCK cu o construc\u021bie monococ\u0103 dintr-o singur\u0103 bucat\u0103 din fibr\u0103 de carbon. Caseback-ul este complet integrat \u00een carcasa de carbon, fiind o unitate dintr-o singur\u0103 bucat\u0103 pentru o etan\u0219are maxim\u0103.<br \/>\nModelul de pe curea seam\u0103n\u0103 cu curen\u021bii de aer \u0219i norii de pe cer \u00een timpul unei furtuni. Uita\u021bi-v\u0103 doar la c\u00e2t de luminoase sunt m\u00e2inile de pe cadran &#8211; \u00een ciuda stilului \u00eentunecat, lizibilitatea afi\u0219ajului pare perfect\u0103.<\/p>\n<p>Caracteristicile ceasului sunt \u0219i ele impresionante: Bluetooth, Multiband 6, alimentat cu energie solar\u0103, TRIPLE G RESIST (protec\u021bie \u00eempotriva \u0219ocurilor, vibra\u021biilor \u0219i for\u021bei centrifuge), Tough Movement (controleaz\u0103 mi\u0219carea precis\u0103 a acelor), cristal de safir, Carbon Core Guard, cronometru la 24 de ore, cronometru, retroiluminare LED, calendar, rezisten\u021b\u0103 la ap\u0103 200 de metri.<\/p>","protected":false},"excerpt":{"rendered":"<p>Noul ceas din colec\u021bia G-SHOCK poart\u0103 numele de cod \u201eStorm Chaser\u201d, referindu-se la una dintre activit\u0103\u021bile preferate ale fanilor elementelor aeriene distructive &#8211; furtuni, tornade, tornade \u0219i fulgere. Luneta este acoperit\u0103 cu IP cu o tranzi\u021bie lin\u0103 de la portocaliu la albastru &#8211; o referire la culorile cerului \u00een timpul unei furtuni cu fulgere. Placarea [&hellip;]<\/p>\n","protected":false},"featured_media":58000,"comment_status":"closed","ping_status":"open","template":"","meta":{"_acf_changed":false},"product_brand":[],"product_cat":[27,20,419],"product_tag":[],"class_list":{"0":"post-57999","1":"product","2":"type-product","3":"status-publish","4":"has-post-thumbnail","6":"product_cat-casio","7":"product_cat-ceasuri-barbati","8":"product_cat-g-shock","9":"pa_brand-casio","10":"pa_brand-g-shock","11":"pa_braslet-plastic","12":"pa_corpus-50-mm","13":"pa_forma-rotund","14":"pa_funcii-alarma","15":"pa_funcii-bluetooth-smart","16":"pa_funcii-cronometru","17":"pa_funcii-data","18":"pa_funcii-iluminare","19":"pa_funcii-rezerva-de-energie","20":"pa_funcii-special-edition","21":"pa_funcii-timp-mondial","22":"pa_funcii-ziua-saptamanii","23":"pa_garatia-24-luni","24":"pa_korpus-gri","25":"pa_korpus-multicolor","26":"pa_kvarc-quartz","27":"pa_material-carbon","28":"pa_material-otel-inoxidabil","29":"pa_mehanizm-baterie-solara","30":"pa_remeshok-albastru","31":"pa_remeshok-gri","32":"pa_remeshok-transparent","33":"pa_steklo-cristal-safir","34":"pa_strana-japonia","35":"pa_voda-20-atm","37":"first","38":"instock","39":"purchasable","40":"product-type-simple"},"acf":[],"_links":{"self":[{"href":"https:\/\/ceasuri.md\/ru\/wp-json\/wp\/v2\/product\/57999","targetHints":{"allow":["GET"]}}],"collection":[{"href":"https:\/\/ceasuri.md\/ru\/wp-json\/wp\/v2\/product"}],"about":[{"href":"https:\/\/ceasuri.md\/ru\/wp-json\/wp\/v2\/types\/product"}],"replies":[{"embeddable":true,"href":"https:\/\/ceasuri.md\/ru\/wp-json\/wp\/v2\/comments?post=57999"}],"wp:featuredmedia":[{"embeddable":true,"href":"https:\/\/ceasuri.md\/ru\/wp-json\/wp\/v2\/media\/58000"}],"wp:attachment":[{"href":"https:\/\/ceasuri.md\/ru\/wp-json\/wp\/v2\/media?parent=57999"}],"wp:term":[{"taxonomy":"product_brand","embeddable":true,"href":"https:\/\/ceasuri.md\/ru\/wp-json\/wp\/v2\/product_brand?post=57999"},{"taxonomy":"product_cat","embeddable":true,"href":"https:\/\/ceasuri.md\/ru\/wp-json\/wp\/v2\/product_cat?post=57999"},{"taxonomy":"product_tag","embeddable":true,"href":"https:\/\/ceasuri.md\/ru\/wp-json\/wp\/v2\/product_tag?post=57999"}],"curies":[{"name":"wp","href":"https:\/\/api.w.org\/{rel}","templated":true}]}}