{"id":57995,"date":"2026-04-03T00:45:50","date_gmt":"2026-04-02T21:45:50","guid":{"rendered":"http:\/\/new.ceasuri.md\/shop\/uncategorized\/orient-sports-diver-style-mako-ra-aa0003r39b\/"},"modified":"2026-04-20T01:47:37","modified_gmt":"2026-04-19T22:47:37","slug":"orient-sports-diver-style-mako-ra-aa0003r39b","status":"publish","type":"product","link":"https:\/\/ceasuri.md\/ru\/shop\/branduri\/orient\/orient-sports-diver-style-mako-ra-aa0003r39b\/","title":{"rendered":"\u0427\u0430\u0441\u044b ORIENT SPORTS Diver Style Mako RA-AA0003R39B"},"content":{"rendered":"<p>Alegerea perfect\u0103 dac\u0103 sunte\u021bi \u00een c\u0103utarea unui ceas cu un aspect izbitor.<\/p>\n<p>Carcasa, fabricat\u0103 din o\u021bel inoxidabil, atrage privirile datorit\u0103 suprafe\u021bei sale periate \u0219i lustruite.<\/p>\n<p>Carcasa are un diametru de 42 mm \u0219i o \u00een\u0103l\u021bime de 13 mm. \u00cen func\u021bie de gustul individual, va \u00eempodobi aproape orice \u00eencheietur\u0103.<\/p>\n<p>Luneta rotativ\u0103 \u00een sens antiorar iese discret \u00een eviden\u021b\u0103 fa\u021b\u0103 de carcas\u0103, la fel ca \u0219i coroana \u00een\u0219urubat\u0103. Partea din spate a ceasului este din o\u021bel inoxidabil \u0219i se \u00een\u0219urubeaz\u0103, pun\u00e2nd ultimele accente pe designul holistic.<\/p>\n<p>Sticla antireflex Saphire ofer\u0103 o protec\u021bie solid\u0103 \u00eempotriva zg\u00e2rieturilor \u0219i deterior\u0103rilor accidentale. Dedesubt se afl\u0103 cadranul ro\u0219u.<\/p>\n<p>\u00cen inima acestui ceas se afl\u0103 o mi\u0219care automat\u0103 care, a\u0219a cum ar trebui s\u0103 fie ceasurile Orient, garanteaz\u0103 o m\u0103surare precis\u0103 a timpului.<\/p>\n<p>Buna adecvare pentru utilizarea zilnic\u0103 este asigurat\u0103 de rezisten\u021ba la ap\u0103 de 20 ATM.<\/p>\n<p>Br\u0103\u021bara din o\u021bel inoxidabil de \u00eenalt\u0103 calitate cu \u00eenchidere pliabil\u0103 v\u0103 va oferi o pl\u0103cere suplimentar\u0103 \u00een utilizarea noului dvs. ceas.<\/p>","protected":false},"excerpt":{"rendered":"<p>Alegerea perfect\u0103 dac\u0103 sunte\u021bi \u00een c\u0103utarea unui ceas cu un aspect izbitor. Carcasa, fabricat\u0103 din o\u021bel inoxidabil, atrage privirile datorit\u0103 suprafe\u021bei sale periate \u0219i lustruite. Carcasa are un diametru de 42 mm \u0219i o \u00een\u0103l\u021bime de 13 mm. \u00cen func\u021bie de gustul individual, va \u00eempodobi aproape orice \u00eencheietur\u0103. Luneta rotativ\u0103 \u00een sens antiorar iese discret [&hellip;]<\/p>\n","protected":false},"featured_media":57996,"comment_status":"closed","ping_status":"open","template":"","meta":{"_acf_changed":false},"product_brand":[],"product_cat":[20,596],"product_tag":[],"class_list":{"0":"post-57995","1":"product","2":"type-product","3":"status-publish","4":"has-post-thumbnail","6":"product_cat-ceasuri-barbati","7":"product_cat-orient","8":"pa_brand-orient","9":"pa_braslet-otel-inoxidabil","10":"pa_corpus-42-mm","11":"pa_forma-rotund","12":"pa_funcii-data","13":"pa_funcii-ziua-saptamanii","14":"pa_garatia-24-luni","15":"pa_korpus-argintiu","16":"pa_material-otel-inoxidabil","17":"pa_mehanizm-mecanic","18":"pa_mehanizm-mecanism-automatic","19":"pa_remeshok-argintiu","20":"pa_steklo-cristal-safir","21":"pa_strana-japonia","22":"pa_voda-20-atm","24":"first","25":"instock","26":"purchasable","27":"product-type-simple"},"acf":[],"_links":{"self":[{"href":"https:\/\/ceasuri.md\/ru\/wp-json\/wp\/v2\/product\/57995","targetHints":{"allow":["GET"]}}],"collection":[{"href":"https:\/\/ceasuri.md\/ru\/wp-json\/wp\/v2\/product"}],"about":[{"href":"https:\/\/ceasuri.md\/ru\/wp-json\/wp\/v2\/types\/product"}],"replies":[{"embeddable":true,"href":"https:\/\/ceasuri.md\/ru\/wp-json\/wp\/v2\/comments?post=57995"}],"wp:featuredmedia":[{"embeddable":true,"href":"https:\/\/ceasuri.md\/ru\/wp-json\/wp\/v2\/media\/57996"}],"wp:attachment":[{"href":"https:\/\/ceasuri.md\/ru\/wp-json\/wp\/v2\/media?parent=57995"}],"wp:term":[{"taxonomy":"product_brand","embeddable":true,"href":"https:\/\/ceasuri.md\/ru\/wp-json\/wp\/v2\/product_brand?post=57995"},{"taxonomy":"product_cat","embeddable":true,"href":"https:\/\/ceasuri.md\/ru\/wp-json\/wp\/v2\/product_cat?post=57995"},{"taxonomy":"product_tag","embeddable":true,"href":"https:\/\/ceasuri.md\/ru\/wp-json\/wp\/v2\/product_tag?post=57995"}],"curies":[{"name":"wp","href":"https:\/\/api.w.org\/{rel}","templated":true}]}}