{"id":57986,"date":"2026-04-03T00:45:50","date_gmt":"2026-04-02T21:45:50","guid":{"rendered":"http:\/\/new.ceasuri.md\/shop\/uncategorized\/orient-classic-semi-skeleton-ra-ag0002s30b\/"},"modified":"2026-04-20T01:47:38","modified_gmt":"2026-04-19T22:47:38","slug":"orient-classic-semi-skeleton-ra-ag0002s30b","status":"publish","type":"product","link":"https:\/\/ceasuri.md\/ru\/shop\/branduri\/orient\/orient-classic-semi-skeleton-ra-ag0002s30b\/","title":{"rendered":"\u0427\u0430\u0441\u044b ORIENT CLASSIC Semi Skeleton RA-AG0002S30B"},"content":{"rendered":"<p>Ceasul pentru b\u0103rba\u021bi Orient Semi Skeleton este un exemplu excelent de \u00eembinare a stilului clasic cu func\u021bionalitatea.<\/p>\n<p>Echipat cu o mi\u0219care automat\u0103, ceasul are un plic argintiu din o\u021bel inoxidabil cu o l\u0103\u021bime de 41 mm, care \u00eei confer\u0103 un aspect solid. Cadranul alb, care este acoperit de sticl\u0103 mineral\u0103, creeaz\u0103 un contrast cu cureaua din piele maro, care confer\u0103 aspectului general o not\u0103 elegant\u0103.<\/p>\n<p>Ceasul are o fereastr\u0103 deschis\u0103, care este un detaliu interesant ce \u00eei completeaz\u0103 designul.<\/p>\n<p>Rezisten\u021ba la ap\u0103 de p\u00e2n\u0103 la 30 de metri \u00eel face rezistent la stropii minori.<\/p>\n<p>Aceasta este o alegere ideal\u0103 pentru b\u0103rba\u021bii care sunt \u00een c\u0103utarea unui accesoriu elegant \u0219i func\u021bional.<\/p>","protected":false},"excerpt":{"rendered":"<p>Ceasul pentru b\u0103rba\u021bi Orient Semi Skeleton este un exemplu excelent de \u00eembinare a stilului clasic cu func\u021bionalitatea. Echipat cu o mi\u0219care automat\u0103, ceasul are un plic argintiu din o\u021bel inoxidabil cu o l\u0103\u021bime de 41 mm, care \u00eei confer\u0103 un aspect solid. Cadranul alb, care este acoperit de sticl\u0103 mineral\u0103, creeaz\u0103 un contrast cu cureaua [&hellip;]<\/p>\n","protected":false},"featured_media":57987,"comment_status":"closed","ping_status":"open","template":"","meta":{"_acf_changed":false},"product_brand":[],"product_cat":[20,596],"product_tag":[],"class_list":{"0":"post-57986","1":"product","2":"type-product","3":"status-publish","4":"has-post-thumbnail","6":"product_cat-ceasuri-barbati","7":"product_cat-orient","8":"pa_brand-orient","9":"pa_braslet-piele","10":"pa_corpus-41-mm","11":"pa_forma-rotund","12":"pa_funcii-semischelet","13":"pa_garatia-24-luni","14":"pa_korpus-argintiu","15":"pa_material-otel-inoxidabil","16":"pa_mehanizm-mecanic","17":"pa_mehanizm-mecanism-automatic","18":"pa_remeshok-maro","19":"pa_steklo-cristal-mineral","20":"pa_strana-japonia","21":"pa_voda-3-atm","23":"first","24":"instock","25":"purchasable","26":"product-type-simple"},"acf":[],"_links":{"self":[{"href":"https:\/\/ceasuri.md\/ru\/wp-json\/wp\/v2\/product\/57986","targetHints":{"allow":["GET"]}}],"collection":[{"href":"https:\/\/ceasuri.md\/ru\/wp-json\/wp\/v2\/product"}],"about":[{"href":"https:\/\/ceasuri.md\/ru\/wp-json\/wp\/v2\/types\/product"}],"replies":[{"embeddable":true,"href":"https:\/\/ceasuri.md\/ru\/wp-json\/wp\/v2\/comments?post=57986"}],"wp:featuredmedia":[{"embeddable":true,"href":"https:\/\/ceasuri.md\/ru\/wp-json\/wp\/v2\/media\/57987"}],"wp:attachment":[{"href":"https:\/\/ceasuri.md\/ru\/wp-json\/wp\/v2\/media?parent=57986"}],"wp:term":[{"taxonomy":"product_brand","embeddable":true,"href":"https:\/\/ceasuri.md\/ru\/wp-json\/wp\/v2\/product_brand?post=57986"},{"taxonomy":"product_cat","embeddable":true,"href":"https:\/\/ceasuri.md\/ru\/wp-json\/wp\/v2\/product_cat?post=57986"},{"taxonomy":"product_tag","embeddable":true,"href":"https:\/\/ceasuri.md\/ru\/wp-json\/wp\/v2\/product_tag?post=57986"}],"curies":[{"name":"wp","href":"https:\/\/api.w.org\/{rel}","templated":true}]}}