{"id":57982,"date":"2026-04-03T00:45:50","date_gmt":"2026-04-02T21:45:50","guid":{"rendered":"http:\/\/new.ceasuri.md\/shop\/uncategorized\/orient-contemporary-blue-moon-ra-ag0018l30b\/"},"modified":"2026-04-20T01:47:39","modified_gmt":"2026-04-19T22:47:39","slug":"orient-contemporary-blue-moon-ra-ag0018l30b","status":"publish","type":"product","link":"https:\/\/ceasuri.md\/ru\/shop\/branduri\/orient\/orient-contemporary-blue-moon-ra-ag0018l30b\/","title":{"rendered":"\u0427\u0430\u0441\u044b ORIENT CONTEMPORARY Blue Moon RA-AG0018L30B"},"content":{"rendered":"<p>Str\u0103lucitorul ceas Semi Skeleton din colec\u021bia ORIENT Contemporary, numit afectuos \u201eBlue Moon\u201d, combin\u0103 cu pricepere designul str\u0103lucitor al unei nop\u021bi \u00eenstelate cu me\u0219te\u0219ugul precis al unei mi\u0219c\u0103ri.<\/p>\n<p>Inspirat de lumina \u0219i culorile care umplu cerul nop\u021bii, acest nou ceas impresionant pentru femei are fereastra emblematic\u0103 cu jum\u0103tate de schelet la ora 9, permi\u021b\u00e2nd purt\u0103toarei s\u0103 vad\u0103 mi\u0219carea g\u0103zduit\u0103 \u00een interior.<\/p>\n<p>Ceasul are un cadran albastru, indici str\u0103lucitori din cristale Swarovski \u0219i un design de stea c\u0103z\u0103toare care se extinde de la ora 12 la ora 8. Acesta este eviden\u021biat de detalii suplimentare, inclusiv cifre romane la ora 12, un halo albastru str\u0103lucitor \u00een jurul semischeletului \u0219i un accent \u00een form\u0103 de diamant la ora 6.<\/p>\n<p>Tonul albastru intens este completat de o carcas\u0103 din o\u021bel inoxidabil de 36 mm, de m\u00e2ini argintii \u0219i de o curea din piele albastr\u0103.<\/p>","protected":false},"excerpt":{"rendered":"<p>Str\u0103lucitorul ceas Semi Skeleton din colec\u021bia ORIENT Contemporary, numit afectuos \u201eBlue Moon\u201d, combin\u0103 cu pricepere designul str\u0103lucitor al unei nop\u021bi \u00eenstelate cu me\u0219te\u0219ugul precis al unei mi\u0219c\u0103ri. Inspirat de lumina \u0219i culorile care umplu cerul nop\u021bii, acest nou ceas impresionant pentru femei are fereastra emblematic\u0103 cu jum\u0103tate de schelet la ora 9, permi\u021b\u00e2nd purt\u0103toarei s\u0103 [&hellip;]<\/p>\n","protected":false},"featured_media":57983,"comment_status":"closed","ping_status":"open","template":"","meta":{"_acf_changed":false},"product_brand":[],"product_cat":[25,596],"product_tag":[],"class_list":{"0":"post-57982","1":"product","2":"type-product","3":"status-publish","4":"has-post-thumbnail","6":"product_cat-ceasuri-dama","7":"product_cat-orient","8":"pa_brand-orient","9":"pa_braslet-piele","10":"pa_corpus-36-mm","11":"pa_decor-cristale-swarowski","12":"pa_forma-rotund","13":"pa_funcii-semischelet","14":"pa_garatia-24-luni","15":"pa_korpus-argintiu","16":"pa_material-otel-inoxidabil","17":"pa_mehanizm-mecanic","18":"pa_mehanizm-mecanism-automatic","19":"pa_remeshok-albastru-inchis","20":"pa_steklo-cristal-mineral","21":"pa_strana-japonia","22":"pa_voda-3-atm","24":"first","25":"instock","26":"purchasable","27":"product-type-simple"},"acf":[],"_links":{"self":[{"href":"https:\/\/ceasuri.md\/ru\/wp-json\/wp\/v2\/product\/57982","targetHints":{"allow":["GET"]}}],"collection":[{"href":"https:\/\/ceasuri.md\/ru\/wp-json\/wp\/v2\/product"}],"about":[{"href":"https:\/\/ceasuri.md\/ru\/wp-json\/wp\/v2\/types\/product"}],"replies":[{"embeddable":true,"href":"https:\/\/ceasuri.md\/ru\/wp-json\/wp\/v2\/comments?post=57982"}],"wp:featuredmedia":[{"embeddable":true,"href":"https:\/\/ceasuri.md\/ru\/wp-json\/wp\/v2\/media\/57983"}],"wp:attachment":[{"href":"https:\/\/ceasuri.md\/ru\/wp-json\/wp\/v2\/media?parent=57982"}],"wp:term":[{"taxonomy":"product_brand","embeddable":true,"href":"https:\/\/ceasuri.md\/ru\/wp-json\/wp\/v2\/product_brand?post=57982"},{"taxonomy":"product_cat","embeddable":true,"href":"https:\/\/ceasuri.md\/ru\/wp-json\/wp\/v2\/product_cat?post=57982"},{"taxonomy":"product_tag","embeddable":true,"href":"https:\/\/ceasuri.md\/ru\/wp-json\/wp\/v2\/product_tag?post=57982"}],"curies":[{"name":"wp","href":"https:\/\/api.w.org\/{rel}","templated":true}]}}