{"id":57973,"date":"2026-04-03T00:45:50","date_gmt":"2026-04-02T21:45:50","guid":{"rendered":"http:\/\/new.ceasuri.md\/shop\/uncategorized\/orient-contemporary-semi-skeleton-ra-ar0010r30b\/"},"modified":"2026-04-20T01:47:40","modified_gmt":"2026-04-19T22:47:40","slug":"orient-contemporary-semi-skeleton-ra-ar0010r30b","status":"publish","type":"product","link":"https:\/\/ceasuri.md\/ru\/shop\/branduri\/orient\/orient-contemporary-semi-skeleton-ra-ar0010r30b\/","title":{"rendered":"\u0427\u0430\u0441\u044b ORIENT CONTEMPORARY Semi Skeleton RA-AR0010R30B"},"content":{"rendered":"<p>Orient a ad\u0103ugat patru noi modele la seria Semi Skeleton, modelul emblematic al Orient din colec\u021bia Contemporary. Culori populare \u00een \u00eentreaga lume precum alb, ro\u0219u, verde \u0219i albastru deschis au fost \u00eencorporate \u00een cadran, oferind \u0219i mai multe op\u021biuni din care s\u0103 alege\u021bi.<\/p>\n<p>Modelul Semi Skeleton are un cadran unic, cu o fereastr\u0103 semi-scheleton la ora 9 care se suprapune cu cercul mic al secundei de la ora 6, \u0219i o carcas\u0103 &#8222;edgy&#8221; care eman\u0103 o prezen\u021b\u0103 puternic\u0103. Stilul s\u0103u contemporan a f\u0103cut din Semi Skeleton unul dintre cele mai \u00eendr\u0103gite modele din \u00eentreaga lume.<\/p>\n<p>Noile culori ale cadranului confer\u0103 un aer casual colec\u021biei de ceasuri, f\u0103c\u00e2ndu-le deosebit de atr\u0103g\u0103toare pentru publicul t\u00e2n\u0103r.<\/p>\n<p>Vizibil prin spatele transparent al carcasei este calibrul mecanic automat (\u00eenf\u0103\u0219urat manual) F6S22, cunoscut pentru precizia sa constant\u0103 de \uff0b25 secunde la 15 secunde pe zi \u0219i o rezerv\u0103 de putere de 40 de ore. Acesta este un ceas mecanic practic, ideal pentru utilizarea zilnic\u0103.<\/p>","protected":false},"excerpt":{"rendered":"<p>Orient a ad\u0103ugat patru noi modele la seria Semi Skeleton, modelul emblematic al Orient din colec\u021bia Contemporary. Culori populare \u00een \u00eentreaga lume precum alb, ro\u0219u, verde \u0219i albastru deschis au fost \u00eencorporate \u00een cadran, oferind \u0219i mai multe op\u021biuni din care s\u0103 alege\u021bi. Modelul Semi Skeleton are un cadran unic, cu o fereastr\u0103 semi-scheleton la [&hellip;]<\/p>\n","protected":false},"featured_media":57974,"comment_status":"closed","ping_status":"open","template":"","meta":{"_acf_changed":false},"product_brand":[],"product_cat":[20,596],"product_tag":[],"class_list":{"0":"post-57973","1":"product","2":"type-product","3":"status-publish","4":"has-post-thumbnail","6":"product_cat-ceasuri-barbati","7":"product_cat-orient","8":"pa_brand-orient","9":"pa_braslet-otel-inoxidabil","10":"pa_corpus-41-mm","11":"pa_forma-rotund","12":"pa_funcii-offset-second-hand","13":"pa_funcii-semischelet","14":"pa_garatia-24-luni","15":"pa_korpus-argintiu","16":"pa_material-otel-inoxidabil","17":"pa_mehanizm-mecanic","18":"pa_mehanizm-mecanism-automatic","19":"pa_remeshok-argintiu","20":"pa_steklo-cristal-safir","21":"pa_strana-japonia","22":"pa_voda-5-atm","24":"first","25":"instock","26":"purchasable","27":"product-type-simple"},"acf":[],"_links":{"self":[{"href":"https:\/\/ceasuri.md\/ru\/wp-json\/wp\/v2\/product\/57973","targetHints":{"allow":["GET"]}}],"collection":[{"href":"https:\/\/ceasuri.md\/ru\/wp-json\/wp\/v2\/product"}],"about":[{"href":"https:\/\/ceasuri.md\/ru\/wp-json\/wp\/v2\/types\/product"}],"replies":[{"embeddable":true,"href":"https:\/\/ceasuri.md\/ru\/wp-json\/wp\/v2\/comments?post=57973"}],"wp:featuredmedia":[{"embeddable":true,"href":"https:\/\/ceasuri.md\/ru\/wp-json\/wp\/v2\/media\/57974"}],"wp:attachment":[{"href":"https:\/\/ceasuri.md\/ru\/wp-json\/wp\/v2\/media?parent=57973"}],"wp:term":[{"taxonomy":"product_brand","embeddable":true,"href":"https:\/\/ceasuri.md\/ru\/wp-json\/wp\/v2\/product_brand?post=57973"},{"taxonomy":"product_cat","embeddable":true,"href":"https:\/\/ceasuri.md\/ru\/wp-json\/wp\/v2\/product_cat?post=57973"},{"taxonomy":"product_tag","embeddable":true,"href":"https:\/\/ceasuri.md\/ru\/wp-json\/wp\/v2\/product_tag?post=57973"}],"curies":[{"name":"wp","href":"https:\/\/api.w.org\/{rel}","templated":true}]}}