{"id":57970,"date":"2026-04-03T00:45:50","date_gmt":"2026-04-02T21:45:50","guid":{"rendered":"http:\/\/new.ceasuri.md\/shop\/uncategorized\/orient-sports-taa02006m9\/"},"modified":"2026-04-20T01:47:40","modified_gmt":"2026-04-19T22:47:40","slug":"orient-sports-taa02006m9","status":"publish","type":"product","link":"https:\/\/ceasuri.md\/ru\/shop\/branduri\/orient\/orient-sports-taa02006m9\/","title":{"rendered":"\u0427\u0430\u0441\u044b ORIENT SPORTS TAA02006M9"},"content":{"rendered":"<p>Carcasa din o\u021bel inoxidabil este atr\u0103g\u0103toare datorit\u0103 suprafe\u021bei sale mate.<\/p>\n<p>Carcasa are un diametru de 42 mm \u0219i o \u00een\u0103l\u021bime de 13 mm. Se remarc\u0103 luneta rotativ\u0103 \u00een sens antiorar, precum \u0219i coroana \u00een\u0219urubat\u0103. Spatele carcasei este fabricat din o\u021bel inoxidabil \u0219i se \u00een\u0219urubeaz\u0103.<\/p>\n<p>Cristal mineral temperat, cu un cadran de culoare portocalie dedesubt.<\/p>\n<p>Inima acestui ceas este mi\u0219carea automat\u0103, care, a\u0219a cum ar trebui s\u0103 fie ceasurile Orient, garanteaz\u0103 ora exact\u0103.<\/p>\n<p>Br\u0103\u021bara din o\u021bel inoxidabil de \u00eenalt\u0103 calitate cu \u00eenchidere pliabil\u0103 v\u0103 va oferi un plus de pl\u0103cere atunci c\u00e2nd folosi\u021bi noul dvs. ceas.<\/p>","protected":false},"excerpt":{"rendered":"<p>Carcasa din o\u021bel inoxidabil este atr\u0103g\u0103toare datorit\u0103 suprafe\u021bei sale mate. Carcasa are un diametru de 42 mm \u0219i o \u00een\u0103l\u021bime de 13 mm. Se remarc\u0103 luneta rotativ\u0103 \u00een sens antiorar, precum \u0219i coroana \u00een\u0219urubat\u0103. Spatele carcasei este fabricat din o\u021bel inoxidabil \u0219i se \u00een\u0219urubeaz\u0103. Cristal mineral temperat, cu un cadran de culoare portocalie dedesubt. Inima [&hellip;]<\/p>\n","protected":false},"featured_media":57971,"comment_status":"closed","ping_status":"open","template":"","meta":{"_acf_changed":false},"product_brand":[],"product_cat":[20,596],"product_tag":[],"class_list":{"0":"post-57970","1":"product","2":"type-product","3":"status-publish","4":"has-post-thumbnail","6":"product_cat-ceasuri-barbati","7":"product_cat-orient","8":"pa_brand-orient","9":"pa_braslet-otel-inoxidabil","10":"pa_corpus-42-mm","11":"pa_forma-rotund","12":"pa_funcii-data","13":"pa_funcii-ziua-saptamanii","14":"pa_garatia-24-luni","15":"pa_korpus-argintiu","16":"pa_material-otel-inoxidabil","17":"pa_mehanizm-mecanic","18":"pa_mehanizm-mecanism-automatic","19":"pa_remeshok-argintiu","20":"pa_steklo-cristal-mineral","21":"pa_strana-japonia","22":"pa_voda-20-atm","24":"first","25":"instock","26":"purchasable","27":"product-type-simple"},"acf":[],"_links":{"self":[{"href":"https:\/\/ceasuri.md\/ru\/wp-json\/wp\/v2\/product\/57970","targetHints":{"allow":["GET"]}}],"collection":[{"href":"https:\/\/ceasuri.md\/ru\/wp-json\/wp\/v2\/product"}],"about":[{"href":"https:\/\/ceasuri.md\/ru\/wp-json\/wp\/v2\/types\/product"}],"replies":[{"embeddable":true,"href":"https:\/\/ceasuri.md\/ru\/wp-json\/wp\/v2\/comments?post=57970"}],"wp:featuredmedia":[{"embeddable":true,"href":"https:\/\/ceasuri.md\/ru\/wp-json\/wp\/v2\/media\/57971"}],"wp:attachment":[{"href":"https:\/\/ceasuri.md\/ru\/wp-json\/wp\/v2\/media?parent=57970"}],"wp:term":[{"taxonomy":"product_brand","embeddable":true,"href":"https:\/\/ceasuri.md\/ru\/wp-json\/wp\/v2\/product_brand?post=57970"},{"taxonomy":"product_cat","embeddable":true,"href":"https:\/\/ceasuri.md\/ru\/wp-json\/wp\/v2\/product_cat?post=57970"},{"taxonomy":"product_tag","embeddable":true,"href":"https:\/\/ceasuri.md\/ru\/wp-json\/wp\/v2\/product_tag?post=57970"}],"curies":[{"name":"wp","href":"https:\/\/api.w.org\/{rel}","templated":true}]}}