{"id":57941,"date":"2026-04-03T00:44:52","date_gmt":"2026-04-02T21:44:52","guid":{"rendered":"http:\/\/new.ceasuri.md\/shop\/uncategorized\/michael-kors-lexington-mk4865\/"},"modified":"2026-04-20T01:47:31","modified_gmt":"2026-04-19T22:47:31","slug":"michael-kors-lexington-mk4865","status":"publish","type":"product","link":"https:\/\/ceasuri.md\/ru\/shop\/branduri\/michael-kors\/michael-kors-lexington-mk4865\/","title":{"rendered":"\u0427\u0430\u0441\u044b MICHAEL KORS LEXINGTON MK4865"},"content":{"rendered":"<p>Ceasul Lexington reprezint\u0103 echilibrul perfect \u00eentre mod\u0103 de \u00eenalt\u0103 clas\u0103 \u0219i func\u021bionalitatea de zi cu zi, creat pentru femei moderne \u0219i elegante.<\/p>\n<p>Acest model prezint\u0103 un design bicolor impresionant, \u00een care tonurile argintii \u0219i aurii se armonizeaz\u0103 frumos.<\/p>\n<p>Cadranul albastru-marin intens adaug\u0103 profunzime vizual\u0103 \u0219i un caracter unic, f\u0103c\u00e2nd din acest ceas un accent remarcabil oric\u0103rui look.<\/p>\n<p>Acest accesoriu elegant este complementul perfect pentru orice garderob\u0103, eviden\u021biind gustul impecabil \u0219i independen\u021ba proprietarei sale.<\/p>\n<p>Combina\u021bia dintre forma clasic\u0103 a modelului Lexington \u0219i schema de culori \u00eendr\u0103znea\u021b\u0103 face ca acest model s\u0103 fie la fel de potrivit pentru \u00eent\u00e2lniri de afaceri \u0219i evenimente sociale.<\/p>","protected":false},"excerpt":{"rendered":"<p>Ceasul Lexington reprezint\u0103 echilibrul perfect \u00eentre mod\u0103 de \u00eenalt\u0103 clas\u0103 \u0219i func\u021bionalitatea de zi cu zi, creat pentru femei moderne \u0219i elegante. Acest model prezint\u0103 un design bicolor impresionant, \u00een care tonurile argintii \u0219i aurii se armonizeaz\u0103 frumos. Cadranul albastru-marin intens adaug\u0103 profunzime vizual\u0103 \u0219i un caracter unic, f\u0103c\u00e2nd din acest ceas un accent remarcabil [&hellip;]<\/p>\n","protected":false},"featured_media":57942,"comment_status":"closed","ping_status":"open","template":"","meta":{"_acf_changed":false},"product_brand":[],"product_cat":[25,616],"product_tag":[],"class_list":{"0":"post-57941","1":"product","2":"type-product","3":"status-publish","4":"has-post-thumbnail","6":"product_cat-ceasuri-dama","7":"product_cat-michael-kors","8":"pa_brand-michael-kors","9":"pa_braslet-otel-inoxidabil","10":"pa_corpus-26-mm","11":"pa_decor-cristale-swarowski","12":"pa_forma-rotund","13":"pa_garatia-24-luni","14":"pa_korpus-argintiu","15":"pa_kvarc-quartz","16":"pa_material-otel-inoxidabil","17":"pa_mehanizm-quartz","18":"pa_remeshok-bicolor","19":"pa_steklo-cristal-mineral","20":"pa_strana-sua","21":"pa_voda-5-atm","23":"first","24":"instock","25":"purchasable","26":"product-type-simple"},"acf":[],"_links":{"self":[{"href":"https:\/\/ceasuri.md\/ru\/wp-json\/wp\/v2\/product\/57941","targetHints":{"allow":["GET"]}}],"collection":[{"href":"https:\/\/ceasuri.md\/ru\/wp-json\/wp\/v2\/product"}],"about":[{"href":"https:\/\/ceasuri.md\/ru\/wp-json\/wp\/v2\/types\/product"}],"replies":[{"embeddable":true,"href":"https:\/\/ceasuri.md\/ru\/wp-json\/wp\/v2\/comments?post=57941"}],"wp:featuredmedia":[{"embeddable":true,"href":"https:\/\/ceasuri.md\/ru\/wp-json\/wp\/v2\/media\/57942"}],"wp:attachment":[{"href":"https:\/\/ceasuri.md\/ru\/wp-json\/wp\/v2\/media?parent=57941"}],"wp:term":[{"taxonomy":"product_brand","embeddable":true,"href":"https:\/\/ceasuri.md\/ru\/wp-json\/wp\/v2\/product_brand?post=57941"},{"taxonomy":"product_cat","embeddable":true,"href":"https:\/\/ceasuri.md\/ru\/wp-json\/wp\/v2\/product_cat?post=57941"},{"taxonomy":"product_tag","embeddable":true,"href":"https:\/\/ceasuri.md\/ru\/wp-json\/wp\/v2\/product_tag?post=57941"}],"curies":[{"name":"wp","href":"https:\/\/api.w.org\/{rel}","templated":true}]}}