{"id":57936,"date":"2026-04-03T00:44:52","date_gmt":"2026-04-02T21:44:52","guid":{"rendered":"http:\/\/new.ceasuri.md\/shop\/uncategorized\/michael-kors-harlowe-mk4870\/"},"modified":"2026-04-20T01:47:32","modified_gmt":"2026-04-19T22:47:32","slug":"michael-kors-harlowe-mk4870","status":"publish","type":"product","link":"https:\/\/ceasuri.md\/ru\/shop\/branduri\/michael-kors\/michael-kors-harlowe-mk4870\/","title":{"rendered":"\u0427\u0430\u0441\u044b MICHAEL KORS HARLOWE MK4870"},"content":{"rendered":"<p>Modelul Harlowe este o combina\u021bie rar\u0103 de caracter practic \u0219i str\u0103lucire orbitoare, creat pentru femeile care pre\u021buiesc fiabilitatea \u0219i luxul \u00eentr-un singur accesoriu.<\/p>\n<p>Br\u0103\u021bara cu mai multe leg\u0103turi, inspirat\u0103 de o estetic\u0103 masculin\u0103 riguroas\u0103, confer\u0103 modelului un caracter decisiv \u0219i un aspect modern.<\/p>\n<p>\u00cen acela\u0219i timp, cadranul clasic verde cu cifre romane aduce o not\u0103 de elegan\u021b\u0103 tradi\u021bional\u0103, cre\u00e2nd un contrast armonios \u00eentre for\u021b\u0103 \u0219i sofisticare.<\/p>\n<p>Atractivitatea deosebit\u0103 a ceasului este sporit\u0103 de accentele pav\u00e9 rafinate care \u00eempodobesc generos modelul, oferind o doz\u0103 suplimentar\u0103 de str\u0103lucire cu fiecare mi\u0219care a \u00eencheieturii m\u00e2inii.<\/p>\n<p>Acest ceas este un accesoriu cu adev\u0103rat elegant, care \u00ee\u021bi scoate \u00een eviden\u021b\u0103 \u00eencrederea \u0219i stilul impecabil.<\/p>","protected":false},"excerpt":{"rendered":"<p>Modelul Harlowe este o combina\u021bie rar\u0103 de caracter practic \u0219i str\u0103lucire orbitoare, creat pentru femeile care pre\u021buiesc fiabilitatea \u0219i luxul \u00eentr-un singur accesoriu. Br\u0103\u021bara cu mai multe leg\u0103turi, inspirat\u0103 de o estetic\u0103 masculin\u0103 riguroas\u0103, confer\u0103 modelului un caracter decisiv \u0219i un aspect modern. \u00cen acela\u0219i timp, cadranul clasic verde cu cifre romane aduce o not\u0103 [&hellip;]<\/p>\n","protected":false},"featured_media":57937,"comment_status":"closed","ping_status":"open","template":"","meta":{"_acf_changed":false},"product_brand":[],"product_cat":[25,616],"product_tag":[],"class_list":{"0":"post-57936","1":"product","2":"type-product","3":"status-publish","4":"has-post-thumbnail","6":"product_cat-ceasuri-dama","7":"product_cat-michael-kors","8":"pa_brand-michael-kors","9":"pa_braslet-otel-inoxidabil","10":"pa_corpus-33-mm","11":"pa_decor-cristale-swarowski","12":"pa_forma-rotund","13":"pa_garatia-24-luni","14":"pa_korpus-auriu","15":"pa_kvarc-quartz","16":"pa_material-otel-inoxidabil","17":"pa_mehanizm-quartz","18":"pa_remeshok-auriu","19":"pa_steklo-cristal-mineral","20":"pa_strana-sua","21":"pa_voda-5-atm","23":"first","24":"instock","25":"purchasable","26":"product-type-simple"},"acf":[],"_links":{"self":[{"href":"https:\/\/ceasuri.md\/ru\/wp-json\/wp\/v2\/product\/57936","targetHints":{"allow":["GET"]}}],"collection":[{"href":"https:\/\/ceasuri.md\/ru\/wp-json\/wp\/v2\/product"}],"about":[{"href":"https:\/\/ceasuri.md\/ru\/wp-json\/wp\/v2\/types\/product"}],"replies":[{"embeddable":true,"href":"https:\/\/ceasuri.md\/ru\/wp-json\/wp\/v2\/comments?post=57936"}],"wp:featuredmedia":[{"embeddable":true,"href":"https:\/\/ceasuri.md\/ru\/wp-json\/wp\/v2\/media\/57937"}],"wp:attachment":[{"href":"https:\/\/ceasuri.md\/ru\/wp-json\/wp\/v2\/media?parent=57936"}],"wp:term":[{"taxonomy":"product_brand","embeddable":true,"href":"https:\/\/ceasuri.md\/ru\/wp-json\/wp\/v2\/product_brand?post=57936"},{"taxonomy":"product_cat","embeddable":true,"href":"https:\/\/ceasuri.md\/ru\/wp-json\/wp\/v2\/product_cat?post=57936"},{"taxonomy":"product_tag","embeddable":true,"href":"https:\/\/ceasuri.md\/ru\/wp-json\/wp\/v2\/product_tag?post=57936"}],"curies":[{"name":"wp","href":"https:\/\/api.w.org\/{rel}","templated":true}]}}