{"id":57921,"date":"2026-04-03T00:44:52","date_gmt":"2026-04-02T21:44:52","guid":{"rendered":"http:\/\/new.ceasuri.md\/shop\/uncategorized\/michael-kors-runway-mk7325\/"},"modified":"2026-04-20T01:47:33","modified_gmt":"2026-04-19T22:47:33","slug":"michael-kors-runway-mk7325","status":"publish","type":"product","link":"https:\/\/ceasuri.md\/ru\/shop\/branduri\/michael-kors\/michael-kors-runway-mk7325\/","title":{"rendered":"Ceas MICHAEL KORS RUNWAY MK7325"},"content":{"rendered":"<p>Ceasul de dam\u0103 Michael Kors din colec\u021bia Runway \u00eentruchipeaz\u0103 stilul dinamic \u0219i func\u021bionalitatea, creat special pentru femeile elegante care tr\u0103iesc ritmul rapid al ora\u0219ului modern.<\/p>\n<p>Tr\u0103s\u0103tura distinctiv\u0103 a acestui model const\u0103 \u00een combina\u021bia izbitoare dintre un cronograf sportiv \u0219i un design sofisticat: carcasa rotund\u0103 din o\u021bel este completat\u0103 de un cadran Sunray care refract\u0103 fascinant lumina.<\/p>\n<p>Func\u021bionalitatea ceasului este meticulos conceput\u0103: afi\u0219ajele de 12 \u0219i 24 de ore, precum \u0219i o fereastr\u0103 pentru dat\u0103 \u00eentre pozi\u021biile orei 4 \u0219i 5, v\u0103 permit s\u0103 naviga\u021bi cu u\u0219urin\u021b\u0103 printr-un program \u00eenc\u0103rcat.<\/p>\n<p>Combina\u021bia rafinat\u0103 de marcaje orare, cifre arabe \u0219i puncte de pe cadran confer\u0103 accesoriului un caracter distinctiv.<\/p>","protected":false},"excerpt":{"rendered":"<p>Ceasul de dam\u0103 Michael Kors din colec\u021bia Runway \u00eentruchipeaz\u0103 stilul dinamic \u0219i func\u021bionalitatea, creat special pentru femeile elegante care tr\u0103iesc ritmul rapid al ora\u0219ului modern. Tr\u0103s\u0103tura distinctiv\u0103 a acestui model const\u0103 \u00een combina\u021bia izbitoare dintre un cronograf sportiv \u0219i un design sofisticat: carcasa rotund\u0103 din o\u021bel este completat\u0103 de un cadran Sunray care refract\u0103 fascinant [&hellip;]<\/p>\n","protected":false},"featured_media":57922,"comment_status":"closed","ping_status":"open","template":"","meta":{"_acf_changed":false},"product_brand":[],"product_cat":[25,616],"product_tag":[],"class_list":{"0":"post-57921","1":"product","2":"type-product","3":"status-publish","4":"has-post-thumbnail","6":"product_cat-ceasuri-dama","7":"product_cat-michael-kors","8":"pa_brand-michael-kors","9":"pa_braslet-otel-inoxidabil","10":"pa_corpus-38-mm","11":"pa_forma-rotund","12":"pa_funcii-cronograf","13":"pa_funcii-data","14":"pa_garatia-24-luni","15":"pa_korpus-argintiu","16":"pa_kvarc-quartz","17":"pa_material-otel-inoxidabil","18":"pa_mehanizm-quartz","19":"pa_remeshok-argintiu","20":"pa_steklo-cristal-mineral","21":"pa_strana-sua","22":"pa_voda-10-atm","24":"first","25":"instock","26":"purchasable","27":"product-type-simple"},"acf":[],"_links":{"self":[{"href":"https:\/\/ceasuri.md\/ru\/wp-json\/wp\/v2\/product\/57921","targetHints":{"allow":["GET"]}}],"collection":[{"href":"https:\/\/ceasuri.md\/ru\/wp-json\/wp\/v2\/product"}],"about":[{"href":"https:\/\/ceasuri.md\/ru\/wp-json\/wp\/v2\/types\/product"}],"replies":[{"embeddable":true,"href":"https:\/\/ceasuri.md\/ru\/wp-json\/wp\/v2\/comments?post=57921"}],"wp:featuredmedia":[{"embeddable":true,"href":"https:\/\/ceasuri.md\/ru\/wp-json\/wp\/v2\/media\/57922"}],"wp:attachment":[{"href":"https:\/\/ceasuri.md\/ru\/wp-json\/wp\/v2\/media?parent=57921"}],"wp:term":[{"taxonomy":"product_brand","embeddable":true,"href":"https:\/\/ceasuri.md\/ru\/wp-json\/wp\/v2\/product_brand?post=57921"},{"taxonomy":"product_cat","embeddable":true,"href":"https:\/\/ceasuri.md\/ru\/wp-json\/wp\/v2\/product_cat?post=57921"},{"taxonomy":"product_tag","embeddable":true,"href":"https:\/\/ceasuri.md\/ru\/wp-json\/wp\/v2\/product_tag?post=57921"}],"curies":[{"name":"wp","href":"https:\/\/api.w.org\/{rel}","templated":true}]}}