{"id":57911,"date":"2026-04-03T00:44:52","date_gmt":"2026-04-02T21:44:52","guid":{"rendered":"http:\/\/new.ceasuri.md\/shop\/uncategorized\/michael-kors-maren-mk7509\/"},"modified":"2026-04-20T01:47:34","modified_gmt":"2026-04-19T22:47:34","slug":"michael-kors-maren-mk7509","status":"publish","type":"product","link":"https:\/\/ceasuri.md\/ru\/shop\/branduri\/michael-kors\/michael-kors-maren-mk7509\/","title":{"rendered":"\u0427\u0430\u0441\u044b MICHAEL KORS MAREN MK7509"},"content":{"rendered":"<p>Maren este \u00eentruchiparea luxului autentic \u0219i a perfec\u021biunii func\u021bionale, creat\u0103 pentru femeile care nu se tem s\u0103 fac\u0103 o declara\u021bie.<\/p>\n<p>Caracteristica cheie a acestui model este cureaua sa din piele impresionant\u0103, cu finisaj metalic \u0219i model \u00een relief cu crocodil. Acest element de design \u00eendr\u0103zne\u021b confer\u0103 accesoriului un \u0219ic exotic \u0219i o textur\u0103 unic\u0103, transform\u00e2ndu-l \u00eentr-un obiect al dorin\u021bei de care nu ve\u021bi dori s\u0103 v\u0103 desp\u0103r\u021bi\u021bi.<\/p>\n<p>Carcasa din o\u021bel inoxidabil argintiu accentueaz\u0103 statutul \u0219i str\u0103lucirea nobil\u0103 a modelului, \u00een timp ce func\u021bia cronograf asigur\u0103 o sincronizare impecabil\u0103 \u00eentr-un stil de via\u021b\u0103 alert.<\/p>\n<p>Acest ceas este ideal pentru femeile active care apreciaz\u0103 o combina\u021bie de mod\u0103 de \u00eenalt\u0103 calitate \u0219i caracter practic \u00een via\u021ba de zi cu zi.<\/p>","protected":false},"excerpt":{"rendered":"<p>Maren este \u00eentruchiparea luxului autentic \u0219i a perfec\u021biunii func\u021bionale, creat\u0103 pentru femeile care nu se tem s\u0103 fac\u0103 o declara\u021bie. Caracteristica cheie a acestui model este cureaua sa din piele impresionant\u0103, cu finisaj metalic \u0219i model \u00een relief cu crocodil. Acest element de design \u00eendr\u0103zne\u021b confer\u0103 accesoriului un \u0219ic exotic \u0219i o textur\u0103 unic\u0103, transform\u00e2ndu-l [&hellip;]<\/p>\n","protected":false},"featured_media":57912,"comment_status":"closed","ping_status":"open","template":"","meta":{"_acf_changed":false},"product_brand":[],"product_cat":[25,616],"product_tag":[],"class_list":{"0":"post-57911","1":"product","2":"type-product","3":"status-publish","4":"has-post-thumbnail","6":"product_cat-ceasuri-dama","7":"product_cat-michael-kors","8":"pa_brand-michael-kors","9":"pa_braslet-piele","10":"pa_corpus-40-mm","11":"pa_forma-rotund","12":"pa_funcii-cronograf","13":"pa_funcii-data","14":"pa_garatia-24-luni","15":"pa_korpus-argintiu","16":"pa_kvarc-quartz","17":"pa_material-otel-inoxidabil","18":"pa_mehanizm-quartz","19":"pa_remeshok-argintiu","20":"pa_steklo-cristal-mineral","21":"pa_strana-sua","22":"pa_voda-5-atm","24":"first","25":"instock","26":"purchasable","27":"product-type-simple"},"acf":[],"_links":{"self":[{"href":"https:\/\/ceasuri.md\/ru\/wp-json\/wp\/v2\/product\/57911","targetHints":{"allow":["GET"]}}],"collection":[{"href":"https:\/\/ceasuri.md\/ru\/wp-json\/wp\/v2\/product"}],"about":[{"href":"https:\/\/ceasuri.md\/ru\/wp-json\/wp\/v2\/types\/product"}],"replies":[{"embeddable":true,"href":"https:\/\/ceasuri.md\/ru\/wp-json\/wp\/v2\/comments?post=57911"}],"wp:featuredmedia":[{"embeddable":true,"href":"https:\/\/ceasuri.md\/ru\/wp-json\/wp\/v2\/media\/57912"}],"wp:attachment":[{"href":"https:\/\/ceasuri.md\/ru\/wp-json\/wp\/v2\/media?parent=57911"}],"wp:term":[{"taxonomy":"product_brand","embeddable":true,"href":"https:\/\/ceasuri.md\/ru\/wp-json\/wp\/v2\/product_brand?post=57911"},{"taxonomy":"product_cat","embeddable":true,"href":"https:\/\/ceasuri.md\/ru\/wp-json\/wp\/v2\/product_cat?post=57911"},{"taxonomy":"product_tag","embeddable":true,"href":"https:\/\/ceasuri.md\/ru\/wp-json\/wp\/v2\/product_tag?post=57911"}],"curies":[{"name":"wp","href":"https:\/\/api.w.org\/{rel}","templated":true}]}}