{"id":57906,"date":"2026-04-03T00:44:52","date_gmt":"2026-04-02T21:44:52","guid":{"rendered":"http:\/\/new.ceasuri.md\/shop\/uncategorized\/michael-kors-accelerator-2-0-mk9175\/"},"modified":"2026-04-17T15:12:59","modified_gmt":"2026-04-17T12:12:59","slug":"michael-kors-accelerator-2-0-mk9175","status":"publish","type":"product","link":"https:\/\/ceasuri.md\/ru\/shop\/branduri\/michael-kors\/michael-kors-accelerator-2-0-mk9175\/","title":{"rendered":"Ceas MICHAEL KORS ACCELERATOR 2.0 MK9175"},"content":{"rendered":"<p>Ceasul b\u0103rb\u0103tesc Accelerator 2.0 este o combina\u021bie dinamic\u0103 de mo\u0219tenire arhivistic\u0103 \u0219i stil \u00eendr\u0103zne\u021b \u0219i contemporan, creat pentru b\u0103rba\u021bii activi.<\/p>\n<p>Tr\u0103s\u0103tura distinctiv\u0103 a acestui model const\u0103 \u00een contrastul s\u0103u arhitectural: o lunet\u0103 gri mat\u0103, inspirat\u0103 de estetica legendarelor modele Heritage, \u00eent\u00e2lne\u0219te o curea din silicon texturat, conferind ceasului un caracter sportiv distinct.<\/p>\n<p>Cadranul creeaz\u0103 o profunzime vizual\u0103 captivant\u0103, transform\u00e2nd fiecare mi\u0219care a \u00eencheieturii m\u00e2inii \u00eentr-un joc de lumini \u0219i umbre.<\/p>\n<p>Func\u021bionalitatea acestui model este completat\u0103 de o fereastr\u0103 practic\u0103 pentru dat\u0103, f\u0103c\u00e2nd din acest ceas de m\u00e2n\u0103 un companion de \u00eencredere pentru ritmul marelui ora\u0219.<\/p>\n<p>Acesta este un accesoriu cu adev\u0103rat elegant, care \u00ee\u021bi va scoate \u00een eviden\u021b\u0103 \u00eencrederea \u0219i pasiunea pentru mi\u0219care.<\/p>","protected":false},"excerpt":{"rendered":"<p>Ceasul b\u0103rb\u0103tesc Accelerator 2.0 este o combina\u021bie dinamic\u0103 de mo\u0219tenire arhivistic\u0103 \u0219i stil \u00eendr\u0103zne\u021b \u0219i contemporan, creat pentru b\u0103rba\u021bii activi. Tr\u0103s\u0103tura distinctiv\u0103 a acestui model const\u0103 \u00een contrastul s\u0103u arhitectural: o lunet\u0103 gri mat\u0103, inspirat\u0103 de estetica legendarelor modele Heritage, \u00eent\u00e2lne\u0219te o curea din silicon texturat, conferind ceasului un caracter sportiv distinct. Cadranul creeaz\u0103 o [&hellip;]<\/p>\n","protected":false},"featured_media":57907,"comment_status":"closed","ping_status":"open","template":"","meta":{"_acf_changed":false},"product_brand":[],"product_cat":[20,616],"product_tag":[],"class_list":{"0":"post-57906","1":"product","2":"type-product","3":"status-publish","4":"has-post-thumbnail","6":"product_cat-ceasuri-barbati","7":"product_cat-michael-kors","8":"pa_brand-michael-kors","9":"pa_braslet-silicon","10":"pa_corpus-42-mm","11":"pa_forma-rotund","12":"pa_funcii-data","13":"pa_garatia-24-luni","14":"pa_korpus-gri","15":"pa_kvarc-quartz","16":"pa_material-otel-inoxidabil","17":"pa_mehanizm-quartz","18":"pa_remeshok-negru","19":"pa_steklo-cristal-mineral","20":"pa_strana-sua","21":"pa_voda-5-atm","23":"first","24":"instock","25":"purchasable","26":"product-type-simple"},"acf":[],"_links":{"self":[{"href":"https:\/\/ceasuri.md\/ru\/wp-json\/wp\/v2\/product\/57906","targetHints":{"allow":["GET"]}}],"collection":[{"href":"https:\/\/ceasuri.md\/ru\/wp-json\/wp\/v2\/product"}],"about":[{"href":"https:\/\/ceasuri.md\/ru\/wp-json\/wp\/v2\/types\/product"}],"replies":[{"embeddable":true,"href":"https:\/\/ceasuri.md\/ru\/wp-json\/wp\/v2\/comments?post=57906"}],"wp:featuredmedia":[{"embeddable":true,"href":"https:\/\/ceasuri.md\/ru\/wp-json\/wp\/v2\/media\/57907"}],"wp:attachment":[{"href":"https:\/\/ceasuri.md\/ru\/wp-json\/wp\/v2\/media?parent=57906"}],"wp:term":[{"taxonomy":"product_brand","embeddable":true,"href":"https:\/\/ceasuri.md\/ru\/wp-json\/wp\/v2\/product_brand?post=57906"},{"taxonomy":"product_cat","embeddable":true,"href":"https:\/\/ceasuri.md\/ru\/wp-json\/wp\/v2\/product_cat?post=57906"},{"taxonomy":"product_tag","embeddable":true,"href":"https:\/\/ceasuri.md\/ru\/wp-json\/wp\/v2\/product_tag?post=57906"}],"curies":[{"name":"wp","href":"https:\/\/api.w.org\/{rel}","templated":true}]}}