{"id":57901,"date":"2026-04-03T00:44:52","date_gmt":"2026-04-02T21:44:52","guid":{"rendered":"http:\/\/new.ceasuri.md\/shop\/uncategorized\/michael-kors-accelerator-2-0-mk9188\/"},"modified":"2026-04-17T15:12:59","modified_gmt":"2026-04-17T12:12:59","slug":"michael-kors-accelerator-2-0-mk9188","status":"publish","type":"product","link":"https:\/\/ceasuri.md\/ru\/shop\/branduri\/michael-kors\/michael-kors-accelerator-2-0-mk9188\/","title":{"rendered":"Ceas MICHAEL KORS ACCELERATOR 2.0 MK9188"},"content":{"rendered":"<p>Ceasul b\u0103rb\u0103tesc 2.0 este o declara\u021bie puternic\u0103 de stil \u0219i \u00eencredere, creat pentru cei care nu se tem s\u0103 fie \u00een centrul aten\u021biei.<\/p>\n<p>Caracteristica cheie a acestui model este formatul s\u0103u impresionant, supradimensionat, \u0219i designul bicolor izbitor.<\/p>\n<p>Carcasa din o\u021bel inoxidabil argintiu este completat\u0103 armonios de o lunet\u0103 cu margini aurii, care confer\u0103 o not\u0103 de lux autentic designului sportiv.<\/p>\n<p>Indicatoarele orare sub\u021biri de pe cadranul dinamic asigur\u0103 o lizibilitate excelent\u0103, \u00een timp ce func\u021bia cronograf \u0219i fereastra pentru dat\u0103 fac din acest ceas de m\u00e2n\u0103 un instrument indispensabil pentru b\u0103rbatul modern.<\/p>\n<p>Acesta nu este doar un ceas original, ci un accesoriu cu adev\u0103rat elegant, care v\u0103 va eviden\u021bia statutul \u0219i gustul impecabil.<\/p>","protected":false},"excerpt":{"rendered":"<p>Ceasul b\u0103rb\u0103tesc 2.0 este o declara\u021bie puternic\u0103 de stil \u0219i \u00eencredere, creat pentru cei care nu se tem s\u0103 fie \u00een centrul aten\u021biei. Caracteristica cheie a acestui model este formatul s\u0103u impresionant, supradimensionat, \u0219i designul bicolor izbitor. Carcasa din o\u021bel inoxidabil argintiu este completat\u0103 armonios de o lunet\u0103 cu margini aurii, care confer\u0103 o not\u0103 [&hellip;]<\/p>\n","protected":false},"featured_media":57902,"comment_status":"closed","ping_status":"open","template":"","meta":{"_acf_changed":false},"product_brand":[],"product_cat":[20,616],"product_tag":[],"class_list":{"0":"post-57901","1":"product","2":"type-product","3":"status-publish","4":"has-post-thumbnail","6":"product_cat-ceasuri-barbati","7":"product_cat-michael-kors","8":"pa_brand-michael-kors","9":"pa_braslet-otel-inoxidabil","10":"pa_corpus-44-mm","11":"pa_forma-rotund","12":"pa_funcii-cronograf","13":"pa_funcii-data","14":"pa_funcii-tahimetru","15":"pa_garatia-24-luni","16":"pa_korpus-argintiu","17":"pa_kvarc-quartz","18":"pa_material-otel-inoxidabil","19":"pa_mehanizm-quartz","20":"pa_remeshok-argintiu","21":"pa_steklo-cristal-mineral","22":"pa_strana-sua","23":"pa_voda-5-atm","25":"first","26":"instock","27":"purchasable","28":"product-type-simple"},"acf":[],"_links":{"self":[{"href":"https:\/\/ceasuri.md\/ru\/wp-json\/wp\/v2\/product\/57901","targetHints":{"allow":["GET"]}}],"collection":[{"href":"https:\/\/ceasuri.md\/ru\/wp-json\/wp\/v2\/product"}],"about":[{"href":"https:\/\/ceasuri.md\/ru\/wp-json\/wp\/v2\/types\/product"}],"replies":[{"embeddable":true,"href":"https:\/\/ceasuri.md\/ru\/wp-json\/wp\/v2\/comments?post=57901"}],"wp:featuredmedia":[{"embeddable":true,"href":"https:\/\/ceasuri.md\/ru\/wp-json\/wp\/v2\/media\/57902"}],"wp:attachment":[{"href":"https:\/\/ceasuri.md\/ru\/wp-json\/wp\/v2\/media?parent=57901"}],"wp:term":[{"taxonomy":"product_brand","embeddable":true,"href":"https:\/\/ceasuri.md\/ru\/wp-json\/wp\/v2\/product_brand?post=57901"},{"taxonomy":"product_cat","embeddable":true,"href":"https:\/\/ceasuri.md\/ru\/wp-json\/wp\/v2\/product_cat?post=57901"},{"taxonomy":"product_tag","embeddable":true,"href":"https:\/\/ceasuri.md\/ru\/wp-json\/wp\/v2\/product_tag?post=57901"}],"curies":[{"name":"wp","href":"https:\/\/api.w.org\/{rel}","templated":true}]}}