{"id":57896,"date":"2026-04-03T00:44:52","date_gmt":"2026-04-02T21:44:52","guid":{"rendered":"http:\/\/new.ceasuri.md\/shop\/uncategorized\/michael-kors-sage-mk9191\/"},"modified":"2026-04-20T01:47:36","modified_gmt":"2026-04-19T22:47:36","slug":"michael-kors-sage-mk9191","status":"publish","type":"product","link":"https:\/\/ceasuri.md\/ru\/shop\/branduri\/michael-kors\/michael-kors-sage-mk9191\/","title":{"rendered":"Ceas MICHAEL KORS SAGE MK9191"},"content":{"rendered":"<p>Ceasul b\u0103rb\u0103tesc Sage \u00eentruchipeaz\u0103 dinamism modern \u0219i stil impecabil, creat pentru b\u0103rba\u021bii care pre\u021buiesc fiecare minut al timpului lor.<\/p>\n<p>Tr\u0103s\u0103tura distinctiv\u0103 a acestui model const\u0103 \u00een designul s\u0103u vizual \u00eendr\u0103zne\u021b: cadranul verde \u00eenchis creeaz\u0103 un contrast atr\u0103g\u0103tor \u0219i \u00eendr\u0103zne\u021b cu str\u0103lucirea rece a o\u021belului inoxidabil.<\/p>\n<p>Designul aerodinamic \u0219i elegant al carcasei accentueaz\u0103 dorin\u021ba de minimalism, men\u021bin\u00e2nd \u00een acela\u0219i timp energia puternic\u0103 a accesoriului.<\/p>\n<p>Acest ceas de m\u00e2n\u0103 combin\u0103 cu m\u0103iestrie estetica \u0219i func\u021bionalitatea. Cronograful \u0219i afi\u0219ajul datei fac din acest model un instrument fiabil pentru cei care duc un stil de via\u021b\u0103 activ \u0219i sunt \u00een continu\u0103 mi\u0219care.<\/p>","protected":false},"excerpt":{"rendered":"<p>Ceasul b\u0103rb\u0103tesc Sage \u00eentruchipeaz\u0103 dinamism modern \u0219i stil impecabil, creat pentru b\u0103rba\u021bii care pre\u021buiesc fiecare minut al timpului lor. Tr\u0103s\u0103tura distinctiv\u0103 a acestui model const\u0103 \u00een designul s\u0103u vizual \u00eendr\u0103zne\u021b: cadranul verde \u00eenchis creeaz\u0103 un contrast atr\u0103g\u0103tor \u0219i \u00eendr\u0103zne\u021b cu str\u0103lucirea rece a o\u021belului inoxidabil. Designul aerodinamic \u0219i elegant al carcasei accentueaz\u0103 dorin\u021ba de minimalism, [&hellip;]<\/p>\n","protected":false},"featured_media":57897,"comment_status":"closed","ping_status":"open","template":"","meta":{"_acf_changed":false},"product_brand":[],"product_cat":[20,616],"product_tag":[],"class_list":{"0":"post-57896","1":"product","2":"type-product","3":"status-publish","4":"has-post-thumbnail","6":"product_cat-ceasuri-barbati","7":"product_cat-michael-kors","8":"pa_brand-michael-kors","9":"pa_braslet-otel-inoxidabil","10":"pa_corpus-42-mm","11":"pa_forma-rotund","12":"pa_funcii-cronograf","13":"pa_funcii-data","14":"pa_garatia-24-luni","15":"pa_korpus-argintiu","16":"pa_kvarc-quartz","17":"pa_material-otel-inoxidabil","18":"pa_mehanizm-quartz","19":"pa_remeshok-argintiu","20":"pa_steklo-cristal-mineral","21":"pa_strana-sua","22":"pa_voda-3-atm","24":"first","25":"instock","26":"purchasable","27":"product-type-simple"},"acf":[],"_links":{"self":[{"href":"https:\/\/ceasuri.md\/ru\/wp-json\/wp\/v2\/product\/57896","targetHints":{"allow":["GET"]}}],"collection":[{"href":"https:\/\/ceasuri.md\/ru\/wp-json\/wp\/v2\/product"}],"about":[{"href":"https:\/\/ceasuri.md\/ru\/wp-json\/wp\/v2\/types\/product"}],"replies":[{"embeddable":true,"href":"https:\/\/ceasuri.md\/ru\/wp-json\/wp\/v2\/comments?post=57896"}],"wp:featuredmedia":[{"embeddable":true,"href":"https:\/\/ceasuri.md\/ru\/wp-json\/wp\/v2\/media\/57897"}],"wp:attachment":[{"href":"https:\/\/ceasuri.md\/ru\/wp-json\/wp\/v2\/media?parent=57896"}],"wp:term":[{"taxonomy":"product_brand","embeddable":true,"href":"https:\/\/ceasuri.md\/ru\/wp-json\/wp\/v2\/product_brand?post=57896"},{"taxonomy":"product_cat","embeddable":true,"href":"https:\/\/ceasuri.md\/ru\/wp-json\/wp\/v2\/product_cat?post=57896"},{"taxonomy":"product_tag","embeddable":true,"href":"https:\/\/ceasuri.md\/ru\/wp-json\/wp\/v2\/product_tag?post=57896"}],"curies":[{"name":"wp","href":"https:\/\/api.w.org\/{rel}","templated":true}]}}