{"id":57891,"date":"2026-04-03T00:44:52","date_gmt":"2026-04-02T21:44:52","guid":{"rendered":"http:\/\/new.ceasuri.md\/shop\/uncategorized\/michael-kors-sage-mk9192\/"},"modified":"2026-04-20T01:47:36","modified_gmt":"2026-04-19T22:47:36","slug":"michael-kors-sage-mk9192","status":"publish","type":"product","link":"https:\/\/ceasuri.md\/ru\/shop\/branduri\/michael-kors\/michael-kors-sage-mk9192\/","title":{"rendered":"Ceas MICHAEL KORS SAGE MK9192"},"content":{"rendered":"<p>Ceasul b\u0103rb\u0103tesc Sage \u00eentruchipeaz\u0103 dinamism modern \u0219i stil impecabil, creat pentru b\u0103rba\u021bii ale c\u0103ror zile sunt \u00een continu\u0103 mi\u0219care.<\/p>\n<p>Caracteristica unic\u0103 a acestui model const\u0103 \u00een contrastul s\u0103u vizual izbitor: cadranul negru intens completeaz\u0103 perfect str\u0103lucirea o\u021belului inoxidabil auriu, eviden\u021biind caracterul masculin al purt\u0103torului.<\/p>\n<p>Designul aerodinamic \u0219i elegant al carcasei reflect\u0103 dorin\u021ba de minimalism, men\u021bin\u00e2nd \u00een acela\u0219i timp energia puternic\u0103 a accesoriului.<\/p>\n<p>Acest ceas de m\u00e2n\u0103 combin\u0103 cu m\u0103iestrie estetica \u0219i func\u021bionalitatea ridicat\u0103. Cronograful \u0219i fereastra pentru dat\u0103 fac din acest model un instrument fiabil pentru cei care pre\u021buiesc precizia \u00een fiecare secund\u0103.<\/p>\n<p>Acest accesoriu cu adev\u0103rat elegant poate fi atingerea final\u0103 at\u00e2t pentru look-urile business, c\u00e2t \u0219i pentru cele casual.<\/p>","protected":false},"excerpt":{"rendered":"<p>Ceasul b\u0103rb\u0103tesc Sage \u00eentruchipeaz\u0103 dinamism modern \u0219i stil impecabil, creat pentru b\u0103rba\u021bii ale c\u0103ror zile sunt \u00een continu\u0103 mi\u0219care. Caracteristica unic\u0103 a acestui model const\u0103 \u00een contrastul s\u0103u vizual izbitor: cadranul negru intens completeaz\u0103 perfect str\u0103lucirea o\u021belului inoxidabil auriu, eviden\u021biind caracterul masculin al purt\u0103torului. Designul aerodinamic \u0219i elegant al carcasei reflect\u0103 dorin\u021ba de minimalism, men\u021bin\u00e2nd [&hellip;]<\/p>\n","protected":false},"featured_media":57892,"comment_status":"closed","ping_status":"open","template":"","meta":{"_acf_changed":false},"product_brand":[],"product_cat":[20,616],"product_tag":[],"class_list":{"0":"post-57891","1":"product","2":"type-product","3":"status-publish","4":"has-post-thumbnail","6":"product_cat-ceasuri-barbati","7":"product_cat-michael-kors","8":"pa_brand-michael-kors","9":"pa_braslet-otel-inoxidabil","10":"pa_corpus-42-mm","11":"pa_forma-rotund","12":"pa_funcii-cronograf","13":"pa_funcii-data","14":"pa_garatia-24-luni","15":"pa_korpus-auriu","16":"pa_kvarc-quartz","17":"pa_material-otel-inoxidabil","18":"pa_mehanizm-quartz","19":"pa_remeshok-auriu","20":"pa_steklo-cristal-mineral","21":"pa_strana-sua","22":"pa_voda-3-atm","24":"first","25":"instock","26":"purchasable","27":"product-type-simple"},"acf":[],"_links":{"self":[{"href":"https:\/\/ceasuri.md\/ru\/wp-json\/wp\/v2\/product\/57891","targetHints":{"allow":["GET"]}}],"collection":[{"href":"https:\/\/ceasuri.md\/ru\/wp-json\/wp\/v2\/product"}],"about":[{"href":"https:\/\/ceasuri.md\/ru\/wp-json\/wp\/v2\/types\/product"}],"replies":[{"embeddable":true,"href":"https:\/\/ceasuri.md\/ru\/wp-json\/wp\/v2\/comments?post=57891"}],"wp:featuredmedia":[{"embeddable":true,"href":"https:\/\/ceasuri.md\/ru\/wp-json\/wp\/v2\/media\/57892"}],"wp:attachment":[{"href":"https:\/\/ceasuri.md\/ru\/wp-json\/wp\/v2\/media?parent=57891"}],"wp:term":[{"taxonomy":"product_brand","embeddable":true,"href":"https:\/\/ceasuri.md\/ru\/wp-json\/wp\/v2\/product_brand?post=57891"},{"taxonomy":"product_cat","embeddable":true,"href":"https:\/\/ceasuri.md\/ru\/wp-json\/wp\/v2\/product_cat?post=57891"},{"taxonomy":"product_tag","embeddable":true,"href":"https:\/\/ceasuri.md\/ru\/wp-json\/wp\/v2\/product_tag?post=57891"}],"curies":[{"name":"wp","href":"https:\/\/api.w.org\/{rel}","templated":true}]}}