{"id":57854,"date":"2026-04-03T00:43:48","date_gmt":"2026-04-02T21:43:48","guid":{"rendered":"http:\/\/new.ceasuri.md\/shop\/uncategorized\/fossil-harlow-es5386\/"},"modified":"2026-04-17T19:30:49","modified_gmt":"2026-04-17T16:30:49","slug":"fossil-harlow-es5386","status":"publish","type":"product","link":"https:\/\/ceasuri.md\/ru\/shop\/branduri\/fossil\/fossil-harlow-es5386\/","title":{"rendered":"Ceas FOSSIL HARLOW ES5386"},"content":{"rendered":"<p>\u00centruchiparea feminit\u0103\u021bii rafinate \u0219i a str\u0103lucirii calde, creat\u0103 pentru cei care apreciaz\u0103 detaliile sofisticate \u0219i stilul impecabil.<\/p>\n<p>Caracteristica unic\u0103 a acestui model const\u0103 \u00een cadranul s\u0103u elegant, de culoare crem, cu o textur\u0103 distinctiv\u0103, care confer\u0103 profunzime vizual\u0103 \u0219i un farmec aparte.<\/p>\n<p>Carcasa compact\u0103 face din acest ceas o alegere ideal\u0103 pentru o \u00eencheietur\u0103 sub\u021bire, subliniind subtil elegan\u021ba posesorului s\u0103u.<\/p>\n<p>Br\u0103\u021bara \u0219i carcasa, realizate \u00eentr-o nuan\u021b\u0103 popular\u0103 de auriu roz, confer\u0103 o str\u0103lucire delicat\u0103 ce completeaz\u0103 at\u00e2t \u021binutele business, c\u00e2t \u0219i cele de sear\u0103.<\/p>\n<p>Acesta nu este doar un ceas, ci un accesoriu cu adev\u0103rat elegant, combin\u00e2nd durabilitatea o\u021belului inoxidabil cu estetica bijuteriilor fine.<\/p>","protected":false},"excerpt":{"rendered":"<p>\u00centruchiparea feminit\u0103\u021bii rafinate \u0219i a str\u0103lucirii calde, creat\u0103 pentru cei care apreciaz\u0103 detaliile sofisticate \u0219i stilul impecabil. Caracteristica unic\u0103 a acestui model const\u0103 \u00een cadranul s\u0103u elegant, de culoare crem, cu o textur\u0103 distinctiv\u0103, care confer\u0103 profunzime vizual\u0103 \u0219i un farmec aparte. Carcasa compact\u0103 face din acest ceas o alegere ideal\u0103 pentru o \u00eencheietur\u0103 sub\u021bire, [&hellip;]<\/p>\n","protected":false},"featured_media":57855,"comment_status":"closed","ping_status":"open","template":"","meta":{"_acf_changed":false},"product_brand":[],"product_cat":[25,396],"product_tag":[],"class_list":{"0":"post-57854","1":"product","2":"type-product","3":"status-publish","4":"has-post-thumbnail","6":"product_cat-ceasuri-dama","7":"product_cat-fossil","8":"pa_brand-fossil","9":"pa_braslet-otel-inoxidabil","10":"pa_corpus-27-mm","11":"pa_forma-octogonala","12":"pa_garatia-24-luni","13":"pa_korpus-roz-gold","14":"pa_kvarc-quartz","15":"pa_material-otel-inoxidabil","16":"pa_mehanizm-quartz","17":"pa_remeshok-roz-gold","18":"pa_steklo-cristal-mineral","19":"pa_strana-sua","20":"pa_voda-5-atm","22":"first","23":"instock","24":"purchasable","25":"product-type-simple"},"acf":[],"_links":{"self":[{"href":"https:\/\/ceasuri.md\/ru\/wp-json\/wp\/v2\/product\/57854","targetHints":{"allow":["GET"]}}],"collection":[{"href":"https:\/\/ceasuri.md\/ru\/wp-json\/wp\/v2\/product"}],"about":[{"href":"https:\/\/ceasuri.md\/ru\/wp-json\/wp\/v2\/types\/product"}],"replies":[{"embeddable":true,"href":"https:\/\/ceasuri.md\/ru\/wp-json\/wp\/v2\/comments?post=57854"}],"wp:featuredmedia":[{"embeddable":true,"href":"https:\/\/ceasuri.md\/ru\/wp-json\/wp\/v2\/media\/57855"}],"wp:attachment":[{"href":"https:\/\/ceasuri.md\/ru\/wp-json\/wp\/v2\/media?parent=57854"}],"wp:term":[{"taxonomy":"product_brand","embeddable":true,"href":"https:\/\/ceasuri.md\/ru\/wp-json\/wp\/v2\/product_brand?post=57854"},{"taxonomy":"product_cat","embeddable":true,"href":"https:\/\/ceasuri.md\/ru\/wp-json\/wp\/v2\/product_cat?post=57854"},{"taxonomy":"product_tag","embeddable":true,"href":"https:\/\/ceasuri.md\/ru\/wp-json\/wp\/v2\/product_tag?post=57854"}],"curies":[{"name":"wp","href":"https:\/\/api.w.org\/{rel}","templated":true}]}}