{"id":57844,"date":"2026-04-03T00:43:48","date_gmt":"2026-04-02T21:43:48","guid":{"rendered":"http:\/\/new.ceasuri.md\/shop\/uncategorized\/fossil-watch-ring-es5392\/"},"modified":"2026-04-20T01:47:24","modified_gmt":"2026-04-19T22:47:24","slug":"fossil-watch-ring-es5392","status":"publish","type":"product","link":"https:\/\/ceasuri.md\/ru\/shop\/accesorii\/accesorii-dama\/inele\/fossil-watch-ring-es5392\/","title":{"rendered":"\u0427\u0430\u0441\u044b FOSSIL WATCH RING ES5392"},"content":{"rendered":"<p>Definirea timpului nu a fost niciodat\u0103 at\u00e2t de elegant\u0103.<\/p>\n<p>Un accesoriu de mod\u0103 unic \u0219i original care combin\u0103 elegan\u021ba unui ceas cu originalitatea unui inel. Aceast\u0103 pies\u0103 neobi\u0219nuit\u0103 atrage aten\u021bia cu cadranul s\u0103u mic \u0219i cu carcasa din o\u021bel, care este decorat\u0103 aproape \u00een \u00eentregime cu pietre str\u0103lucitoare. Br\u0103\u021bara elastic\u0103 se potrive\u0219te m\u0103rimilor 6-7.<\/p>\n<p>Fossil Watch Ring, a\u0219a cum mai este numit acest ceas, este o alegere ideal\u0103 pentru femeile care doresc s\u0103 ias\u0103 \u00een eviden\u021b\u0103 \u0219i s\u0103 poarte o bijuterie pe care nu o mai are nimeni.<\/p>\n<p>Designul ceasului \u00eel face potrivit at\u00e2t pentru \u021binutele casual, c\u00e2t \u0219i pentru rochiile de sear\u0103.<\/p>","protected":false},"excerpt":{"rendered":"<p>Definirea timpului nu a fost niciodat\u0103 at\u00e2t de elegant\u0103. Un accesoriu de mod\u0103 unic \u0219i original care combin\u0103 elegan\u021ba unui ceas cu originalitatea unui inel. Aceast\u0103 pies\u0103 neobi\u0219nuit\u0103 atrage aten\u021bia cu cadranul s\u0103u mic \u0219i cu carcasa din o\u021bel, care este decorat\u0103 aproape \u00een \u00eentregime cu pietre str\u0103lucitoare. Br\u0103\u021bara elastic\u0103 se potrive\u0219te m\u0103rimilor 6-7. Fossil [&hellip;]<\/p>\n","protected":false},"featured_media":57845,"comment_status":"closed","ping_status":"open","template":"","meta":{"_acf_changed":false},"product_brand":[],"product_cat":[25,396,586],"product_tag":[],"class_list":{"0":"post-57844","1":"product","2":"type-product","3":"status-publish","4":"has-post-thumbnail","6":"product_cat-ceasuri-dama","7":"product_cat-fossil","8":"product_cat-inele","9":"pa_brand-fossil","10":"pa_braslet-otel-inoxidabil","11":"pa_corpus-15-mm","12":"pa_decor-cristale-swarowski","13":"pa_forma-rotund","14":"pa_garatia-24-luni","15":"pa_korpus-auriu","16":"pa_kvarc-quartz","17":"pa_material-otel-inoxidabil","18":"pa_mehanizm-quartz","19":"pa_remeshok-auriu","20":"pa_steklo-cristal-mineral","21":"pa_strana-sua","22":"pa_voda-5-atm","24":"first","25":"instock","26":"purchasable","27":"product-type-simple"},"acf":[],"_links":{"self":[{"href":"https:\/\/ceasuri.md\/ru\/wp-json\/wp\/v2\/product\/57844","targetHints":{"allow":["GET"]}}],"collection":[{"href":"https:\/\/ceasuri.md\/ru\/wp-json\/wp\/v2\/product"}],"about":[{"href":"https:\/\/ceasuri.md\/ru\/wp-json\/wp\/v2\/types\/product"}],"replies":[{"embeddable":true,"href":"https:\/\/ceasuri.md\/ru\/wp-json\/wp\/v2\/comments?post=57844"}],"wp:featuredmedia":[{"embeddable":true,"href":"https:\/\/ceasuri.md\/ru\/wp-json\/wp\/v2\/media\/57845"}],"wp:attachment":[{"href":"https:\/\/ceasuri.md\/ru\/wp-json\/wp\/v2\/media?parent=57844"}],"wp:term":[{"taxonomy":"product_brand","embeddable":true,"href":"https:\/\/ceasuri.md\/ru\/wp-json\/wp\/v2\/product_brand?post=57844"},{"taxonomy":"product_cat","embeddable":true,"href":"https:\/\/ceasuri.md\/ru\/wp-json\/wp\/v2\/product_cat?post=57844"},{"taxonomy":"product_tag","embeddable":true,"href":"https:\/\/ceasuri.md\/ru\/wp-json\/wp\/v2\/product_tag?post=57844"}],"curies":[{"name":"wp","href":"https:\/\/api.w.org\/{rel}","templated":true}]}}