{"id":57839,"date":"2026-04-03T00:43:48","date_gmt":"2026-04-02T21:43:48","guid":{"rendered":"http:\/\/new.ceasuri.md\/shop\/uncategorized\/armani-exchange-kilian-ax1422\/"},"modified":"2026-04-20T01:47:11","modified_gmt":"2026-04-19T22:47:11","slug":"armani-exchange-kilian-ax1422","status":"publish","type":"product","link":"https:\/\/ceasuri.md\/ru\/shop\/branduri\/armani-exchange\/armani-exchange-kilian-ax1422\/","title":{"rendered":"\u0427\u0430\u0441\u044b ARMANI EXCHANGE KILIAN AX1422"},"content":{"rendered":"<p>Un ceas b\u0103rb\u0103tesc elegant, cu un design modern \u0219i minimalist, creat pentru b\u0103rba\u021bii care apreciaz\u0103 stilul \u0219i func\u021bionalitatea.<\/p>\n<p>Carcasa neagr\u0103 \u0219i br\u0103\u021bara din o\u021bel inoxidabil completeaz\u0103 cadranul negru cu afi\u0219aj pentru dat\u0103.<\/p>\n<p>Mi\u0219carea cu cuar\u021b asigur\u0103 o func\u021bionare fiabil\u0103, \u00een timp ce cristalul mineral protejeaz\u0103 cadranul.<\/p>\n<p>Ceasul este rezistent la ap\u0103 p\u00e2n\u0103 la 30 de metri, ceea ce \u00eel face rezistent la stropi de ap\u0103 u\u0219ori \u0219i ideal pentru purtarea zilnic\u0103.<\/p>","protected":false},"excerpt":{"rendered":"<p>Un ceas b\u0103rb\u0103tesc elegant, cu un design modern \u0219i minimalist, creat pentru b\u0103rba\u021bii care apreciaz\u0103 stilul \u0219i func\u021bionalitatea. Carcasa neagr\u0103 \u0219i br\u0103\u021bara din o\u021bel inoxidabil completeaz\u0103 cadranul negru cu afi\u0219aj pentru dat\u0103. Mi\u0219carea cu cuar\u021b asigur\u0103 o func\u021bionare fiabil\u0103, \u00een timp ce cristalul mineral protejeaz\u0103 cadranul. Ceasul este rezistent la ap\u0103 p\u00e2n\u0103 la 30 de [&hellip;]<\/p>\n","protected":false},"featured_media":57840,"comment_status":"closed","ping_status":"open","template":"","meta":{"_acf_changed":false},"product_brand":[],"product_cat":[615,20],"product_tag":[],"class_list":{"0":"post-57839","1":"product","2":"type-product","3":"status-publish","4":"has-post-thumbnail","6":"product_cat-armani-exchange","7":"product_cat-ceasuri-barbati","8":"pa_brand-armani-exchange","9":"pa_braslet-otel-inoxidabil","10":"pa_corpus-42-mm","11":"pa_forma-rotund","12":"pa_funcii-data","13":"pa_garatia-24-luni","14":"pa_korpus-negru","15":"pa_kvarc-quartz","16":"pa_material-otel-inoxidabil","17":"pa_mehanizm-quartz","18":"pa_remeshok-negru","19":"pa_steklo-cristal-mineral","20":"pa_strana-italia","21":"pa_voda-3-atm","23":"first","24":"instock","25":"purchasable","26":"product-type-simple"},"acf":[],"_links":{"self":[{"href":"https:\/\/ceasuri.md\/ru\/wp-json\/wp\/v2\/product\/57839","targetHints":{"allow":["GET"]}}],"collection":[{"href":"https:\/\/ceasuri.md\/ru\/wp-json\/wp\/v2\/product"}],"about":[{"href":"https:\/\/ceasuri.md\/ru\/wp-json\/wp\/v2\/types\/product"}],"replies":[{"embeddable":true,"href":"https:\/\/ceasuri.md\/ru\/wp-json\/wp\/v2\/comments?post=57839"}],"wp:featuredmedia":[{"embeddable":true,"href":"https:\/\/ceasuri.md\/ru\/wp-json\/wp\/v2\/media\/57840"}],"wp:attachment":[{"href":"https:\/\/ceasuri.md\/ru\/wp-json\/wp\/v2\/media?parent=57839"}],"wp:term":[{"taxonomy":"product_brand","embeddable":true,"href":"https:\/\/ceasuri.md\/ru\/wp-json\/wp\/v2\/product_brand?post=57839"},{"taxonomy":"product_cat","embeddable":true,"href":"https:\/\/ceasuri.md\/ru\/wp-json\/wp\/v2\/product_cat?post=57839"},{"taxonomy":"product_tag","embeddable":true,"href":"https:\/\/ceasuri.md\/ru\/wp-json\/wp\/v2\/product_tag?post=57839"}],"curies":[{"name":"wp","href":"https:\/\/api.w.org\/{rel}","templated":true}]}}