{"id":57833,"date":"2026-04-03T00:43:48","date_gmt":"2026-04-02T21:43:48","guid":{"rendered":"http:\/\/new.ceasuri.md\/shop\/uncategorized\/armani-exchange-banks-ax1765\/"},"modified":"2026-04-20T01:47:11","modified_gmt":"2026-04-19T22:47:11","slug":"armani-exchange-banks-ax1765","status":"publish","type":"product","link":"https:\/\/ceasuri.md\/ru\/shop\/branduri\/armani-exchange\/armani-exchange-banks-ax1765\/","title":{"rendered":"\u0427\u0430\u0441\u044b ARMANI EXCHANGE BANKS AX1765"},"content":{"rendered":"<p>Acest ceas b\u0103rb\u0103tesc de culoarea bronzului este conceput pentru b\u0103rba\u021bii \u00eencrez\u0103tori care apreciaz\u0103 accesoriile cu caracter.<\/p>\n<p>Carcasa \u0219i br\u0103\u021bara din o\u021bel inoxidabil de culoarea bronzului atrag imediat aten\u021bia.<\/p>\n<p>Carcasa impresionant\u0103 are un cadran negru \u0219i subcadrane cronograf care adaug\u0103 profunzime vizual\u0103.<\/p>\n<p>Func\u021bia cronograf face ca acest ceas s\u0103 fie nu doar elegant, ci \u0219i un instrument fiabil pentru cei obi\u0219nui\u021bi s\u0103 monitorizeze fiecare secund\u0103.<\/p>\n<p>Acesta este un accesoriu cu adev\u0103rat elegant, unde \u00eendr\u0103zneala \u00eent\u00e2lne\u0219te estetica impecabil\u0103.<\/p>","protected":false},"excerpt":{"rendered":"<p>Acest ceas b\u0103rb\u0103tesc de culoarea bronzului este conceput pentru b\u0103rba\u021bii \u00eencrez\u0103tori care apreciaz\u0103 accesoriile cu caracter. Carcasa \u0219i br\u0103\u021bara din o\u021bel inoxidabil de culoarea bronzului atrag imediat aten\u021bia. Carcasa impresionant\u0103 are un cadran negru \u0219i subcadrane cronograf care adaug\u0103 profunzime vizual\u0103. Func\u021bia cronograf face ca acest ceas s\u0103 fie nu doar elegant, ci \u0219i un [&hellip;]<\/p>\n","protected":false},"featured_media":57834,"comment_status":"closed","ping_status":"open","template":"","meta":{"_acf_changed":false},"product_brand":[],"product_cat":[615,20],"product_tag":[],"class_list":{"0":"post-57833","1":"product","2":"type-product","3":"status-publish","4":"has-post-thumbnail","6":"product_cat-armani-exchange","7":"product_cat-ceasuri-barbati","8":"pa_brand-armani-exchange","9":"pa_braslet-otel-inoxidabil","10":"pa_corpus-44-mm","11":"pa_forma-rotund","12":"pa_funcii-cronograf","13":"pa_funcii-data","14":"pa_garatia-24-luni","15":"pa_korpus-gri","16":"pa_kvarc-quartz","17":"pa_material-otel-inoxidabil","18":"pa_mehanizm-quartz","19":"pa_remeshok-gri","20":"pa_steklo-cristal-mineral","21":"pa_strana-italia","22":"pa_voda-5-atm","24":"first","25":"instock","26":"purchasable","27":"product-type-simple"},"acf":[],"_links":{"self":[{"href":"https:\/\/ceasuri.md\/ru\/wp-json\/wp\/v2\/product\/57833","targetHints":{"allow":["GET"]}}],"collection":[{"href":"https:\/\/ceasuri.md\/ru\/wp-json\/wp\/v2\/product"}],"about":[{"href":"https:\/\/ceasuri.md\/ru\/wp-json\/wp\/v2\/types\/product"}],"replies":[{"embeddable":true,"href":"https:\/\/ceasuri.md\/ru\/wp-json\/wp\/v2\/comments?post=57833"}],"wp:featuredmedia":[{"embeddable":true,"href":"https:\/\/ceasuri.md\/ru\/wp-json\/wp\/v2\/media\/57834"}],"wp:attachment":[{"href":"https:\/\/ceasuri.md\/ru\/wp-json\/wp\/v2\/media?parent=57833"}],"wp:term":[{"taxonomy":"product_brand","embeddable":true,"href":"https:\/\/ceasuri.md\/ru\/wp-json\/wp\/v2\/product_brand?post=57833"},{"taxonomy":"product_cat","embeddable":true,"href":"https:\/\/ceasuri.md\/ru\/wp-json\/wp\/v2\/product_cat?post=57833"},{"taxonomy":"product_tag","embeddable":true,"href":"https:\/\/ceasuri.md\/ru\/wp-json\/wp\/v2\/product_tag?post=57833"}],"curies":[{"name":"wp","href":"https:\/\/api.w.org\/{rel}","templated":true}]}}