{"id":57827,"date":"2026-04-03T00:43:48","date_gmt":"2026-04-02T21:43:48","guid":{"rendered":"http:\/\/new.ceasuri.md\/shop\/uncategorized\/armani-exchange-dante-ax1885\/"},"modified":"2026-04-07T04:59:15","modified_gmt":"2026-04-07T01:59:15","slug":"armani-exchange-dante-ax1885","status":"publish","type":"product","link":"https:\/\/ceasuri.md\/ru\/shop\/branduri\/armani-exchange\/armani-exchange-dante-ax1885\/","title":{"rendered":"Ceas ARMANI EXCHANGE DANTE AX1885"},"content":{"rendered":"<p>Acesta este un manifest al urbanismului modern \u0219i al stilului \u00eencrez\u0103tor, creat pentru cei care apreciaz\u0103 estetica industrial\u0103 \u00een detaliu.<\/p>\n<p>Principala caracteristic\u0103 unic\u0103 a acestui model este textura sa neobi\u0219nuit\u0103: un cadran gri mat, combinat cu o br\u0103\u021bar\u0103 din o\u021bel inoxidabil cu un finisaj similar de culoare bronz \u00eenchis, creeaz\u0103 o impresie vizual\u0103 unic\u0103 \u0219i profund\u0103.<\/p>\n<p>Carcasa de 42 mm este perfect echilibrat\u0103, subliniind masculinitatea \u0219i caracterul modern al accesoriului.<\/p>\n<p>Mecanismul multifunc\u021bional face din acest ceas un companion de \u00eencredere pentru b\u0103rbatul activ, ajut\u00e2ndu-l s\u0103 navigheze \u00een ritmul ora\u0219ului mare.<\/p>\n<p>Acest accesoriu va completa cu u\u0219urin\u021b\u0103 at\u00e2t un costum business formal, c\u00e2t \u0219i un look casual de zi cu zi.<\/p>","protected":false},"excerpt":{"rendered":"<p>Acesta este un manifest al urbanismului modern \u0219i al stilului \u00eencrez\u0103tor, creat pentru cei care apreciaz\u0103 estetica industrial\u0103 \u00een detaliu. Principala caracteristic\u0103 unic\u0103 a acestui model este textura sa neobi\u0219nuit\u0103: un cadran gri mat, combinat cu o br\u0103\u021bar\u0103 din o\u021bel inoxidabil cu un finisaj similar de culoare bronz \u00eenchis, creeaz\u0103 o impresie vizual\u0103 unic\u0103 \u0219i [&hellip;]<\/p>\n","protected":false},"featured_media":57828,"comment_status":"closed","ping_status":"open","template":"","meta":{"_acf_changed":false},"product_brand":[],"product_cat":[615,20],"product_tag":[],"class_list":{"0":"post-57827","1":"product","2":"type-product","3":"status-publish","4":"has-post-thumbnail","6":"product_cat-armani-exchange","7":"product_cat-ceasuri-barbati","8":"pa_brand-armani-exchange","9":"pa_braslet-otel-inoxidabil","10":"pa_corpus-42-mm","11":"pa_forma-rotund","12":"pa_funcii-data","13":"pa_funcii-ziua-saptamanii","14":"pa_garatia-24-luni","15":"pa_korpus-gri","16":"pa_material-otel-inoxidabil","17":"pa_mehanizm-quartz","18":"pa_remeshok-gri","19":"pa_steklo-cristal-mineral","20":"pa_strana-italia","21":"pa_voda-5-atm","23":"first","24":"instock","25":"purchasable","26":"product-type-simple"},"acf":[],"_links":{"self":[{"href":"https:\/\/ceasuri.md\/ru\/wp-json\/wp\/v2\/product\/57827","targetHints":{"allow":["GET"]}}],"collection":[{"href":"https:\/\/ceasuri.md\/ru\/wp-json\/wp\/v2\/product"}],"about":[{"href":"https:\/\/ceasuri.md\/ru\/wp-json\/wp\/v2\/types\/product"}],"replies":[{"embeddable":true,"href":"https:\/\/ceasuri.md\/ru\/wp-json\/wp\/v2\/comments?post=57827"}],"wp:featuredmedia":[{"embeddable":true,"href":"https:\/\/ceasuri.md\/ru\/wp-json\/wp\/v2\/media\/57828"}],"wp:attachment":[{"href":"https:\/\/ceasuri.md\/ru\/wp-json\/wp\/v2\/media?parent=57827"}],"wp:term":[{"taxonomy":"product_brand","embeddable":true,"href":"https:\/\/ceasuri.md\/ru\/wp-json\/wp\/v2\/product_brand?post=57827"},{"taxonomy":"product_cat","embeddable":true,"href":"https:\/\/ceasuri.md\/ru\/wp-json\/wp\/v2\/product_cat?post=57827"},{"taxonomy":"product_tag","embeddable":true,"href":"https:\/\/ceasuri.md\/ru\/wp-json\/wp\/v2\/product_tag?post=57827"}],"curies":[{"name":"wp","href":"https:\/\/api.w.org\/{rel}","templated":true}]}}