{"id":57821,"date":"2026-04-03T00:43:48","date_gmt":"2026-04-02T21:43:48","guid":{"rendered":"http:\/\/new.ceasuri.md\/shop\/uncategorized\/armani-exchange-dante-ax1886\/"},"modified":"2026-04-07T04:59:15","modified_gmt":"2026-04-07T01:59:15","slug":"armani-exchange-dante-ax1886","status":"publish","type":"product","link":"https:\/\/ceasuri.md\/ru\/shop\/branduri\/armani-exchange\/armani-exchange-dante-ax1886\/","title":{"rendered":"Ceas ARMANI EXCHANGE DANTE AX1886"},"content":{"rendered":"<p>Un ceas b\u0103rb\u0103tesc elegant, cu un design modern \u0219i minimalist, creat pentru cei care apreciaz\u0103 elegan\u021ba discret\u0103.<\/p>\n<p>Carcasa neagr\u0103 \u0219i cureaua din piele completeaz\u0103 perfect cadranul negru.<\/p>\n<p>Cureaua din piele neagr\u0103 autentic\u0103 adaug\u0103 o not\u0103 clasic\u0103, \u00een timp ce detaliile rafinate \u0219i elementele de design caracteristice fac din acest model un ceas Armani Exchange, f\u0103r\u0103 \u00eendoial\u0103.<\/p>\n<p>Cu cristalul mineral \u0219i rezisten\u021ba la ap\u0103 p\u00e2n\u0103 la 50 de metri, acest model este ideal at\u00e2t pentru purtarea de zi cu zi, c\u00e2t \u0219i pentru ocazii mai formale.<\/p>\n<p>Conceput pentru a atrage aten\u021bia prin farmecul s\u0103u rafinat, acest ceas este un accesoriu care completeaz\u0103 cu u\u0219urin\u021b\u0103 orice look, fie el casual sau formal.<\/p>","protected":false},"excerpt":{"rendered":"<p>Un ceas b\u0103rb\u0103tesc elegant, cu un design modern \u0219i minimalist, creat pentru cei care apreciaz\u0103 elegan\u021ba discret\u0103. Carcasa neagr\u0103 \u0219i cureaua din piele completeaz\u0103 perfect cadranul negru. Cureaua din piele neagr\u0103 autentic\u0103 adaug\u0103 o not\u0103 clasic\u0103, \u00een timp ce detaliile rafinate \u0219i elementele de design caracteristice fac din acest model un ceas Armani Exchange, f\u0103r\u0103 [&hellip;]<\/p>\n","protected":false},"featured_media":57822,"comment_status":"closed","ping_status":"open","template":"","meta":{"_acf_changed":false},"product_brand":[],"product_cat":[615,20],"product_tag":[],"class_list":{"0":"post-57821","1":"product","2":"type-product","3":"status-publish","4":"has-post-thumbnail","6":"product_cat-armani-exchange","7":"product_cat-ceasuri-barbati","8":"pa_brand-armani-exchange","9":"pa_braslet-piele","10":"pa_corpus-42-mm","11":"pa_forma-rotund","12":"pa_funcii-data","13":"pa_funcii-ziua-saptamanii","14":"pa_garatia-24-luni","15":"pa_korpus-negru","16":"pa_material-otel-inoxidabil","17":"pa_mehanizm-quartz","18":"pa_remeshok-negru","19":"pa_steklo-cristal-mineral","20":"pa_strana-italia","21":"pa_voda-5-atm","23":"first","24":"instock","25":"purchasable","26":"product-type-simple"},"acf":[],"_links":{"self":[{"href":"https:\/\/ceasuri.md\/ru\/wp-json\/wp\/v2\/product\/57821","targetHints":{"allow":["GET"]}}],"collection":[{"href":"https:\/\/ceasuri.md\/ru\/wp-json\/wp\/v2\/product"}],"about":[{"href":"https:\/\/ceasuri.md\/ru\/wp-json\/wp\/v2\/types\/product"}],"replies":[{"embeddable":true,"href":"https:\/\/ceasuri.md\/ru\/wp-json\/wp\/v2\/comments?post=57821"}],"wp:featuredmedia":[{"embeddable":true,"href":"https:\/\/ceasuri.md\/ru\/wp-json\/wp\/v2\/media\/57822"}],"wp:attachment":[{"href":"https:\/\/ceasuri.md\/ru\/wp-json\/wp\/v2\/media?parent=57821"}],"wp:term":[{"taxonomy":"product_brand","embeddable":true,"href":"https:\/\/ceasuri.md\/ru\/wp-json\/wp\/v2\/product_brand?post=57821"},{"taxonomy":"product_cat","embeddable":true,"href":"https:\/\/ceasuri.md\/ru\/wp-json\/wp\/v2\/product_cat?post=57821"},{"taxonomy":"product_tag","embeddable":true,"href":"https:\/\/ceasuri.md\/ru\/wp-json\/wp\/v2\/product_tag?post=57821"}],"curies":[{"name":"wp","href":"https:\/\/api.w.org\/{rel}","templated":true}]}}