{"id":57806,"date":"2026-04-03T00:43:48","date_gmt":"2026-04-02T21:43:48","guid":{"rendered":"http:\/\/new.ceasuri.md\/shop\/uncategorized\/armani-exchange-spencer-ax1965\/"},"modified":"2026-04-20T01:47:14","modified_gmt":"2026-04-19T22:47:14","slug":"armani-exchange-spencer-ax1965","status":"publish","type":"product","link":"https:\/\/ceasuri.md\/ru\/shop\/branduri\/armani-exchange\/armani-exchange-spencer-ax1965\/","title":{"rendered":"Ceas ARMANI EXCHANGE SPENCER AX1965"},"content":{"rendered":"<p>Stil contemporan \u0219i perfec\u021biune func\u021bional\u0103, create pentru b\u0103rba\u021bii care pre\u021buiesc fiabilitatea \u00een fiecare detaliu.<\/p>\n<p>Acest model iese \u00een eviden\u021b\u0103 prin cadranul s\u0103u albastru texturat, impresionant. Suprafa\u021ba texturat\u0103 creeaz\u0103 o profunzime vizual\u0103 captivant\u0103, \u00een timp ce acele luminescente asigur\u0103 o lizibilitate excelent\u0103 \u00een orice lumin\u0103.<\/p>\n<p>Cu o carcas\u0103 \u0219i o br\u0103\u021bar\u0103 din o\u021bel inoxidabil bicolor, acest ceas combin\u0103 atletismul elegant cu durabilitatea.<\/p>\n<p>Rezistent la ap\u0103 p\u00e2n\u0103 la 100 de metri, acest ceas cronograf este companionul ideal pentru cei care duc un stil de via\u021b\u0103 activ \u0219i nu accept\u0103 compromisuri.<\/p>\n<p>Acest accesoriu subliniaz\u0103 statutul \u0219i caracterul decisiv al proprietarului s\u0103u.<\/p>","protected":false},"excerpt":{"rendered":"<p>Stil contemporan \u0219i perfec\u021biune func\u021bional\u0103, create pentru b\u0103rba\u021bii care pre\u021buiesc fiabilitatea \u00een fiecare detaliu. Acest model iese \u00een eviden\u021b\u0103 prin cadranul s\u0103u albastru texturat, impresionant. Suprafa\u021ba texturat\u0103 creeaz\u0103 o profunzime vizual\u0103 captivant\u0103, \u00een timp ce acele luminescente asigur\u0103 o lizibilitate excelent\u0103 \u00een orice lumin\u0103. Cu o carcas\u0103 \u0219i o br\u0103\u021bar\u0103 din o\u021bel inoxidabil bicolor, acest [&hellip;]<\/p>\n","protected":false},"featured_media":57807,"comment_status":"closed","ping_status":"open","template":"","meta":{"_acf_changed":false},"product_brand":[],"product_cat":[615,20],"product_tag":[],"class_list":{"0":"post-57806","1":"product","2":"type-product","3":"status-publish","4":"has-post-thumbnail","6":"product_cat-armani-exchange","7":"product_cat-ceasuri-barbati","8":"pa_brand-armani-exchange","9":"pa_braslet-otel-inoxidabil","10":"pa_corpus-44-mm","11":"pa_forma-rotund","12":"pa_funcii-cronograf","13":"pa_funcii-data","14":"pa_garatia-24-luni","15":"pa_korpus-bicolor","16":"pa_kvarc-quartz","17":"pa_material-otel-inoxidabil","18":"pa_mehanizm-quartz","19":"pa_remeshok-bicolor","20":"pa_steklo-cristal-mineral","21":"pa_strana-italia","22":"pa_voda-10-atm","24":"first","25":"instock","26":"purchasable","27":"product-type-simple"},"acf":[],"_links":{"self":[{"href":"https:\/\/ceasuri.md\/ru\/wp-json\/wp\/v2\/product\/57806","targetHints":{"allow":["GET"]}}],"collection":[{"href":"https:\/\/ceasuri.md\/ru\/wp-json\/wp\/v2\/product"}],"about":[{"href":"https:\/\/ceasuri.md\/ru\/wp-json\/wp\/v2\/types\/product"}],"replies":[{"embeddable":true,"href":"https:\/\/ceasuri.md\/ru\/wp-json\/wp\/v2\/comments?post=57806"}],"wp:featuredmedia":[{"embeddable":true,"href":"https:\/\/ceasuri.md\/ru\/wp-json\/wp\/v2\/media\/57807"}],"wp:attachment":[{"href":"https:\/\/ceasuri.md\/ru\/wp-json\/wp\/v2\/media?parent=57806"}],"wp:term":[{"taxonomy":"product_brand","embeddable":true,"href":"https:\/\/ceasuri.md\/ru\/wp-json\/wp\/v2\/product_brand?post=57806"},{"taxonomy":"product_cat","embeddable":true,"href":"https:\/\/ceasuri.md\/ru\/wp-json\/wp\/v2\/product_cat?post=57806"},{"taxonomy":"product_tag","embeddable":true,"href":"https:\/\/ceasuri.md\/ru\/wp-json\/wp\/v2\/product_tag?post=57806"}],"curies":[{"name":"wp","href":"https:\/\/api.w.org\/{rel}","templated":true}]}}