{"id":57801,"date":"2026-04-03T00:43:48","date_gmt":"2026-04-02T21:43:48","guid":{"rendered":"http:\/\/new.ceasuri.md\/shop\/uncategorized\/armani-exchange-hampton-ax2137\/"},"modified":"2026-04-20T01:47:15","modified_gmt":"2026-04-19T22:47:15","slug":"armani-exchange-hampton-ax2137","status":"publish","type":"product","link":"https:\/\/ceasuri.md\/ru\/shop\/branduri\/armani-exchange\/armani-exchange-hampton-ax2137\/","title":{"rendered":"\u0427\u0430\u0441\u044b ARMANI EXCHANGE HAMPTON AX2137"},"content":{"rendered":"<p>Un exemplu de ceas b\u0103rb\u0103tesc care se va potrivi oric\u0103rui stil.<\/p>\n<p>Designul unic combinat cu materiale de \u00eenalt\u0103 calitate garanteaz\u0103 un aspect impecabil \u00een orice situa\u021bie.<\/p>\n<p>Carcasa este din o\u021bel inoxidabil auriu.<\/p>\n<p>Cadranul negru permite elementelor aurii s\u0103 ias\u0103 \u00een eviden\u021b\u0103, cre\u00e2nd o atmosfer\u0103 de lux autentic. Trei subcadrane subliniaz\u0103 caracterul dinamic \u0219i func\u021bional al modelului.<\/p>\n<p>Br\u0103\u021bara ceasului este fabricat\u0103 din o\u021bel inoxidabil de \u00eenalt\u0103 calitate \u0219i se scoate u\u0219or datorit\u0103 \u00eencuietoarei practice.<\/p>\n<p>Acest ceas de m\u00e2n\u0103 este un accesoriu care poate ad\u0103uga un accent deosebit at\u00e2t aspectului business, c\u00e2t \u0219i celui casual.<\/p>","protected":false},"excerpt":{"rendered":"<p>Un exemplu de ceas b\u0103rb\u0103tesc care se va potrivi oric\u0103rui stil. Designul unic combinat cu materiale de \u00eenalt\u0103 calitate garanteaz\u0103 un aspect impecabil \u00een orice situa\u021bie. Carcasa este din o\u021bel inoxidabil auriu. Cadranul negru permite elementelor aurii s\u0103 ias\u0103 \u00een eviden\u021b\u0103, cre\u00e2nd o atmosfer\u0103 de lux autentic. Trei subcadrane subliniaz\u0103 caracterul dinamic \u0219i func\u021bional al [&hellip;]<\/p>\n","protected":false},"featured_media":57802,"comment_status":"closed","ping_status":"open","template":"","meta":{"_acf_changed":false},"product_brand":[],"product_cat":[615,20],"product_tag":[],"class_list":{"0":"post-57801","1":"product","2":"type-product","3":"status-publish","4":"has-post-thumbnail","6":"product_cat-armani-exchange","7":"product_cat-ceasuri-barbati","8":"pa_brand-armani-exchange","9":"pa_braslet-otel-inoxidabil","10":"pa_corpus-46-mm","11":"pa_forma-rotund","12":"pa_funcii-cronograf","13":"pa_garatia-24-luni","14":"pa_korpus-auriu","15":"pa_kvarc-quartz","16":"pa_material-otel-inoxidabil","17":"pa_mehanizm-quartz","18":"pa_remeshok-auriu","19":"pa_steklo-cristal-mineral","20":"pa_strana-italia","21":"pa_voda-5-atm","23":"first","24":"instock","25":"purchasable","26":"product-type-simple"},"acf":[],"_links":{"self":[{"href":"https:\/\/ceasuri.md\/ru\/wp-json\/wp\/v2\/product\/57801","targetHints":{"allow":["GET"]}}],"collection":[{"href":"https:\/\/ceasuri.md\/ru\/wp-json\/wp\/v2\/product"}],"about":[{"href":"https:\/\/ceasuri.md\/ru\/wp-json\/wp\/v2\/types\/product"}],"replies":[{"embeddable":true,"href":"https:\/\/ceasuri.md\/ru\/wp-json\/wp\/v2\/comments?post=57801"}],"wp:featuredmedia":[{"embeddable":true,"href":"https:\/\/ceasuri.md\/ru\/wp-json\/wp\/v2\/media\/57802"}],"wp:attachment":[{"href":"https:\/\/ceasuri.md\/ru\/wp-json\/wp\/v2\/media?parent=57801"}],"wp:term":[{"taxonomy":"product_brand","embeddable":true,"href":"https:\/\/ceasuri.md\/ru\/wp-json\/wp\/v2\/product_brand?post=57801"},{"taxonomy":"product_cat","embeddable":true,"href":"https:\/\/ceasuri.md\/ru\/wp-json\/wp\/v2\/product_cat?post=57801"},{"taxonomy":"product_tag","embeddable":true,"href":"https:\/\/ceasuri.md\/ru\/wp-json\/wp\/v2\/product_tag?post=57801"}],"curies":[{"name":"wp","href":"https:\/\/api.w.org\/{rel}","templated":true}]}}