{"id":57796,"date":"2024-12-27T09:10:31","date_gmt":"2024-12-27T07:10:31","guid":{"rendered":"http:\/\/new.ceasuri.md\/shop\/uncategorized\/armani-exchange-hampton-ax2453\/"},"modified":"2026-05-01T19:17:27","modified_gmt":"2026-05-01T16:17:27","slug":"armani-exchange-hampton-ax2453","status":"publish","type":"product","link":"https:\/\/ceasuri.md\/ru\/shop\/branduri\/armani-exchange\/armani-exchange-hampton-ax2453\/","title":{"rendered":"\u0427\u0430\u0441\u044b ARMANI EXCHANGE HAMPTON AX2453"},"content":{"rendered":"<p>Acest ceas b\u0103rb\u0103tesc bicolor \u00eentruchipeaz\u0103 echilibrul perfect \u00eentre luxul clasic \u0219i un caracter modern, rigid.<\/p>\n<p>Str\u0103lucirea rece a o\u021belului inoxidabil este completat\u0103 armonios de o lunet\u0103 aurie, cre\u00e2nd o declara\u021bie vizual\u0103 izbitoare \u0219i prestigioas\u0103.<\/p>\n<p>Cadranul negru texturat adaug\u0103 o not\u0103 de elegan\u021b\u0103 robust\u0103 \u0219i profunzime accesoriului, subliniind atitudinea \u00eencrez\u0103toare a purt\u0103torului.<\/p>\n<p>Ceasul are un afi\u0219aj pentru dat\u0103 \u0219i este protejat de cristal mineral.<\/p>\n<p>Acesta nu este doar un ceas unic, ci un accesoriu cu adev\u0103rat elegant, care se adapteaz\u0103 cu u\u0219urin\u021b\u0103 oric\u0103rui stil &#8211; de la un costum business formal la un look casual.<\/p>","protected":false},"excerpt":{"rendered":"<p>Acest ceas b\u0103rb\u0103tesc bicolor \u00eentruchipeaz\u0103 echilibrul perfect \u00eentre luxul clasic \u0219i un caracter modern, rigid. Str\u0103lucirea rece a o\u021belului inoxidabil este completat\u0103 armonios de o lunet\u0103 aurie, cre\u00e2nd o declara\u021bie vizual\u0103 izbitoare \u0219i prestigioas\u0103. Cadranul negru texturat adaug\u0103 o not\u0103 de elegan\u021b\u0103 robust\u0103 \u0219i profunzime accesoriului, subliniind atitudinea \u00eencrez\u0103toare a purt\u0103torului. Ceasul are un afi\u0219aj [&hellip;]<\/p>\n","protected":false},"featured_media":57797,"comment_status":"closed","ping_status":"open","template":"","meta":{"_acf_changed":false},"product_brand":[],"product_cat":[615,20],"product_tag":[],"class_list":{"0":"post-57796","1":"product","2":"type-product","3":"status-publish","4":"has-post-thumbnail","6":"product_cat-armani-exchange","7":"product_cat-ceasuri-barbati","8":"pa_brand-armani-exchange","9":"pa_braslet-otel-inoxidabil","10":"pa_corpus-46-mm","11":"pa_forma-rotund","12":"pa_funcii-data","13":"pa_garatia-24-luni","14":"pa_korpus-bicolor","15":"pa_kvarc-quartz","16":"pa_material-otel-inoxidabil","17":"pa_mehanizm-quartz","18":"pa_remeshok-bicolor","19":"pa_steklo-cristal-mineral","20":"pa_strana-italia","21":"pa_voda-5-atm","23":"first","24":"instock","25":"purchasable","26":"product-type-simple"},"acf":[],"_links":{"self":[{"href":"https:\/\/ceasuri.md\/ru\/wp-json\/wp\/v2\/product\/57796","targetHints":{"allow":["GET"]}}],"collection":[{"href":"https:\/\/ceasuri.md\/ru\/wp-json\/wp\/v2\/product"}],"about":[{"href":"https:\/\/ceasuri.md\/ru\/wp-json\/wp\/v2\/types\/product"}],"replies":[{"embeddable":true,"href":"https:\/\/ceasuri.md\/ru\/wp-json\/wp\/v2\/comments?post=57796"}],"wp:featuredmedia":[{"embeddable":true,"href":"https:\/\/ceasuri.md\/ru\/wp-json\/wp\/v2\/media\/57797"}],"wp:attachment":[{"href":"https:\/\/ceasuri.md\/ru\/wp-json\/wp\/v2\/media?parent=57796"}],"wp:term":[{"taxonomy":"product_brand","embeddable":true,"href":"https:\/\/ceasuri.md\/ru\/wp-json\/wp\/v2\/product_brand?post=57796"},{"taxonomy":"product_cat","embeddable":true,"href":"https:\/\/ceasuri.md\/ru\/wp-json\/wp\/v2\/product_cat?post=57796"},{"taxonomy":"product_tag","embeddable":true,"href":"https:\/\/ceasuri.md\/ru\/wp-json\/wp\/v2\/product_tag?post=57796"}],"curies":[{"name":"wp","href":"https:\/\/api.w.org\/{rel}","templated":true}]}}