{"id":57791,"date":"2026-04-03T00:43:48","date_gmt":"2026-04-02T21:43:48","guid":{"rendered":"http:\/\/new.ceasuri.md\/shop\/uncategorized\/armani-exchange-hampton-ax2455\/"},"modified":"2026-04-20T01:47:16","modified_gmt":"2026-04-19T22:47:16","slug":"armani-exchange-hampton-ax2455","status":"publish","type":"product","link":"https:\/\/ceasuri.md\/ru\/shop\/branduri\/armani-exchange\/armani-exchange-hampton-ax2455\/","title":{"rendered":"\u0427\u0430\u0441\u044b ARMANI EXCHANGE HAMPTON AX2455"},"content":{"rendered":"<p>\u00centruchiparea \u00eendr\u0103zneal\u0103 \u0219i a stilului industrial modern, creat\u0103 pentru b\u0103rba\u021bii \u00eencrez\u0103tori.<\/p>\n<p>Cadranul verde bogat, cu textura sa distinctiv\u0103, creeaz\u0103 o profunzime captivant\u0103, captiv\u00e2nd instantaneu pe toat\u0103 lumea.<\/p>\n<p>Carcasa mat\u0103 \u0219i br\u0103\u021bara din o\u021bel inoxidabil de culoare bronz confer\u0103 acestui accesoriu o for\u021b\u0103 distinct\u0103 \u0219i un caracter masculin.<\/p>\n<p>Acest ceas are un mecanism cu trei ace \u0219i afi\u0219aj pentru dat\u0103, ating\u00e2nd echilibrul perfect \u00eentre estetic\u0103 \u0219i caracterul practic de zi cu zi.<\/p>\n<p>Acesta nu este doar un ceas unic, ci un accesoriu cu adev\u0103rat elegant, care poate deveni piesa central\u0103 a \u021binutei tale.<\/p>","protected":false},"excerpt":{"rendered":"<p>\u00centruchiparea \u00eendr\u0103zneal\u0103 \u0219i a stilului industrial modern, creat\u0103 pentru b\u0103rba\u021bii \u00eencrez\u0103tori. Cadranul verde bogat, cu textura sa distinctiv\u0103, creeaz\u0103 o profunzime captivant\u0103, captiv\u00e2nd instantaneu pe toat\u0103 lumea. Carcasa mat\u0103 \u0219i br\u0103\u021bara din o\u021bel inoxidabil de culoare bronz confer\u0103 acestui accesoriu o for\u021b\u0103 distinct\u0103 \u0219i un caracter masculin. Acest ceas are un mecanism cu trei ace [&hellip;]<\/p>\n","protected":false},"featured_media":57792,"comment_status":"closed","ping_status":"open","template":"","meta":{"_acf_changed":false},"product_brand":[],"product_cat":[615,20],"product_tag":[],"class_list":{"0":"post-57791","1":"product","2":"type-product","3":"status-publish","4":"has-post-thumbnail","6":"product_cat-armani-exchange","7":"product_cat-ceasuri-barbati","8":"pa_brand-armani-exchange","9":"pa_braslet-otel-inoxidabil","10":"pa_corpus-46-mm","11":"pa_forma-rotund","12":"pa_funcii-data","13":"pa_garatia-24-luni","14":"pa_korpus-gri","15":"pa_kvarc-quartz","16":"pa_material-otel-inoxidabil","17":"pa_mehanizm-quartz","18":"pa_remeshok-gri","19":"pa_steklo-cristal-mineral","20":"pa_strana-italia","21":"pa_voda-5-atm","23":"first","24":"instock","25":"purchasable","26":"product-type-simple"},"acf":[],"_links":{"self":[{"href":"https:\/\/ceasuri.md\/ru\/wp-json\/wp\/v2\/product\/57791","targetHints":{"allow":["GET"]}}],"collection":[{"href":"https:\/\/ceasuri.md\/ru\/wp-json\/wp\/v2\/product"}],"about":[{"href":"https:\/\/ceasuri.md\/ru\/wp-json\/wp\/v2\/types\/product"}],"replies":[{"embeddable":true,"href":"https:\/\/ceasuri.md\/ru\/wp-json\/wp\/v2\/comments?post=57791"}],"wp:featuredmedia":[{"embeddable":true,"href":"https:\/\/ceasuri.md\/ru\/wp-json\/wp\/v2\/media\/57792"}],"wp:attachment":[{"href":"https:\/\/ceasuri.md\/ru\/wp-json\/wp\/v2\/media?parent=57791"}],"wp:term":[{"taxonomy":"product_brand","embeddable":true,"href":"https:\/\/ceasuri.md\/ru\/wp-json\/wp\/v2\/product_brand?post=57791"},{"taxonomy":"product_cat","embeddable":true,"href":"https:\/\/ceasuri.md\/ru\/wp-json\/wp\/v2\/product_cat?post=57791"},{"taxonomy":"product_tag","embeddable":true,"href":"https:\/\/ceasuri.md\/ru\/wp-json\/wp\/v2\/product_tag?post=57791"}],"curies":[{"name":"wp","href":"https:\/\/api.w.org\/{rel}","templated":true}]}}