{"id":57784,"date":"2026-04-03T00:43:48","date_gmt":"2026-04-02T21:43:48","guid":{"rendered":"http:\/\/new.ceasuri.md\/shop\/uncategorized\/armani-exchange-hampton-ax2461\/"},"modified":"2026-04-20T01:47:17","modified_gmt":"2026-04-19T22:47:17","slug":"armani-exchange-hampton-ax2461","status":"publish","type":"product","link":"https:\/\/ceasuri.md\/ru\/shop\/branduri\/armani-exchange\/armani-exchange-hampton-ax2461\/","title":{"rendered":"\u0427\u0430\u0441\u044b ARMANI EXCHANGE HAMPTON AX2461"},"content":{"rendered":"<p>\u00centruchiparea statutului \u0219i a stilului impecabil, creat\u0103 pentru b\u0103rba\u021bii \u00eencrez\u0103tori care apreciaz\u0103 clasicele cu o not\u0103 modern\u0103.<\/p>\n<p>Caracteristica unic\u0103 a acestui model const\u0103 \u00een contrastul s\u0103u vizual magnetic: cadranul negru mat intens serve\u0219te drept fundal perfect pentru str\u0103lucirea carcasei aurii \u0219i a br\u0103\u021b\u0103rii din o\u021bel inoxidabil. Textura mat\u0103 confer\u0103 accesoriului un caracter modern \u0219i sofisticat, care subliniaz\u0103 statutul proprietarului.<\/p>\n<p>Acest ceas este echipat cu un mecanism multifunc\u021bional, ceea ce \u00eel face un instrument fiabil pentru cei obi\u0219nui\u021bi s\u0103 \u00ee\u0219i \u021bin\u0103 ritmul vie\u021bii sub control.<\/p>\n<p>Combina\u021bia dintre o nuan\u021b\u0103 nobil\u0103 de aur \u0219i o culoare neagr\u0103 simpl\u0103 face din acest accesoriu elegant o alegere versatil\u0103 at\u00e2t pentru un costum business, c\u00e2t \u0219i pentru o ocazie special\u0103.<\/p>","protected":false},"excerpt":{"rendered":"<p>\u00centruchiparea statutului \u0219i a stilului impecabil, creat\u0103 pentru b\u0103rba\u021bii \u00eencrez\u0103tori care apreciaz\u0103 clasicele cu o not\u0103 modern\u0103. Caracteristica unic\u0103 a acestui model const\u0103 \u00een contrastul s\u0103u vizual magnetic: cadranul negru mat intens serve\u0219te drept fundal perfect pentru str\u0103lucirea carcasei aurii \u0219i a br\u0103\u021b\u0103rii din o\u021bel inoxidabil. Textura mat\u0103 confer\u0103 accesoriului un caracter modern \u0219i sofisticat, [&hellip;]<\/p>\n","protected":false},"featured_media":57785,"comment_status":"closed","ping_status":"open","template":"","meta":{"_acf_changed":false},"product_brand":[],"product_cat":[615,20],"product_tag":[],"class_list":{"0":"post-57784","1":"product","2":"type-product","3":"status-publish","4":"has-post-thumbnail","6":"product_cat-armani-exchange","7":"product_cat-ceasuri-barbati","8":"pa_brand-armani-exchange","9":"pa_braslet-otel-inoxidabil","10":"pa_corpus-46-mm","11":"pa_forma-rotund","12":"pa_funcii-data","13":"pa_funcii-semischelet","14":"pa_funcii-ziua-saptamanii","15":"pa_garatia-24-luni","16":"pa_korpus-auriu","17":"pa_kvarc-quartz","18":"pa_material-otel-inoxidabil","19":"pa_mehanizm-quartz","20":"pa_remeshok-auriu","21":"pa_steklo-cristal-mineral","22":"pa_strana-italia","23":"pa_voda-5-atm","25":"first","26":"instock","27":"purchasable","28":"product-type-simple"},"acf":[],"_links":{"self":[{"href":"https:\/\/ceasuri.md\/ru\/wp-json\/wp\/v2\/product\/57784","targetHints":{"allow":["GET"]}}],"collection":[{"href":"https:\/\/ceasuri.md\/ru\/wp-json\/wp\/v2\/product"}],"about":[{"href":"https:\/\/ceasuri.md\/ru\/wp-json\/wp\/v2\/types\/product"}],"replies":[{"embeddable":true,"href":"https:\/\/ceasuri.md\/ru\/wp-json\/wp\/v2\/comments?post=57784"}],"wp:featuredmedia":[{"embeddable":true,"href":"https:\/\/ceasuri.md\/ru\/wp-json\/wp\/v2\/media\/57785"}],"wp:attachment":[{"href":"https:\/\/ceasuri.md\/ru\/wp-json\/wp\/v2\/media?parent=57784"}],"wp:term":[{"taxonomy":"product_brand","embeddable":true,"href":"https:\/\/ceasuri.md\/ru\/wp-json\/wp\/v2\/product_brand?post=57784"},{"taxonomy":"product_cat","embeddable":true,"href":"https:\/\/ceasuri.md\/ru\/wp-json\/wp\/v2\/product_cat?post=57784"},{"taxonomy":"product_tag","embeddable":true,"href":"https:\/\/ceasuri.md\/ru\/wp-json\/wp\/v2\/product_tag?post=57784"}],"curies":[{"name":"wp","href":"https:\/\/api.w.org\/{rel}","templated":true}]}}