{"id":57778,"date":"2024-12-27T09:10:31","date_gmt":"2024-12-27T07:10:31","guid":{"rendered":"http:\/\/new.ceasuri.md\/shop\/uncategorized\/armani-exchange-hampton-ax2462\/"},"modified":"2026-05-01T19:17:19","modified_gmt":"2026-05-01T16:17:19","slug":"armani-exchange-hampton-ax2462","status":"publish","type":"product","link":"https:\/\/ceasuri.md\/ru\/shop\/branduri\/armani-exchange\/armani-exchange-hampton-ax2462\/","title":{"rendered":"\u0427\u0430\u0441\u044b ARMANI EXCHANGE HAMPTON AX2462"},"content":{"rendered":"<p>Ceasurile b\u0103rb\u0103te\u0219ti din colec\u021bia Hampton sunt o manifestare a urbanismului modern \u0219i a stilului \u00eencrez\u0103tor, create pentru b\u0103rba\u021bii ambi\u021bio\u0219i care tr\u0103iesc \u00een ritmul modei \u0219i al celor mai recente tendin\u021be.<\/p>\n<p>Tr\u0103s\u0103tura distinctiv\u0103 a acestui model const\u0103 \u00een designul s\u0103u monocrom: carcasa gri \u0219i br\u0103\u021bara din o\u021bel inoxidabil se \u00eembin\u0103 perfect cu cadranul gri, cre\u00e2nd un aspect arhitectural precis. Acest design pune accentul pe estetica industrial\u0103 \u0219i dorin\u021ba de perfec\u021biune discret\u0103.<\/p>\n<p>Acest ceas de m\u00e2n\u0103 cronograf combin\u0103 liniile curate cu o not\u0103 sportiv\u0103, fiind un companion fiabil \u0219i precis at\u00e2t pentru via\u021ba de zi cu zi dinamic\u0103, c\u00e2t \u0219i pentru ocaziile formale.<\/p>\n<p>Acesta nu este doar un ceas original, ci un accesoriu care eman\u0103 \u00eencredere \u0219i eviden\u021biaz\u0103 gustul rafinat al proprietarului s\u0103u.<\/p>","protected":false},"excerpt":{"rendered":"<p>Ceasurile b\u0103rb\u0103te\u0219ti din colec\u021bia Hampton sunt o manifestare a urbanismului modern \u0219i a stilului \u00eencrez\u0103tor, create pentru b\u0103rba\u021bii ambi\u021bio\u0219i care tr\u0103iesc \u00een ritmul modei \u0219i al celor mai recente tendin\u021be. Tr\u0103s\u0103tura distinctiv\u0103 a acestui model const\u0103 \u00een designul s\u0103u monocrom: carcasa gri \u0219i br\u0103\u021bara din o\u021bel inoxidabil se \u00eembin\u0103 perfect cu cadranul gri, cre\u00e2nd un [&hellip;]<\/p>\n","protected":false},"featured_media":57779,"comment_status":"closed","ping_status":"open","template":"","meta":{"_acf_changed":false},"product_brand":[],"product_cat":[615,20],"product_tag":[],"class_list":{"0":"post-57778","1":"product","2":"type-product","3":"status-publish","4":"has-post-thumbnail","6":"product_cat-armani-exchange","7":"product_cat-ceasuri-barbati","8":"pa_brand-armani-exchange","9":"pa_braslet-otel-inoxidabil","10":"pa_corpus-46-mm","11":"pa_forma-rotund","12":"pa_funcii-cronograf","13":"pa_garatia-24-luni","14":"pa_korpus-gri","15":"pa_kvarc-quartz","16":"pa_material-otel-inoxidabil","17":"pa_mehanizm-quartz","18":"pa_remeshok-gri","19":"pa_steklo-cristal-mineral","20":"pa_strana-italia","21":"pa_voda-5-atm","23":"first","24":"instock","25":"purchasable","26":"product-type-simple"},"acf":[],"_links":{"self":[{"href":"https:\/\/ceasuri.md\/ru\/wp-json\/wp\/v2\/product\/57778","targetHints":{"allow":["GET"]}}],"collection":[{"href":"https:\/\/ceasuri.md\/ru\/wp-json\/wp\/v2\/product"}],"about":[{"href":"https:\/\/ceasuri.md\/ru\/wp-json\/wp\/v2\/types\/product"}],"replies":[{"embeddable":true,"href":"https:\/\/ceasuri.md\/ru\/wp-json\/wp\/v2\/comments?post=57778"}],"wp:featuredmedia":[{"embeddable":true,"href":"https:\/\/ceasuri.md\/ru\/wp-json\/wp\/v2\/media\/57779"}],"wp:attachment":[{"href":"https:\/\/ceasuri.md\/ru\/wp-json\/wp\/v2\/media?parent=57778"}],"wp:term":[{"taxonomy":"product_brand","embeddable":true,"href":"https:\/\/ceasuri.md\/ru\/wp-json\/wp\/v2\/product_brand?post=57778"},{"taxonomy":"product_cat","embeddable":true,"href":"https:\/\/ceasuri.md\/ru\/wp-json\/wp\/v2\/product_cat?post=57778"},{"taxonomy":"product_tag","embeddable":true,"href":"https:\/\/ceasuri.md\/ru\/wp-json\/wp\/v2\/product_tag?post=57778"}],"curies":[{"name":"wp","href":"https:\/\/api.w.org\/{rel}","templated":true}]}}