{"id":57773,"date":"2026-04-03T00:43:48","date_gmt":"2026-04-02T21:43:48","guid":{"rendered":"http:\/\/new.ceasuri.md\/shop\/uncategorized\/armani-exchange-brooke-ax5329\/"},"modified":"2026-04-16T21:32:04","modified_gmt":"2026-04-16T18:32:04","slug":"armani-exchange-brooke-ax5329","status":"publish","type":"product","link":"https:\/\/ceasuri.md\/ru\/shop\/branduri\/armani-exchange\/armani-exchange-brooke-ax5329\/","title":{"rendered":"Ceas ARMANI EXCHANGE AX5329 Brooke"},"content":{"rendered":"<p>\u00centruchiparea elegan\u021bei \u0219i simplit\u0103\u021bii, creat\u0103 pentru a eviden\u021bia feminitatea \u0219i a ad\u0103uga o not\u0103 de sofisticare oric\u0103rui look.<\/p>\n<p>Design pur \u0219i impecabil: carcasa rotund\u0103 \u00eencadreaz\u0103 un cadran emblematic, cu indici puncta\u021bi minimalisti \u00een loc de cifre tradi\u021bionale. Aceast\u0103 abordare creeaz\u0103 un accesoriu u\u0219or \u0219i elegant din punct de vedere vizual, \u00een conformitate cu tendin\u021bele moderne pentru lux discret.<\/p>\n<p>Cureaua din piele de \u00eenalt\u0103 calitate, cu cataram\u0103 clasic\u0103 cu \u0219tift, nu numai c\u0103 asigur\u0103 confort \u00een timpul purt\u0103rii zilnice, dar confer\u0103 ceasului \u0219i un farmec atemporal.<\/p>\n<p>Acest ceas original va completa armonios at\u00e2t o \u021binut\u0103 business formal\u0103, c\u00e2t \u0219i un look romantic de sear\u0103.<\/p>","protected":false},"excerpt":{"rendered":"<p>\u00centruchiparea elegan\u021bei \u0219i simplit\u0103\u021bii, creat\u0103 pentru a eviden\u021bia feminitatea \u0219i a ad\u0103uga o not\u0103 de sofisticare oric\u0103rui look. Design pur \u0219i impecabil: carcasa rotund\u0103 \u00eencadreaz\u0103 un cadran emblematic, cu indici puncta\u021bi minimalisti \u00een loc de cifre tradi\u021bionale. Aceast\u0103 abordare creeaz\u0103 un accesoriu u\u0219or \u0219i elegant din punct de vedere vizual, \u00een conformitate cu tendin\u021bele moderne [&hellip;]<\/p>\n","protected":false},"featured_media":57774,"comment_status":"closed","ping_status":"open","template":"","meta":{"_acf_changed":false},"product_brand":[],"product_cat":[615,25],"product_tag":[],"class_list":{"0":"post-57773","1":"product","2":"type-product","3":"status-publish","4":"has-post-thumbnail","6":"product_cat-armani-exchange","7":"product_cat-ceasuri-dama","8":"pa_brand-armani-exchange","9":"pa_braslet-piele","10":"pa_corpus-38-mm","11":"pa_forma-rotund","12":"pa_garatia-24-luni","13":"pa_korpus-roz-gold","14":"pa_kvarc-quartz","15":"pa_material-otel-inoxidabil","16":"pa_mehanizm-quartz","17":"pa_remeshok-gri","18":"pa_steklo-cristal-mineral","19":"pa_strana-italia","20":"pa_voda-5-atm","22":"first","23":"instock","24":"purchasable","25":"product-type-simple"},"acf":[],"_links":{"self":[{"href":"https:\/\/ceasuri.md\/ru\/wp-json\/wp\/v2\/product\/57773","targetHints":{"allow":["GET"]}}],"collection":[{"href":"https:\/\/ceasuri.md\/ru\/wp-json\/wp\/v2\/product"}],"about":[{"href":"https:\/\/ceasuri.md\/ru\/wp-json\/wp\/v2\/types\/product"}],"replies":[{"embeddable":true,"href":"https:\/\/ceasuri.md\/ru\/wp-json\/wp\/v2\/comments?post=57773"}],"wp:featuredmedia":[{"embeddable":true,"href":"https:\/\/ceasuri.md\/ru\/wp-json\/wp\/v2\/media\/57774"}],"wp:attachment":[{"href":"https:\/\/ceasuri.md\/ru\/wp-json\/wp\/v2\/media?parent=57773"}],"wp:term":[{"taxonomy":"product_brand","embeddable":true,"href":"https:\/\/ceasuri.md\/ru\/wp-json\/wp\/v2\/product_brand?post=57773"},{"taxonomy":"product_cat","embeddable":true,"href":"https:\/\/ceasuri.md\/ru\/wp-json\/wp\/v2\/product_cat?post=57773"},{"taxonomy":"product_tag","embeddable":true,"href":"https:\/\/ceasuri.md\/ru\/wp-json\/wp\/v2\/product_tag?post=57773"}],"curies":[{"name":"wp","href":"https:\/\/api.w.org\/{rel}","templated":true}]}}