{"id":57723,"date":"2026-04-03T00:42:49","date_gmt":"2026-04-02T21:42:49","guid":{"rendered":"http:\/\/new.ceasuri.md\/shop\/uncategorized\/emporio-armani-mia-ar11596\/"},"modified":"2026-04-20T01:47:08","modified_gmt":"2026-04-19T22:47:08","slug":"emporio-armani-mia-ar11596","status":"publish","type":"product","link":"https:\/\/ceasuri.md\/ru\/shop\/branduri\/emporio-armani\/emporio-armani-mia-ar11596\/","title":{"rendered":"\u0427\u0430\u0441\u044b EMPORIO ARMANI MIA AR11596"},"content":{"rendered":"<p>Ceasurile de dam\u0103 Emporio Armani combin\u0103 perfect designul sofisticat cu aten\u021bia la detalii.<\/p>\n<p>Elegante \u0219i simple, vibrante \u00een culori, decorate cu cristale sau cu o carcas\u0103 sculptat\u0103, fiecare ceas este fabricat din materiale premium, inclusiv o\u021bel inoxidabil str\u0103lucitor, piele natural\u0103 neted\u0103 sau texturat\u0103 \u0219i cadrane iridescente din sidef.<\/p>\n<p>Oferind stilul dinamic pe care \u00eel iube\u0219ti \u0219i atingerile de designer pe care le a\u0219tep\u021bi, aceste ceasuri sunt accesorii esen\u021biale de zi cu zi.<\/p>","protected":false},"excerpt":{"rendered":"<p>Ceasurile de dam\u0103 Emporio Armani combin\u0103 perfect designul sofisticat cu aten\u021bia la detalii. Elegante \u0219i simple, vibrante \u00een culori, decorate cu cristale sau cu o carcas\u0103 sculptat\u0103, fiecare ceas este fabricat din materiale premium, inclusiv o\u021bel inoxidabil str\u0103lucitor, piele natural\u0103 neted\u0103 sau texturat\u0103 \u0219i cadrane iridescente din sidef. Oferind stilul dinamic pe care \u00eel iube\u0219ti [&hellip;]<\/p>\n","protected":false},"featured_media":57724,"comment_status":"closed","ping_status":"open","template":"","meta":{"_acf_changed":false},"product_brand":[],"product_cat":[25,617],"product_tag":[],"class_list":{"0":"post-57723","1":"product","2":"type-product","3":"status-publish","4":"has-post-thumbnail","6":"product_cat-ceasuri-dama","7":"product_cat-emporio-armani","8":"pa_brand-emporio-armani","9":"pa_braslet-otel-inoxidabil","10":"pa_corpus-32-mm","11":"pa_decor-cristale-swarowski","12":"pa_forma-rotund","13":"pa_garatia-24-luni","14":"pa_korpus-argintiu","15":"pa_kvarc-quartz","16":"pa_material-otel-inoxidabil","17":"pa_mehanizm-quartz","18":"pa_remeshok-argintiu","19":"pa_steklo-cristal-mineral","20":"pa_strana-italia","21":"pa_voda-3-atm","23":"first","24":"instock","25":"purchasable","26":"product-type-simple"},"acf":[],"_links":{"self":[{"href":"https:\/\/ceasuri.md\/ru\/wp-json\/wp\/v2\/product\/57723","targetHints":{"allow":["GET"]}}],"collection":[{"href":"https:\/\/ceasuri.md\/ru\/wp-json\/wp\/v2\/product"}],"about":[{"href":"https:\/\/ceasuri.md\/ru\/wp-json\/wp\/v2\/types\/product"}],"replies":[{"embeddable":true,"href":"https:\/\/ceasuri.md\/ru\/wp-json\/wp\/v2\/comments?post=57723"}],"wp:featuredmedia":[{"embeddable":true,"href":"https:\/\/ceasuri.md\/ru\/wp-json\/wp\/v2\/media\/57724"}],"wp:attachment":[{"href":"https:\/\/ceasuri.md\/ru\/wp-json\/wp\/v2\/media?parent=57723"}],"wp:term":[{"taxonomy":"product_brand","embeddable":true,"href":"https:\/\/ceasuri.md\/ru\/wp-json\/wp\/v2\/product_brand?post=57723"},{"taxonomy":"product_cat","embeddable":true,"href":"https:\/\/ceasuri.md\/ru\/wp-json\/wp\/v2\/product_cat?post=57723"},{"taxonomy":"product_tag","embeddable":true,"href":"https:\/\/ceasuri.md\/ru\/wp-json\/wp\/v2\/product_tag?post=57723"}],"curies":[{"name":"wp","href":"https:\/\/api.w.org\/{rel}","templated":true}]}}