{"id":57713,"date":"2026-04-03T00:42:49","date_gmt":"2026-04-02T21:42:49","guid":{"rendered":"http:\/\/new.ceasuri.md\/shop\/uncategorized\/emporio-armani-minimalist-ar11600\/"},"modified":"2026-04-20T01:47:09","modified_gmt":"2026-04-19T22:47:09","slug":"emporio-armani-minimalist-ar11600","status":"publish","type":"product","link":"https:\/\/ceasuri.md\/ru\/shop\/branduri\/emporio-armani\/emporio-armani-minimalist-ar11600\/","title":{"rendered":"\u0427\u0430\u0441\u044b EMPORIO ARMANI MINIMALIST AR11600"},"content":{"rendered":"<p>Emporio Armani este o linie de ceasuri Giorgio Armani destinat\u0103 tinerilor activi. A fost lansat\u0103 \u00een 1981.<\/p>\n<p>La fel ca hainele Emporio Armani, ceasurile m\u0103rcii sunt concepute pentru via\u021ba de zi cu zi, fiind potrivite \u0219i confortabile pentru orice ocazie &#8211; de la birou la c\u0103l\u0103torii p\u00e2n\u0103 la un eveniment social. Se disting prin echilibrul impecabil dintre elegan\u021b\u0103 \u0219i o interpretare relaxat\u0103 a tendin\u021belor modei, tipic\u0103 legendarului creator de mod\u0103.<\/p>\n<p>Emporio Armani particip\u0103 la S\u0103pt\u0103m\u00e2na Modei Ready-to-Wear \u0219i este v\u00e2ndut \u00een buticuri mono-brand din \u00eentreaga lume. De-a lungul anilor, printre ambasadorii Emporio Armani s-au num\u0103rat David \u0219i Victoria Beckham, Cristiano Ronaldo, Megan Fox, Rafael Nadal, Rihanna \u0219i Shawn Mendes.<\/p>\n<p>Colec\u021bia Emporio Armani ofer\u0103 o selec\u021bie larg\u0103 de ceasuri pentru orice ocazie \u0219i eveniment, de la cele sportive la cele formale, atr\u0103g\u00e2nd un public larg cu nevoi variate. Astfel, marca este la fel de atractiv\u0103 at\u00e2t pentru b\u0103rba\u021bi, c\u00e2t \u0219i pentru femei.<\/p>","protected":false},"excerpt":{"rendered":"<p>Emporio Armani este o linie de ceasuri Giorgio Armani destinat\u0103 tinerilor activi. A fost lansat\u0103 \u00een 1981. La fel ca hainele Emporio Armani, ceasurile m\u0103rcii sunt concepute pentru via\u021ba de zi cu zi, fiind potrivite \u0219i confortabile pentru orice ocazie &#8211; de la birou la c\u0103l\u0103torii p\u00e2n\u0103 la un eveniment social. Se disting prin echilibrul [&hellip;]<\/p>\n","protected":false},"featured_media":57714,"comment_status":"closed","ping_status":"open","template":"","meta":{"_acf_changed":false},"product_brand":[],"product_cat":[20,617],"product_tag":[],"class_list":{"0":"post-57713","1":"product","2":"type-product","3":"status-publish","4":"has-post-thumbnail","6":"product_cat-ceasuri-barbati","7":"product_cat-emporio-armani","8":"pa_brand-emporio-armani","9":"pa_braslet-otel-inoxidabil","10":"pa_corpus-42-mm","11":"pa_forma-rotund","12":"pa_funcii-data","13":"pa_garatia-24-luni","14":"pa_korpus-argintiu","15":"pa_kvarc-quartz","16":"pa_material-otel-inoxidabil","17":"pa_mehanizm-quartz","18":"pa_remeshok-argintiu","19":"pa_steklo-cristal-mineral","20":"pa_strana-italia","21":"pa_voda-5-atm","23":"first","24":"instock","25":"purchasable","26":"product-type-simple"},"acf":[],"_links":{"self":[{"href":"https:\/\/ceasuri.md\/ru\/wp-json\/wp\/v2\/product\/57713","targetHints":{"allow":["GET"]}}],"collection":[{"href":"https:\/\/ceasuri.md\/ru\/wp-json\/wp\/v2\/product"}],"about":[{"href":"https:\/\/ceasuri.md\/ru\/wp-json\/wp\/v2\/types\/product"}],"replies":[{"embeddable":true,"href":"https:\/\/ceasuri.md\/ru\/wp-json\/wp\/v2\/comments?post=57713"}],"wp:featuredmedia":[{"embeddable":true,"href":"https:\/\/ceasuri.md\/ru\/wp-json\/wp\/v2\/media\/57714"}],"wp:attachment":[{"href":"https:\/\/ceasuri.md\/ru\/wp-json\/wp\/v2\/media?parent=57713"}],"wp:term":[{"taxonomy":"product_brand","embeddable":true,"href":"https:\/\/ceasuri.md\/ru\/wp-json\/wp\/v2\/product_brand?post=57713"},{"taxonomy":"product_cat","embeddable":true,"href":"https:\/\/ceasuri.md\/ru\/wp-json\/wp\/v2\/product_cat?post=57713"},{"taxonomy":"product_tag","embeddable":true,"href":"https:\/\/ceasuri.md\/ru\/wp-json\/wp\/v2\/product_tag?post=57713"}],"curies":[{"name":"wp","href":"https:\/\/api.w.org\/{rel}","templated":true}]}}