{"id":57692,"date":"2026-04-03T00:42:49","date_gmt":"2026-04-02T21:42:49","guid":{"rendered":"http:\/\/new.ceasuri.md\/shop\/uncategorized\/casio-g-shock-dw-5000r-1aer\/"},"modified":"2026-04-07T04:58:55","modified_gmt":"2026-04-07T01:58:55","slug":"casio-g-shock-dw-5000r-1aer","status":"publish","type":"product","link":"https:\/\/ceasuri.md\/ru\/shop\/branduri\/casio\/casio-g-shock-dw-5000r-1aer\/","title":{"rendered":"Ceas CASIO G-SHOCK DW-5000R-1AER"},"content":{"rendered":"<p>Casio s\u0103rb\u0103tore\u0219te cea de-a 40-a aniversare a celei mai emblematice \u0219i faimoase linii a sa, G-SHOCK. Numeroase modele aniversare \u0219i chiar colec\u021bii \u00eentregi au fost lansate, dar acest model este probabil cirea\u0219a de pe tort printre toate noile crea\u021bii Casio.<\/p>\n<p>Acesta face parte din legendara serie DW-5000, care a \u00eenceput istoria ceasurilor de m\u00e2n\u0103 rezistente la \u0219ocuri. Aceasta este o reeditare complet\u0103 a primului G-SHOCK DW-5000C, lansat \u00een 1983. De altfel, exist\u0103 de mult timp o cerere pentru a\u0219a ceva \u00een comunitatea ceasurilor, deoarece DW-5000C-urile originale \u00een stare bun\u0103 sunt practic imposibil de g\u0103sit, iar mul\u021bi ar dori s\u0103 aib\u0103 acest ceas rezistent la \u0219ocuri \u00een colec\u021bia lor. \u00cen plus, DW-5000R nu va fi un model \u00een edi\u021bie limitat\u0103, ceea ce \u00eenseamn\u0103 c\u0103 va fi produs at\u00e2t timp c\u00e2t exist\u0103 v\u00e2nz\u0103ri, astfel \u00eenc\u00e2t oricine poate cump\u0103ra ceasul.<\/p>\n<p>Aspectul este aproape identic cu DW-5000C din 1983, iar aceasta este caracteristica distinctiv\u0103 a modelului &#8211; autenticitatea suprem\u0103.<\/p>\n<p>Toate elementele de pe cadran au fost p\u0103strate, p\u00e2n\u0103 la amplasarea precis\u0103 a inscrip\u021biilor, schema de culori (alb, galben \u0219i albastru) \u0219i faimoasele \u201ec\u0103r\u0103mizi\u201d din jurul cadranului. Au existat modele care au omagiat primele G-SHOCK-uri, dar niciodat\u0103 nu a existat o replic\u0103 at\u00e2t de exact\u0103.<\/p>","protected":false},"excerpt":{"rendered":"<p>Casio s\u0103rb\u0103tore\u0219te cea de-a 40-a aniversare a celei mai emblematice \u0219i faimoase linii a sa, G-SHOCK. Numeroase modele aniversare \u0219i chiar colec\u021bii \u00eentregi au fost lansate, dar acest model este probabil cirea\u0219a de pe tort printre toate noile crea\u021bii Casio. Acesta face parte din legendara serie DW-5000, care a \u00eenceput istoria ceasurilor de m\u00e2n\u0103 rezistente [&hellip;]<\/p>\n","protected":false},"featured_media":57693,"comment_status":"closed","ping_status":"open","template":"","meta":{"_acf_changed":false},"product_brand":[],"product_cat":[27,20,419],"product_tag":[],"class_list":{"0":"post-57692","1":"product","2":"type-product","3":"status-publish","4":"has-post-thumbnail","6":"product_cat-casio","7":"product_cat-ceasuri-barbati","8":"product_cat-g-shock","9":"pa_brand-casio","10":"pa_brand-g-shock","11":"pa_braslet-plastic","12":"pa_corpus-42x49-mm","13":"pa_forma-octogonala","14":"pa_funcii-alarma","15":"pa_funcii-calendar","16":"pa_funcii-cronometru","17":"pa_funcii-iluminare","18":"pa_garatia-24-luni","19":"pa_korpus-negru","20":"pa_material-otel-inoxidabil","21":"pa_material-plastic","22":"pa_mehanizm-electronic","23":"pa_remeshok-negru","24":"pa_steklo-cristal-mineral","25":"pa_strana-japonia","26":"pa_voda-20-atm","28":"first","29":"instock","30":"purchasable","31":"product-type-simple"},"acf":[],"_links":{"self":[{"href":"https:\/\/ceasuri.md\/ru\/wp-json\/wp\/v2\/product\/57692","targetHints":{"allow":["GET"]}}],"collection":[{"href":"https:\/\/ceasuri.md\/ru\/wp-json\/wp\/v2\/product"}],"about":[{"href":"https:\/\/ceasuri.md\/ru\/wp-json\/wp\/v2\/types\/product"}],"replies":[{"embeddable":true,"href":"https:\/\/ceasuri.md\/ru\/wp-json\/wp\/v2\/comments?post=57692"}],"wp:featuredmedia":[{"embeddable":true,"href":"https:\/\/ceasuri.md\/ru\/wp-json\/wp\/v2\/media\/57693"}],"wp:attachment":[{"href":"https:\/\/ceasuri.md\/ru\/wp-json\/wp\/v2\/media?parent=57692"}],"wp:term":[{"taxonomy":"product_brand","embeddable":true,"href":"https:\/\/ceasuri.md\/ru\/wp-json\/wp\/v2\/product_brand?post=57692"},{"taxonomy":"product_cat","embeddable":true,"href":"https:\/\/ceasuri.md\/ru\/wp-json\/wp\/v2\/product_cat?post=57692"},{"taxonomy":"product_tag","embeddable":true,"href":"https:\/\/ceasuri.md\/ru\/wp-json\/wp\/v2\/product_tag?post=57692"}],"curies":[{"name":"wp","href":"https:\/\/api.w.org\/{rel}","templated":true}]}}