{"id":57686,"date":"2026-04-03T00:42:49","date_gmt":"2026-04-02T21:42:49","guid":{"rendered":"http:\/\/new.ceasuri.md\/shop\/uncategorized\/casio-edifice-ecb-2000hr-1aer\/"},"modified":"2026-04-20T01:47:03","modified_gmt":"2026-04-19T22:47:03","slug":"casio-edifice-ecb-2000hr-1aer","status":"publish","type":"product","link":"https:\/\/ceasuri.md\/ru\/shop\/branduri\/casio\/casio-edifice-ecb-2000hr-1aer\/","title":{"rendered":"\u0427\u0430\u0441\u044b CASIO EDIFICE ECB-2000HR-1AER"},"content":{"rendered":"<p>Experimenta\u021bi pasiunea spiritului HRC (Honda Racing Corporation) \u00een ceasul de \u00eenalt\u0103 performan\u021b\u0103 EDIFICE, \u00een culorile ro\u0219u, albastru \u0219i alb, care \u00eentruchipeaz\u0103 viteza \u0219i inteligen\u021ba pe circuit.<\/p>\n<p>Acest ceas aduce un omagiu victoriilor palpitante ob\u021binute de HRC pe cele mai mari circuite din lume cu designul s\u0103u tricolor distinctiv, creat sub \u00eendrumarea Honda. Designul prezint\u0103 elemente de ro\u0219u, albastru \u0219i alb, simboliz\u00e2nd un spirit de curse m\u00e2ndru. Semnifica\u021bia fiec\u0103rei culori este chiar scris\u0103 pe bucla curelei: \u201ePasiune pentru a c\u00e2\u0219tiga\u201d pentru ro\u0219u, \u201eTehnologie avansat\u0103\u201d pentru albastru \u0219i \u201ePentru to\u021bi fanii sporturilor cu motor\u201d pentru alb.<\/p>\n<p>Cele trei culori sunt utilizate \u00een \u00eentregul design, inclusiv markerele numerice de pe rama din fibr\u0103 de carbon, markerele de minute de pe inelul cadranului, indicatorii de func\u021bie de pe lateralul ecranului LCD, cus\u0103turile \u0219i partea superioar\u0103 \u0219i inferioar\u0103 a curelei. Ambele p\u0103r\u021bi ale curelei sunt fabricate din Alcantara, iar caracteristicile speciale de design includ o imagine gravat\u0103 cu laser a unei supape \u0219i a unei biele a unui motor de curse Honda. Logourile HRC \u0219i Honda \u00eempodobesc cadranul, cureaua, spatele carcasei \u0219i alte elemente, aduc\u00e2nd spiritul de curse Honda la \u00eencheietura m\u00e2inii.<\/p>\n<p>Bazat pe modelul EDIFICE SOSPENSIONE ECB-2000, ceasul folose\u0219te fibr\u0103 de carbon pentru bezel \u0219i r\u0103\u0219in\u0103 armat\u0103 cu fibr\u0103 de carbon pentru carcas\u0103, av\u00e2nd un design unic inspirat de suspensia cu patru bra\u021be utilizat\u0103 la ma\u0219inile de curse.<\/p>\n<p>Sincronizarea smartphone-ului prin Bluetooth\u00ae asigur\u0103 o cronometrare precis\u0103 cu ajust\u0103ri automate. Accesa\u021bi aplica\u021bia pentru a gestiona cu u\u0219urin\u021b\u0103 numeroasele func\u021bii ale ceasului. O baterie Tough Solar asigur\u0103 func\u021bionalitatea complet\u0103 a acestui ceas pe care v\u0103 pute\u021bi baza cu adev\u0103rat.<\/p>\n<p>HRC este lider \u00een domeniul curselor, care se afl\u0103 \u00een centrul ADN-ului Honda. Colaborarea dintre EDIFICE \u0219i HRC, ambele companii japoneze, se dezvolt\u0103 din 2018 datorit\u0103 unui angajament comun de a valorifica capabilit\u0103\u021bile de \u00eenalt\u0103 tehnologie \u00een opera\u021biunile lor globale.<\/p>","protected":false},"excerpt":{"rendered":"<p>Experimenta\u021bi pasiunea spiritului HRC (Honda Racing Corporation) \u00een ceasul de \u00eenalt\u0103 performan\u021b\u0103 EDIFICE, \u00een culorile ro\u0219u, albastru \u0219i alb, care \u00eentruchipeaz\u0103 viteza \u0219i inteligen\u021ba pe circuit. Acest ceas aduce un omagiu victoriilor palpitante ob\u021binute de HRC pe cele mai mari circuite din lume cu designul s\u0103u tricolor distinctiv, creat sub \u00eendrumarea Honda. Designul prezint\u0103 elemente [&hellip;]<\/p>\n","protected":false},"featured_media":57687,"comment_status":"closed","ping_status":"open","template":"","meta":{"_acf_changed":false},"product_brand":[],"product_cat":[27,20,536],"product_tag":[],"class_list":{"0":"post-57686","1":"product","2":"type-product","3":"status-publish","4":"has-post-thumbnail","6":"product_cat-casio","7":"product_cat-ceasuri-barbati","8":"product_cat-edifice","9":"pa_brand-casio","10":"pa_brand-edifice","11":"pa_braslet-textile","12":"pa_corpus-48-mm","13":"pa_forma-rotund","14":"pa_funcii-alarma","15":"pa_funcii-bluetooth-smart","16":"pa_funcii-calendar","17":"pa_funcii-cronometru","18":"pa_funcii-iluminare","19":"pa_funcii-rezerva-de-energie","20":"pa_funcii-timp-mondial","21":"pa_garatia-24-luni","22":"pa_korpus-negru","23":"pa_kvarc-quartz","24":"pa_material-carbon","25":"pa_material-otel-inoxidabil","26":"pa_mehanizm-baterie-solara","27":"pa_mehanizm-electronic","28":"pa_mehanizm-quartz","29":"pa_remeshok-alb","30":"pa_remeshok-albastru","31":"pa_remeshok-rosu","32":"pa_steklo-cristal-safir","33":"pa_strana-japonia","34":"pa_voda-10-atm","36":"first","37":"outofstock","38":"purchasable","39":"product-type-simple"},"acf":[],"_links":{"self":[{"href":"https:\/\/ceasuri.md\/ru\/wp-json\/wp\/v2\/product\/57686","targetHints":{"allow":["GET"]}}],"collection":[{"href":"https:\/\/ceasuri.md\/ru\/wp-json\/wp\/v2\/product"}],"about":[{"href":"https:\/\/ceasuri.md\/ru\/wp-json\/wp\/v2\/types\/product"}],"replies":[{"embeddable":true,"href":"https:\/\/ceasuri.md\/ru\/wp-json\/wp\/v2\/comments?post=57686"}],"wp:featuredmedia":[{"embeddable":true,"href":"https:\/\/ceasuri.md\/ru\/wp-json\/wp\/v2\/media\/57687"}],"wp:attachment":[{"href":"https:\/\/ceasuri.md\/ru\/wp-json\/wp\/v2\/media?parent=57686"}],"wp:term":[{"taxonomy":"product_brand","embeddable":true,"href":"https:\/\/ceasuri.md\/ru\/wp-json\/wp\/v2\/product_brand?post=57686"},{"taxonomy":"product_cat","embeddable":true,"href":"https:\/\/ceasuri.md\/ru\/wp-json\/wp\/v2\/product_cat?post=57686"},{"taxonomy":"product_tag","embeddable":true,"href":"https:\/\/ceasuri.md\/ru\/wp-json\/wp\/v2\/product_tag?post=57686"}],"curies":[{"name":"wp","href":"https:\/\/api.w.org\/{rel}","templated":true}]}}