{"id":57681,"date":"2026-04-03T00:42:49","date_gmt":"2026-04-02T21:42:49","guid":{"rendered":"http:\/\/new.ceasuri.md\/shop\/uncategorized\/casio-g-shock-gd-b500-7er\/"},"modified":"2026-04-20T01:47:04","modified_gmt":"2026-04-19T22:47:04","slug":"casio-g-shock-gd-b500-7er","status":"publish","type":"product","link":"https:\/\/ceasuri.md\/ru\/shop\/branduri\/casio\/casio-g-shock-gd-b500-7er\/","title":{"rendered":"\u0427\u0430\u0441\u044b CASIO G-SHOCK GD-B500-7ER"},"content":{"rendered":"<p>Un ceas compact cu un design \u00eendr\u0103zne\u021b \u0219i simplu &#8211; stilul viitorului.<\/p>\n<p>Ceasul digital durabil GD-B500 se sub\u021biaz\u0103 pentru a satisface nevoile moderne, oferind exact ceea ce ave\u021bi nevoie de la un ceas cu un design minimalist \u0219i o not\u0103 futurist\u0103.<\/p>\n<p>Acest model este semnificativ mai mic dec\u00e2t modelele anterioare. \u00cen ciuda dimensiunilor sale compacte, dispune de Bluetooth, \u00eenc\u0103rcare solar\u0103 \u0219i pedometru, astfel \u00eenc\u00e2t s\u0103 v\u0103 pute\u021bi urm\u0103ri cu u\u0219urin\u021b\u0103 antrenamentele zilnice. Pedometrul m\u0103soar\u0103 pa\u0219ii de la 0 la 999.999. Valorile obiectivelor variaz\u0103 de la 1.000 la 50.000. Este disponibil\u0103 o afi\u0219are grafic\u0103 a pa\u0219ilor efectua\u021bi \u00een ultimele 7 ore. O reamintire sonor\u0103 v\u0103 avertizeaz\u0103 asupra inactivit\u0103\u021bii \u0219i a atingerii obiectivelor.<\/p>\n<p>Tehnologia wireless Bluetooth\u00ae cu consum ultra-redus de energie se sincronizeaz\u0103 cu smartphone-ul dvs. C\u00e2nd este conectat la smartphone, ceasul seteaz\u0103 automat ora curent\u0103, copiind set\u0103rile de or\u0103 mondial\u0103 pentru peste 300 de ora\u0219e. Caracteristicile includ dezactivare\/activare sunet, economisire energie \u0219i g\u0103sire telefon. Este inclus \u0219i un indicator de baterie.<\/p>\n<p>\u0218i toate acestea \u00eentr-un corp at\u00e2t de compact!<\/p>","protected":false},"excerpt":{"rendered":"<p>Un ceas compact cu un design \u00eendr\u0103zne\u021b \u0219i simplu &#8211; stilul viitorului. Ceasul digital durabil GD-B500 se sub\u021biaz\u0103 pentru a satisface nevoile moderne, oferind exact ceea ce ave\u021bi nevoie de la un ceas cu un design minimalist \u0219i o not\u0103 futurist\u0103. Acest model este semnificativ mai mic dec\u00e2t modelele anterioare. \u00cen ciuda dimensiunilor sale compacte, [&hellip;]<\/p>\n","protected":false},"featured_media":57682,"comment_status":"closed","ping_status":"open","template":"","meta":{"_acf_changed":false},"product_brand":[],"product_cat":[27,20,419],"product_tag":[],"class_list":{"0":"post-57681","1":"product","2":"type-product","3":"status-publish","4":"has-post-thumbnail","6":"product_cat-casio","7":"product_cat-ceasuri-barbati","8":"product_cat-g-shock","9":"pa_brand-casio","10":"pa_brand-g-shock","11":"pa_braslet-plastic","12":"pa_corpus-46x42-mm","13":"pa_forma-octogonala","14":"pa_funcii-alarma","15":"pa_funcii-bluetooth-smart","16":"pa_funcii-calendar","17":"pa_funcii-cronometru","18":"pa_funcii-dual-time","19":"pa_funcii-pedometru","20":"pa_funcii-rezerva-de-energie","21":"pa_garatia-24-luni","22":"pa_korpus-alb","23":"pa_kvarc-quartz","24":"pa_material-plastic","25":"pa_mehanizm-electronic","26":"pa_remeshok-alb","27":"pa_steklo-cristal-mineral","28":"pa_strana-japonia","29":"pa_voda-20-atm","31":"first","32":"instock","33":"purchasable","34":"product-type-simple"},"acf":[],"_links":{"self":[{"href":"https:\/\/ceasuri.md\/ru\/wp-json\/wp\/v2\/product\/57681","targetHints":{"allow":["GET"]}}],"collection":[{"href":"https:\/\/ceasuri.md\/ru\/wp-json\/wp\/v2\/product"}],"about":[{"href":"https:\/\/ceasuri.md\/ru\/wp-json\/wp\/v2\/types\/product"}],"replies":[{"embeddable":true,"href":"https:\/\/ceasuri.md\/ru\/wp-json\/wp\/v2\/comments?post=57681"}],"wp:featuredmedia":[{"embeddable":true,"href":"https:\/\/ceasuri.md\/ru\/wp-json\/wp\/v2\/media\/57682"}],"wp:attachment":[{"href":"https:\/\/ceasuri.md\/ru\/wp-json\/wp\/v2\/media?parent=57681"}],"wp:term":[{"taxonomy":"product_brand","embeddable":true,"href":"https:\/\/ceasuri.md\/ru\/wp-json\/wp\/v2\/product_brand?post=57681"},{"taxonomy":"product_cat","embeddable":true,"href":"https:\/\/ceasuri.md\/ru\/wp-json\/wp\/v2\/product_cat?post=57681"},{"taxonomy":"product_tag","embeddable":true,"href":"https:\/\/ceasuri.md\/ru\/wp-json\/wp\/v2\/product_tag?post=57681"}],"curies":[{"name":"wp","href":"https:\/\/api.w.org\/{rel}","templated":true}]}}