{"id":57676,"date":"2026-04-03T00:42:49","date_gmt":"2026-04-02T21:42:49","guid":{"rendered":"http:\/\/new.ceasuri.md\/shop\/uncategorized\/casio-collection-ws-b1000-1avef\/"},"modified":"2026-04-20T01:47:04","modified_gmt":"2026-04-19T22:47:04","slug":"casio-collection-ws-b1000-1avef","status":"publish","type":"product","link":"https:\/\/ceasuri.md\/ru\/shop\/branduri\/casio\/casio-collection-ws-b1000-1avef\/","title":{"rendered":"\u0427\u0430\u0441\u044b CASIO COLLECTION WS-B1000-1AVEF"},"content":{"rendered":"<p>Simplitatea designului \u0219i func\u021bionalitatea \u00ee\u021bi vor face via\u021ba de zi cu zi \u0219i mai convenabil\u0103. Acest ceas digital elegant \u0219i compact, cu conectivitate Bluetooth\u00ae, este partenerul perfect pentru activit\u0103\u021bile zilnice, antrenamente sau fitness.<\/p>\n<p>Este dotat cu un cronometru cu precizie de 1\/100 de secund\u0103 \u0219i memorie pentru 200 de ture, precum \u0219i cu un pedometru pentru a-\u021bi urm\u0103ri activitatea fizic\u0103 zilnic\u0103. Un accelerometru \u00eencorporat detecteaz\u0103 mi\u0219carea corpului \u0219i num\u0103r\u0103 automat pa\u0219ii. Pe l\u00e2ng\u0103 afi\u0219area num\u0103rului zilnic de pa\u0219i pe ecranul LCD, ceasul afi\u0219eaz\u0103 un grafic care arat\u0103 progresul c\u0103tre obiectivele tale. Acest ceas \u00ee\u021bi va sus\u021bine cu siguran\u021b\u0103 stilul de via\u021b\u0103 activ.<\/p>\n<p>Conectarea cu smartphone-ul prin Bluetooth\u00ae asigur\u0103 ajustarea automat\u0103 a orei \u0219i \u00ee\u021bi permite s\u0103 setezi cu u\u0219urin\u021b\u0103 alarme, ceasul mondial \u0219i alte func\u021bii din aplica\u021bie. Num\u0103rul de pa\u0219i \u0219i timpul m\u0103surat pe ceas pot fi transferate \u0219i vizualizate pe telefon. Folose\u0219te aceste date \u00eenregistrate pentru a-\u021bi planifica antrenamentele zilnice \u0219i a-\u021bi men\u021bine s\u0103n\u0103tatea.<\/p>\n<p>Designul sub\u021bire \u0219i compact, cu buton frontal, faciliteaz\u0103 gestionarea datelor de antrenament, \u00een timp ce cureaua perforat\u0103 din uretan ofer\u0103 respirabilitate, o potrivire confortabil\u0103 \u0219i libertate de mi\u0219care.<\/p>\n<p>Rezisten\u021ba la ap\u0103 de p\u00e2n\u0103 la 100 de metri v\u0103 va proteja chiar \u0219i \u00een cazul unei ploi bru\u0219te.<\/p>","protected":false},"excerpt":{"rendered":"<p>Simplitatea designului \u0219i func\u021bionalitatea \u00ee\u021bi vor face via\u021ba de zi cu zi \u0219i mai convenabil\u0103. Acest ceas digital elegant \u0219i compact, cu conectivitate Bluetooth\u00ae, este partenerul perfect pentru activit\u0103\u021bile zilnice, antrenamente sau fitness. Este dotat cu un cronometru cu precizie de 1\/100 de secund\u0103 \u0219i memorie pentru 200 de ture, precum \u0219i cu un pedometru [&hellip;]<\/p>\n","protected":false},"featured_media":57677,"comment_status":"closed","ping_status":"open","template":"","meta":{"_acf_changed":false},"product_brand":[],"product_cat":[27,20],"product_tag":[],"class_list":{"0":"post-57676","1":"product","2":"type-product","3":"status-publish","4":"has-post-thumbnail","6":"product_cat-casio","7":"product_cat-ceasuri-barbati","8":"pa_brand-casio","9":"pa_braslet-plastic","10":"pa_corpus-41x46mm","11":"pa_forma-octogonala","12":"pa_funcii-accelerometru","13":"pa_funcii-alarma","14":"pa_funcii-bluetooth-smart","15":"pa_funcii-calendar","16":"pa_funcii-cronometru","17":"pa_funcii-dual-time","18":"pa_funcii-iluminare","19":"pa_funcii-pedometru","20":"pa_garatia-24-luni","21":"pa_korpus-gri","22":"pa_korpus-negru","23":"pa_kvarc-quartz","24":"pa_material-plastic","25":"pa_mehanizm-electronic","26":"pa_remeshok-negru","27":"pa_steklo-plastic","28":"pa_strana-japonia","29":"pa_voda-10-atm","31":"first","32":"instock","33":"purchasable","34":"product-type-simple"},"acf":[],"_links":{"self":[{"href":"https:\/\/ceasuri.md\/ru\/wp-json\/wp\/v2\/product\/57676","targetHints":{"allow":["GET"]}}],"collection":[{"href":"https:\/\/ceasuri.md\/ru\/wp-json\/wp\/v2\/product"}],"about":[{"href":"https:\/\/ceasuri.md\/ru\/wp-json\/wp\/v2\/types\/product"}],"replies":[{"embeddable":true,"href":"https:\/\/ceasuri.md\/ru\/wp-json\/wp\/v2\/comments?post=57676"}],"wp:featuredmedia":[{"embeddable":true,"href":"https:\/\/ceasuri.md\/ru\/wp-json\/wp\/v2\/media\/57677"}],"wp:attachment":[{"href":"https:\/\/ceasuri.md\/ru\/wp-json\/wp\/v2\/media?parent=57676"}],"wp:term":[{"taxonomy":"product_brand","embeddable":true,"href":"https:\/\/ceasuri.md\/ru\/wp-json\/wp\/v2\/product_brand?post=57676"},{"taxonomy":"product_cat","embeddable":true,"href":"https:\/\/ceasuri.md\/ru\/wp-json\/wp\/v2\/product_cat?post=57676"},{"taxonomy":"product_tag","embeddable":true,"href":"https:\/\/ceasuri.md\/ru\/wp-json\/wp\/v2\/product_tag?post=57676"}],"curies":[{"name":"wp","href":"https:\/\/api.w.org\/{rel}","templated":true}]}}