{"id":57659,"date":"2026-04-03T00:42:49","date_gmt":"2026-04-02T21:42:49","guid":{"rendered":"http:\/\/new.ceasuri.md\/shop\/uncategorized\/orient-sports-mako-40-ra-ac0q01b30b\/"},"modified":"2026-04-20T01:46:53","modified_gmt":"2026-04-19T22:46:53","slug":"orient-sports-mako-40-ra-ac0q01b30b","status":"publish","type":"product","link":"https:\/\/ceasuri.md\/ru\/shop\/branduri\/orient\/orient-sports-mako-40-ra-ac0q01b30b\/","title":{"rendered":"\u0427\u0430\u0441\u044b ORIENT SPORTS Mako 40 RA-AC0Q01B30B"},"content":{"rendered":"<p>Ceasul b\u0103rb\u0103tesc Orient Mako cap\u0103t\u0103 o lumin\u0103 complet nou\u0103, nea\u0219teptat\u0103, care \u00eei va surprinde chiar \u0219i pe cei mai devota\u021bi fani ai brandului.<\/p>\n<p>Caracteristica cheie a acestei icoane actualizate este carcasa compact\u0103 de 40 mm \u0219i designul modern, simplist \u0219i distinct. \u00cendep\u0103rtarea deliberat\u0103 a g\u0103rzilor tradi\u021bionale ale coroanei \u0219i o fereastr\u0103 minimalist\u0103 pentru dat\u0103 confer\u0103 accesoriului un aspect discret \u0219i rafinat. Acest lucru face ca ceasul s\u0103 fie companionul perfect pentru orice ocazie &#8211; de la \u00eent\u00e2lniri de afaceri formale la \u00eent\u00e2lniri informale.<\/p>\n<p>\u00cen ciuda aspectului s\u0103u nou \u0219i rafinat, modelul \u00ee\u0219i p\u0103streaz\u0103 puterea legendar\u0103: rezisten\u021ba impresionant\u0103 la ap\u0103 p\u00e2n\u0103 la 200 de metri \u0219i mecanismul automat fiabil F6722 garanteaz\u0103 o precizie impecabil\u0103 \u00een orice condi\u021bii.<\/p>\n<p>Acesta este un accesoriu pentru b\u0103rba\u021bii exigen\u021bi care apreciaz\u0103 func\u021bionalitatea \u00eentr-o estetic\u0103 minimalist\u0103.<\/p>","protected":false},"excerpt":{"rendered":"<p>Ceasul b\u0103rb\u0103tesc Orient Mako cap\u0103t\u0103 o lumin\u0103 complet nou\u0103, nea\u0219teptat\u0103, care \u00eei va surprinde chiar \u0219i pe cei mai devota\u021bi fani ai brandului. Caracteristica cheie a acestei icoane actualizate este carcasa compact\u0103 de 40 mm \u0219i designul modern, simplist \u0219i distinct. \u00cendep\u0103rtarea deliberat\u0103 a g\u0103rzilor tradi\u021bionale ale coroanei \u0219i o fereastr\u0103 minimalist\u0103 pentru dat\u0103 confer\u0103 [&hellip;]<\/p>\n","protected":false},"featured_media":57660,"comment_status":"closed","ping_status":"open","template":"","meta":{"_acf_changed":false},"product_brand":[],"product_cat":[20,596],"product_tag":[],"class_list":{"0":"post-57659","1":"product","2":"type-product","3":"status-publish","4":"has-post-thumbnail","6":"product_cat-ceasuri-barbati","7":"product_cat-orient","8":"pa_brand-orient","9":"pa_braslet-otel-inoxidabil","10":"pa_corpus-40-mm","11":"pa_forma-rotund","12":"pa_funcii-data","13":"pa_garatia-24-luni","14":"pa_korpus-argintiu","15":"pa_material-otel-inoxidabil","16":"pa_mehanizm-mecanic","17":"pa_mehanizm-mecanism-automatic","18":"pa_remeshok-argintiu","19":"pa_steklo-cristal-safir","20":"pa_strana-japonia","21":"pa_voda-20-atm","23":"first","24":"instock","25":"purchasable","26":"product-type-simple"},"acf":[],"_links":{"self":[{"href":"https:\/\/ceasuri.md\/ru\/wp-json\/wp\/v2\/product\/57659","targetHints":{"allow":["GET"]}}],"collection":[{"href":"https:\/\/ceasuri.md\/ru\/wp-json\/wp\/v2\/product"}],"about":[{"href":"https:\/\/ceasuri.md\/ru\/wp-json\/wp\/v2\/types\/product"}],"replies":[{"embeddable":true,"href":"https:\/\/ceasuri.md\/ru\/wp-json\/wp\/v2\/comments?post=57659"}],"wp:featuredmedia":[{"embeddable":true,"href":"https:\/\/ceasuri.md\/ru\/wp-json\/wp\/v2\/media\/57660"}],"wp:attachment":[{"href":"https:\/\/ceasuri.md\/ru\/wp-json\/wp\/v2\/media?parent=57659"}],"wp:term":[{"taxonomy":"product_brand","embeddable":true,"href":"https:\/\/ceasuri.md\/ru\/wp-json\/wp\/v2\/product_brand?post=57659"},{"taxonomy":"product_cat","embeddable":true,"href":"https:\/\/ceasuri.md\/ru\/wp-json\/wp\/v2\/product_cat?post=57659"},{"taxonomy":"product_tag","embeddable":true,"href":"https:\/\/ceasuri.md\/ru\/wp-json\/wp\/v2\/product_tag?post=57659"}],"curies":[{"name":"wp","href":"https:\/\/api.w.org\/{rel}","templated":true}]}}